{"id":11,"date":"2021-07-16T10:11:35","date_gmt":"2021-07-16T10:11:35","guid":{"rendered":"http:\/\/cube-bioecon.org\/de\/?page_id=11"},"modified":"2021-07-16T10:32:06","modified_gmt":"2021-07-16T10:32:06","slug":"kurzbeschreibung-des-projekts","status":"publish","type":"page","link":"http:\/\/cube-bioecon.org\/de\/","title":{"rendered":"Kurzbeschreibung des Projekts"},"content":{"rendered":"\n<p>Die Bio\u00f6konomie kann als Grundlage f\u00fcr nachhaltigere Produktionssysteme und eine effizientere Nutzung nat\u00fcrlicher Ressourcen dienen. Die Region Lateinamerika und Karibik hat ein hohes Potenzial f\u00fcr die nachhaltige Nutzung ihres enormen nat\u00fcrlichen Reichtums; zugleich existieren jedoch Faktoren, die die M\u00f6glichkeiten der Bio\u00f6konomie einschr\u00e4nken, wie z.B. das Fehlen von Regulierungen, der begrenzte Marktzugang, fehlende Finanzierungsm\u00f6glichkeiten sowie unzureichende Forschungs- und Entwicklungskapazit\u00e4ten. Kuba ist von dieser allgemeinen Situation nicht ausgenommen. Seit einigen Jahren f\u00f6rdert die Insel jedoch eine Agrar-, Technologie- und sozio\u00f6konomische Politik, die mit der bio\u00f6konomischen Perspektive im Einklang steht. In diesem Zusammenhang stellen sich zwei Fragen: Wie k\u00f6nnen die kubanischen Agrarsysteme und die Wissens- und Technologiebasis so gest\u00e4rkt werden, dass eine territoriale Entwicklung auf Grundlage der Bio\u00f6konomie erm\u00f6glicht wird, und welche Transformationspfade in diese Richtung sind m\u00f6glich und w\u00fcnschenswert?<\/p>\n\n\n\n<p>Das Projekt Cuban BioEconomy (CUBE) zielt darauf ab, den inter- und transdisziplin\u00e4ren Austausch zwischen Akteuren der Landwirtschaft und der Bio\u00f6konomie in Kuba und Deutschland zu f\u00f6rdern, um Wege zur Entwicklung und Konsolidierung von Wertsch\u00f6pfungsnetzwerken zu erforschen, die zu einer territorialen Entwicklung beitragen k\u00f6nnen. Eine derart gestaltete Bio\u00f6konomie kann einen wichtigen Beitrag zur Bek\u00e4mpfung des Klimawandels und zur Ern\u00e4hrungssicherung v.a. in Kuba leisten. Ausgangspunkt des Vorhabens sind bestehende Kooperationen zwischen den deutschen und kubanischen Projektpartnern auf dem Gebiet der Bio\u00f6konomie, die nun sowohl inhaltlich und im Umfang ausgebaut als auch im Sinne einer langfristigen und dauerhaften Zusammenarbeit entwickelt werden sollen.<\/p>\n\n\n\n<div class=\"wp-block-media-text alignwide has-media-on-the-right is-stacked-on-mobile\" style=\"grid-template-columns:auto 34%\"><figure class=\"wp-block-media-text__media\"><img loading=\"lazy\" decoding=\"async\" width=\"1024\" height=\"634\" src=\"http:\/\/cube-bioecon.org\/de\/wp-content\/uploads\/sites\/3\/2021\/07\/1200px-BMBF_Logo.svg_-1024x634.png\" alt=\"\" class=\"wp-image-36 size-full\" srcset=\"http:\/\/cube-bioecon.org\/de\/wp-content\/uploads\/sites\/3\/2021\/07\/1200px-BMBF_Logo.svg_-1024x634.png 1024w, http:\/\/cube-bioecon.org\/de\/wp-content\/uploads\/sites\/3\/2021\/07\/1200px-BMBF_Logo.svg_-300x186.png 300w, http:\/\/cube-bioecon.org\/de\/wp-content\/uploads\/sites\/3\/2021\/07\/1200px-BMBF_Logo.svg_-768x476.png 768w, http:\/\/cube-bioecon.org\/de\/wp-content\/uploads\/sites\/3\/2021\/07\/1200px-BMBF_Logo.svg_.png 1200w\" sizes=\"auto, (max-width: 767px) 89vw, (max-width: 1000px) 54vw, (max-width: 1071px) 543px, 580px\" \/><\/figure><div class=\"wp-block-media-text__content\">\n<p><strong>Laufzeit:<\/strong> 01.07.2021 \u2013 30.06.2023<\/p>\n\n\n\n<p><strong>Finanzier: <\/strong>Bundesministerium f\u00fcr Bildung und Forschung (BMBF)<\/p>\n<\/div><\/div>\n\n\n\n<p><\/p>\n","protected":false},"excerpt":{"rendered":"<p>Die Bio\u00f6konomie kann als Grundlage f\u00fcr nachhaltigere Produktionssysteme und eine effizientere Nutzung nat\u00fcrlicher Ressourcen dienen. Die Region Lateinamerika und Karibik hat ein hohes Potenzial f\u00fcr die nachhaltige Nutzung ihres enormen nat\u00fcrlichen Reichtums; zugleich existieren jedoch Faktoren, die die M\u00f6glichkeiten der Bio\u00f6konomie einschr\u00e4nken, wie z.B. das Fehlen von Regulierungen, der begrenzte Marktzugang, fehlende Finanzierungsm\u00f6glichkeiten sowie unzureichende &hellip; <\/p>\n<p class=\"link-more\"><a href=\"http:\/\/cube-bioecon.org\/de\/\" class=\"more-link\"><span class=\"screen-reader-text\">\u201eKurzbeschreibung des Projekts\u201c <\/span>weiterlesen<\/a><\/p>\n","protected":false},"author":1,"featured_media":0,"parent":0,"menu_order":0,"comment_status":"closed","ping_status":"closed","template":"","meta":{"footnotes":""},"class_list":["post-11","page","type-page","status-publish","hentry"],"_links":{"self":[{"href":"http:\/\/cube-bioecon.org\/de\/wp-json\/wp\/v2\/pages\/11","targetHints":{"allow":["GET"]}}],"collection":[{"href":"http:\/\/cube-bioecon.org\/de\/wp-json\/wp\/v2\/pages"}],"about":[{"href":"http:\/\/cube-bioecon.org\/de\/wp-json\/wp\/v2\/types\/page"}],"author":[{"embeddable":true,"href":"http:\/\/cube-bioecon.org\/de\/wp-json\/wp\/v2\/users\/1"}],"replies":[{"embeddable":true,"href":"http:\/\/cube-bioecon.org\/de\/wp-json\/wp\/v2\/comments?post=11"}],"version-history":[{"count":2,"href":"http:\/\/cube-bioecon.org\/de\/wp-json\/wp\/v2\/pages\/11\/revisions"}],"predecessor-version":[{"id":38,"href":"http:\/\/cube-bioecon.org\/de\/wp-json\/wp\/v2\/pages\/11\/revisions\/38"}],"wp:attachment":[{"href":"http:\/\/cube-bioecon.org\/de\/wp-json\/wp\/v2\/media?parent=11"}],"curies":[{"name":"wp","href":"https:\/\/api.w.org\/{rel}","templated":true}]}}