{"id":121,"date":"2021-10-15T09:11:10","date_gmt":"2021-10-15T09:11:10","guid":{"rendered":"http:\/\/cube-bioecon.org\/de\/?page_id=121"},"modified":"2022-05-11T08:56:06","modified_gmt":"2022-05-11T08:56:06","slug":"team4","status":"publish","type":"page","link":"http:\/\/cube-bioecon.org\/de\/partner-in-kuba\/team4\/","title":{"rendered":"Team"},"content":{"rendered":"\n<div class=\"wp-block-media-text alignwide is-stacked-on-mobile\" style=\"grid-template-columns:27% auto\"><figure class=\"wp-block-media-text__media\"><img loading=\"lazy\" decoding=\"async\" width=\"768\" height=\"1024\" src=\"http:\/\/cube-bioecon.org\/de\/wp-content\/uploads\/sites\/3\/2021\/10\/IMG_20210423_0744491-768x1024.jpg\" alt=\"\" class=\"wp-image-122 size-full\" srcset=\"http:\/\/cube-bioecon.org\/de\/wp-content\/uploads\/sites\/3\/2021\/10\/IMG_20210423_0744491-768x1024.jpg 768w, http:\/\/cube-bioecon.org\/de\/wp-content\/uploads\/sites\/3\/2021\/10\/IMG_20210423_0744491-225x300.jpg 225w, http:\/\/cube-bioecon.org\/de\/wp-content\/uploads\/sites\/3\/2021\/10\/IMG_20210423_0744491-1152x1536.jpg 1152w, http:\/\/cube-bioecon.org\/de\/wp-content\/uploads\/sites\/3\/2021\/10\/IMG_20210423_0744491-1536x2048.jpg 1536w, http:\/\/cube-bioecon.org\/de\/wp-content\/uploads\/sites\/3\/2021\/10\/IMG_20210423_0744491-scaled.jpg 1920w\" sizes=\"auto, (max-width: 767px) 89vw, (max-width: 1000px) 54vw, (max-width: 1071px) 543px, 580px\" \/><\/figure><div class=\"wp-block-media-text__content\">\n<p class=\"has-small-font-size\"><strong>Rolando Ram\u00f3n Vega Delgado<\/strong>, Agrarwissenschaftler (2014) von der Universit\u00e4t Oscar Lucero Moya in Holgu\u00edn, ist Spezialist f\u00fcr Wissenschaft, Technologie und Umwelt in der Beratungsstelle f\u00fcr landwirtschaftliche Forschung und Ausbildung (UEICA-H) in Holgu\u00edn. Dort koordiniert er verschiedene Projekte und Aktivit\u00e4ten im Bereich der Forschung und leitet die Umweltaktivit\u00e4ten zur F\u00f6rderung der biologischen Vielfalt angesichts des Klimawandels. Er nimmt an Projekten mit verschiedenen Forschungsinstituten in Kuba teil, wie dem Liliana Dimitrova Horticultural Research Institute und dem National Institute of Agricultural Sciences. Zurzeit absolviert sie ein Postgraduiertenstudium, das sich auf lokale landwirtschaftliche Innovationssysteme spezialisiert.\u00a0<\/p>\n<\/div><\/div>\n\n\n\n<p><\/p>\n\n\n\n<div class=\"wp-block-media-text alignwide is-stacked-on-mobile\" style=\"grid-template-columns:28% auto\"><figure class=\"wp-block-media-text__media\"><img loading=\"lazy\" decoding=\"async\" width=\"310\" height=\"300\" src=\"http:\/\/cube-bioecon.org\/de\/wp-content\/uploads\/sites\/3\/2021\/11\/6DFD3F8E-E222-42A3-9343-9197A3170038_1_201_a-1-907x1024-1.png\" alt=\"\" class=\"wp-image-128 size-full\" srcset=\"http:\/\/cube-bioecon.org\/de\/wp-content\/uploads\/sites\/3\/2021\/11\/6DFD3F8E-E222-42A3-9343-9197A3170038_1_201_a-1-907x1024-1.png 310w, http:\/\/cube-bioecon.org\/de\/wp-content\/uploads\/sites\/3\/2021\/11\/6DFD3F8E-E222-42A3-9343-9197A3170038_1_201_a-1-907x1024-1-300x290.png 300w\" sizes=\"auto, (max-width: 310px) 100vw, 310px\" \/><\/figure><div class=\"wp-block-media-text__content\">\n<p class=\"has-small-font-size\"><strong>Julio Reyes Mesa<\/strong>, B.Sc. in Rechnungswesen (1985) von der Universit\u00e4t Holgu\u00edn. Er war Hauptbuchhalter bei der Empresa de Suministros Agropecuarios de Holgu\u00edn (1988-1990) und \u00d6konom an der Provinzialschule des Landwirtschaftsministeriums (1990-2000). Seit 2000 ist er bei der UEICAH t\u00e4tig, wo er bis 2013 stellvertretender Wirtschaftsdirektor war und derzeit als Spezialist f\u00fcr lokale Entwicklungsprojekte arbeitet. Er ist Absolvent von Grundkursen f\u00fcr die finanzielle Abwicklung von Projekten (2003-2014), die von verschiedenen kubanischen Institutionen durchgef\u00fchrt wurden. Dies erm\u00f6glicht es ihm, als Buchhalter f\u00fcr verschiedene internationale Projekte zu arbeiten, wie z. B. Biomas-Cuba, St\u00e4rkung des landwirtschaftlichen Innovationssystems in der lokalen Entwicklung (PIAL), Unterst\u00fctzung der Kleinindustrie f\u00fcr lokale Futtermittel und nat\u00fcrliche Tiernahrungserg\u00e4nzungen und Verbesserung der Nahrungsmittelverf\u00fcgbarkeit &#8211; Santiago de Cuba und Guant\u00e1namo, an denen nationale und internationale Organisationen beteiligt sind.<\/p>\n<\/div><\/div>\n\n\n\n<p><\/p>\n\n\n\n<div class=\"wp-block-media-text alignwide is-stacked-on-mobile\" style=\"grid-template-columns:27% auto\"><figure class=\"wp-block-media-text__media\"><img loading=\"lazy\" decoding=\"async\" width=\"500\" height=\"800\" src=\"http:\/\/cube-bioecon.org\/de\/wp-content\/uploads\/sites\/3\/2022\/05\/IMG-9801.jpg\" alt=\"\" class=\"wp-image-150 size-full\" srcset=\"http:\/\/cube-bioecon.org\/de\/wp-content\/uploads\/sites\/3\/2022\/05\/IMG-9801.jpg 500w, http:\/\/cube-bioecon.org\/de\/wp-content\/uploads\/sites\/3\/2022\/05\/IMG-9801-188x300.jpg 188w\" sizes=\"auto, (max-width: 500px) 100vw, 500px\" \/><\/figure><div class=\"wp-block-media-text__content\">\n<p class=\"has-small-font-size\"><strong>Leoncio Gee Colombat<\/strong>, Ingenieur f\u00fcr agroindustrielle Prozesse (2013) von der Universit\u00e4t Holgu\u00edn, Spezialist f\u00fcr landwirtschaftliche Beratung (2018) von der Universit\u00e4t Holgu\u00edn. Er ist ein landwirtschaftlicher Berater in der Gemeinde Cueto in Holgu\u00edn. Er koordiniert lokale Entwicklungsprojekte und die Aktivit\u00e4ten in den Bereichen Wissenschaft, Innovation und landwirtschaftliche Beratung in der Gemeinde Cueto. Im Rahmen seiner Arbeit f\u00fchrt er Technologien und neue Pflanzensorten der UEICAH und anderer nationaler Institute \u00fcber das landwirtschaftliche Beratungssystem der UEICAH ein und arbeitet eng mit der Universit\u00e4t von Holgu\u00edn bei der Ausbildung neuer landwirtschaftlicher Beratungsspezialisten zusammen.<\/p>\n<\/div><\/div>\n","protected":false},"excerpt":{"rendered":"<p>Rolando Ram\u00f3n Vega Delgado, Agrarwissenschaftler (2014) von der Universit\u00e4t Oscar Lucero Moya in Holgu\u00edn, ist Spezialist f\u00fcr Wissenschaft, Technologie und Umwelt in der Beratungsstelle f\u00fcr landwirtschaftliche Forschung und Ausbildung (UEICA-H) in Holgu\u00edn. Dort koordiniert er verschiedene Projekte und Aktivit\u00e4ten im Bereich der Forschung und leitet die Umweltaktivit\u00e4ten zur F\u00f6rderung der biologischen Vielfalt angesichts des Klimawandels. &hellip; <\/p>\n<p class=\"link-more\"><a href=\"http:\/\/cube-bioecon.org\/de\/partner-in-kuba\/team4\/\" class=\"more-link\"><span class=\"screen-reader-text\">\u201eTeam\u201c <\/span>weiterlesen<\/a><\/p>\n","protected":false},"author":1,"featured_media":0,"parent":22,"menu_order":0,"comment_status":"closed","ping_status":"closed","template":"","meta":{"footnotes":""},"class_list":["post-121","page","type-page","status-publish","hentry"],"_links":{"self":[{"href":"http:\/\/cube-bioecon.org\/de\/wp-json\/wp\/v2\/pages\/121","targetHints":{"allow":["GET"]}}],"collection":[{"href":"http:\/\/cube-bioecon.org\/de\/wp-json\/wp\/v2\/pages"}],"about":[{"href":"http:\/\/cube-bioecon.org\/de\/wp-json\/wp\/v2\/types\/page"}],"author":[{"embeddable":true,"href":"http:\/\/cube-bioecon.org\/de\/wp-json\/wp\/v2\/users\/1"}],"replies":[{"embeddable":true,"href":"http:\/\/cube-bioecon.org\/de\/wp-json\/wp\/v2\/comments?post=121"}],"version-history":[{"count":5,"href":"http:\/\/cube-bioecon.org\/de\/wp-json\/wp\/v2\/pages\/121\/revisions"}],"predecessor-version":[{"id":152,"href":"http:\/\/cube-bioecon.org\/de\/wp-json\/wp\/v2\/pages\/121\/revisions\/152"}],"up":[{"embeddable":true,"href":"http:\/\/cube-bioecon.org\/de\/wp-json\/wp\/v2\/pages\/22"}],"wp:attachment":[{"href":"http:\/\/cube-bioecon.org\/de\/wp-json\/wp\/v2\/media?parent=121"}],"curies":[{"name":"wp","href":"https:\/\/api.w.org\/{rel}","templated":true}]}}