{"id":14,"date":"2021-07-16T10:18:59","date_gmt":"2021-07-16T10:18:59","guid":{"rendered":"http:\/\/cube-bioecon.org\/de\/?page_id=14"},"modified":"2024-01-16T09:05:23","modified_gmt":"2024-01-16T09:05:23","slug":"projektleitung","status":"publish","type":"page","link":"http:\/\/cube-bioecon.org\/de\/projektleitung\/","title":{"rendered":"Projektleitung"},"content":{"rendered":"\n<p><strong>Projektleiter: <\/strong><\/p>\n\n\n\n<p>Prof. Dr. Oliver Fr\u00f6r, Institut f\u00fcr Umweltwissenschaften Landau, Universit\u00e4t Kaiserslautern-Landau<\/p>\n\n\n\n<p><strong>Stellvertretender projektleiter: <\/strong><\/p>\n\n\n\n<p>Dr. Manfred Denich, Zentrum f\u00fcr Entwicklungsforschung, Universit\u00e4t Bonn<\/p>\n\n\n\n<p><strong>Koordinatorin:<\/strong><\/p>\n\n\n\n<p>Dr. Galia Figueroa Alfonso, Institut f\u00fcr Umweltwissenschaften Landau, Universit\u00e4t Kaiserslautern-Landau<\/p>\n","protected":false},"excerpt":{"rendered":"<p>Projektleiter: Prof. Dr. Oliver Fr\u00f6r, Institut f\u00fcr Umweltwissenschaften Landau, Universit\u00e4t Kaiserslautern-Landau Stellvertretender projektleiter: Dr. Manfred Denich, Zentrum f\u00fcr Entwicklungsforschung, Universit\u00e4t Bonn Koordinatorin: Dr. Galia Figueroa Alfonso, Institut f\u00fcr Umweltwissenschaften Landau, Universit\u00e4t Kaiserslautern-Landau<\/p>\n","protected":false},"author":1,"featured_media":0,"parent":0,"menu_order":0,"comment_status":"closed","ping_status":"closed","template":"","meta":{"footnotes":""},"class_list":["post-14","page","type-page","status-publish","hentry"],"_links":{"self":[{"href":"http:\/\/cube-bioecon.org\/de\/wp-json\/wp\/v2\/pages\/14","targetHints":{"allow":["GET"]}}],"collection":[{"href":"http:\/\/cube-bioecon.org\/de\/wp-json\/wp\/v2\/pages"}],"about":[{"href":"http:\/\/cube-bioecon.org\/de\/wp-json\/wp\/v2\/types\/page"}],"author":[{"embeddable":true,"href":"http:\/\/cube-bioecon.org\/de\/wp-json\/wp\/v2\/users\/1"}],"replies":[{"embeddable":true,"href":"http:\/\/cube-bioecon.org\/de\/wp-json\/wp\/v2\/comments?post=14"}],"version-history":[{"count":2,"href":"http:\/\/cube-bioecon.org\/de\/wp-json\/wp\/v2\/pages\/14\/revisions"}],"predecessor-version":[{"id":161,"href":"http:\/\/cube-bioecon.org\/de\/wp-json\/wp\/v2\/pages\/14\/revisions\/161"}],"wp:attachment":[{"href":"http:\/\/cube-bioecon.org\/de\/wp-json\/wp\/v2\/media?parent=14"}],"curies":[{"name":"wp","href":"https:\/\/api.w.org\/{rel}","templated":true}]}}