{"id":17,"date":"2021-07-16T10:24:06","date_gmt":"2021-07-16T10:24:06","guid":{"rendered":"http:\/\/cube-bioecon.org\/de\/?page_id=17"},"modified":"2023-05-16T08:27:07","modified_gmt":"2023-05-16T08:27:07","slug":"partner-in-deutschland","status":"publish","type":"page","link":"http:\/\/cube-bioecon.org\/de\/partner-in-deutschland\/","title":{"rendered":"Partner in Deutschland"},"content":{"rendered":"\n<figure class=\"wp-block-image size-full\"><img loading=\"lazy\" decoding=\"async\" width=\"180\" height=\"48\" src=\"http:\/\/cube-bioecon.org\/de\/wp-content\/uploads\/sites\/3\/2023\/05\/rptu_web_logo_schwarz.jpg\" alt=\"\" class=\"wp-image-157\"\/><\/figure>\n\n\n\n<p>Das <strong>Institut f\u00fcr Umweltwissenschaften<\/strong> (<strong>iES<\/strong>; https:\/\/nuw.rptu.de\/institute\/ies), ist ein 2004 gegr\u00fcndetes interdisziplin\u00e4res Forschungszentrum an der Universit\u00e4t Koblenz-Landau, heute Kaiserslautern-Landau. Es setzt sich aus 12 Arbeitsgruppen zusammen, die naturwissenschaftliche und sozio\u00f6konomische Disziplinen abdecken und sich allgemein mit den Umweltauswirkungen menschlicher Aktivit\u00e4ten besch\u00e4ftigen. Das iES betreibt transdisziplin\u00e4re Forschung \u00fcber internationale Projekte auf drei Kontinenten, in denen es Stakeholder und Entscheidungstr\u00e4ger einbezieht, um Umweltprobleme von gesellschaftlicher Relevanz zu bew\u00e4ltigen.<\/p>\n\n\n\n<p><strong>Um die Mitglieder unseres Teams kennenzulernen, <a href=\"http:\/\/cube-bioecon.org\/de\/partner-in-deutschland\/team\/\" data-type=\"URL\" data-id=\"http:\/\/cube-bioecon.org\/de\/partner-in-deutschland\/team\/\" target=\"_blank\" rel=\"noreferrer noopener\">klicken Sie hier<\/a>.<\/strong><\/p>\n\n\n\n<p><\/p>\n\n\n\n<figure class=\"wp-block-image size-large is-resized\"><img loading=\"lazy\" decoding=\"async\" src=\"http:\/\/cube-bioecon.org\/de\/wp-content\/uploads\/sites\/3\/2021\/07\/ZEF_Logo_english-1024x252.jpg\" alt=\"\" class=\"wp-image-19\" width=\"325\" height=\"79\" srcset=\"http:\/\/cube-bioecon.org\/de\/wp-content\/uploads\/sites\/3\/2021\/07\/ZEF_Logo_english-1024x252.jpg 1024w, http:\/\/cube-bioecon.org\/de\/wp-content\/uploads\/sites\/3\/2021\/07\/ZEF_Logo_english-300x74.jpg 300w, http:\/\/cube-bioecon.org\/de\/wp-content\/uploads\/sites\/3\/2021\/07\/ZEF_Logo_english-768x189.jpg 768w, http:\/\/cube-bioecon.org\/de\/wp-content\/uploads\/sites\/3\/2021\/07\/ZEF_Logo_english.jpg 1408w\" sizes=\"auto, (max-width: 325px) 100vw, 325px\" \/><\/figure>\n\n\n\n<p>Das <strong>Zentrum f\u00fcr Entwicklungsforschung<\/strong> (<strong>ZEF<\/strong>; https:\/\/www.zef.de) ist ein internationales Institut der Universit\u00e4t Bonn, das inter- und transdisziplin\u00e4re Forschung zu entwicklungspolitischen Themen betreibt. Sie verf\u00fcgt \u00fcber ein PhD-Programm (BIGS-DR; https:\/\/www.zef.de\/doctoral-program.html), das seit 1999 mehr als 700 Kandidaten aus aller Welt ausgebildet hat. Das ZEF betreibt mehrere Projekte mit Bezug zur Bio\u00f6konomie, darunter: i) Verbesserung der Ern\u00e4hrungssicherheit in Afrika durch erh\u00f6hte Systemproduktivit\u00e4t von biomassebasierten Wertsch\u00f6pfungsnetzen (BiomassWeb; https:\/\/biomassweb.org\/) und ii) Sustainable TRade and InnoVation transfer in the bioEconomy: From National Strategies to Global Sustainable Development Goals (STRIVE; <a href=\"https:\/\/strive-bioecon.de\/\">https:\/\/strive-bioecon.de\/<\/a>).<\/p>\n\n\n\n<p><strong>Um die Mitglieder unseres Teams kennenzulernen, <a href=\"http:\/\/cube-bioecon.org\/de\/partner-in-deutschland\/team-2\/\" data-type=\"URL\" data-id=\"http:\/\/cube-bioecon.org\/de\/partner-in-deutschland\/team-2\/\" target=\"_blank\" rel=\"noreferrer noopener\">klicken Sie hier<\/a>.<\/strong><\/p>\n","protected":false},"excerpt":{"rendered":"<p>Das Institut f\u00fcr Umweltwissenschaften (iES; https:\/\/nuw.rptu.de\/institute\/ies), ist ein 2004 gegr\u00fcndetes interdisziplin\u00e4res Forschungszentrum an der Universit\u00e4t Koblenz-Landau, heute Kaiserslautern-Landau. Es setzt sich aus 12 Arbeitsgruppen zusammen, die naturwissenschaftliche und sozio\u00f6konomische Disziplinen abdecken und sich allgemein mit den Umweltauswirkungen menschlicher Aktivit\u00e4ten besch\u00e4ftigen. Das iES betreibt transdisziplin\u00e4re Forschung \u00fcber internationale Projekte auf drei Kontinenten, in denen es Stakeholder &hellip; <\/p>\n<p class=\"link-more\"><a href=\"http:\/\/cube-bioecon.org\/de\/partner-in-deutschland\/\" class=\"more-link\"><span class=\"screen-reader-text\">\u201ePartner in Deutschland\u201c <\/span>weiterlesen<\/a><\/p>\n","protected":false},"author":1,"featured_media":39,"parent":0,"menu_order":0,"comment_status":"closed","ping_status":"closed","template":"","meta":{"footnotes":""},"class_list":["post-17","page","type-page","status-publish","has-post-thumbnail","hentry"],"_links":{"self":[{"href":"http:\/\/cube-bioecon.org\/de\/wp-json\/wp\/v2\/pages\/17","targetHints":{"allow":["GET"]}}],"collection":[{"href":"http:\/\/cube-bioecon.org\/de\/wp-json\/wp\/v2\/pages"}],"about":[{"href":"http:\/\/cube-bioecon.org\/de\/wp-json\/wp\/v2\/types\/page"}],"author":[{"embeddable":true,"href":"http:\/\/cube-bioecon.org\/de\/wp-json\/wp\/v2\/users\/1"}],"replies":[{"embeddable":true,"href":"http:\/\/cube-bioecon.org\/de\/wp-json\/wp\/v2\/comments?post=17"}],"version-history":[{"count":4,"href":"http:\/\/cube-bioecon.org\/de\/wp-json\/wp\/v2\/pages\/17\/revisions"}],"predecessor-version":[{"id":158,"href":"http:\/\/cube-bioecon.org\/de\/wp-json\/wp\/v2\/pages\/17\/revisions\/158"}],"wp:featuredmedia":[{"embeddable":true,"href":"http:\/\/cube-bioecon.org\/de\/wp-json\/wp\/v2\/media\/39"}],"wp:attachment":[{"href":"http:\/\/cube-bioecon.org\/de\/wp-json\/wp\/v2\/media?parent=17"}],"curies":[{"name":"wp","href":"https:\/\/api.w.org\/{rel}","templated":true}]}}