{"id":22,"date":"2021-07-16T10:28:01","date_gmt":"2021-07-16T10:28:01","guid":{"rendered":"http:\/\/cube-bioecon.org\/de\/?page_id=22"},"modified":"2021-10-15T09:12:05","modified_gmt":"2021-10-15T09:12:05","slug":"partner-in-kuba","status":"publish","type":"page","link":"http:\/\/cube-bioecon.org\/de\/partner-in-kuba\/","title":{"rendered":"Partner in Kuba"},"content":{"rendered":"\n<figure class=\"wp-block-image size-large is-resized\"><img loading=\"lazy\" decoding=\"async\" src=\"http:\/\/cube-bioecon.org\/de\/wp-content\/uploads\/sites\/3\/2021\/07\/logotipo-EEIH-ok1-300x133-1.jpg\" alt=\"\" class=\"wp-image-23\" width=\"243\" height=\"108\"\/><\/figure>\n\n\n\n<p>Die <strong>experimentelle Weide- und Futtermittelstation (Estaci\u00f3n Experimental de Pastos y Forrajes) &#8222;Indio Hatuey&#8220; (EEPFIH<\/strong>; <a href=\"https:\/\/www.ihatuey.cu\/\">https:\/\/www.ihatuey.cu\/<\/a>) der Universit\u00e4t von Matanzas, Kuba wurde 1962 gegr\u00fcndet. Es handelt sich um ein Forschungszentrum, das sozio\u00f6konomische Aspekte und das Management von technologischer Innovation in l\u00e4ndlichen Gebieten untersucht. Das Zentrum tr\u00e4gt mit agro-\u00f6kologischen Produktionsmodellen, die die Nahrungsmittel- und Energieproduktion integrieren, zur nachhaltigen lokalen Entwicklung und dem Umweltschutz bei. EEPFIH f\u00f6rdert, unter Ber\u00fccksichtigung der Gleichberechtigung der Geschlechter, die Entwicklung kohlenstoffarmer Gemeinden und verfolgt das Konzept einer Kreislaufwirtschaft, um Ern\u00e4hrungssouver\u00e4nit\u00e4t auf nachhaltige Weise zu erreichen. In CUBE wird EEPFIH daher v.a. seine Erfahrungen mit der praktischen Umsetzung von Innovationen einbringen.<\/p>\n\n\n\n<p><strong>Um die Mitglieder unseres Teams kennenzulernen, <a href=\"http:\/\/cube-bioecon.org\/de\/partner-in-kuba\/team\/\" data-type=\"URL\" data-id=\"http:\/\/cube-bioecon.org\/de\/partner-in-kuba\/team\/\" target=\"_blank\" rel=\"noreferrer noopener\">klicken Sie hier<\/a>.<\/strong><\/p>\n\n\n\n<figure class=\"wp-block-image size-large is-resized\"><img loading=\"lazy\" decoding=\"async\" src=\"http:\/\/cube-bioecon.org\/de\/wp-content\/uploads\/sites\/3\/2021\/07\/Logo-UCf-1024x780.jpg\" alt=\"\" class=\"wp-image-24\" width=\"185\" height=\"141\" srcset=\"http:\/\/cube-bioecon.org\/de\/wp-content\/uploads\/sites\/3\/2021\/07\/Logo-UCf-1024x780.jpg 1024w, http:\/\/cube-bioecon.org\/de\/wp-content\/uploads\/sites\/3\/2021\/07\/Logo-UCf-300x229.jpg 300w, http:\/\/cube-bioecon.org\/de\/wp-content\/uploads\/sites\/3\/2021\/07\/Logo-UCf-768x585.jpg 768w, http:\/\/cube-bioecon.org\/de\/wp-content\/uploads\/sites\/3\/2021\/07\/Logo-UCf.jpg 1437w\" sizes=\"auto, (max-width: 185px) 100vw, 185px\" \/><\/figure>\n\n\n\n<p>Die <strong>Universit\u00e4t von Cienfuegos (UCf<\/strong>; <a href=\"http:\/\/www.ucf.edu.cu\">www.ucf.edu.cu<\/a>) wurde 1979 mit dem Ziel gegr\u00fcndet, eine integrale und kontinuierliche Ausbildung von Fachleuten zu f\u00f6rdern. Die UCf tr\u00e4gt durch Wissen und Innovation zur Wiederbelebung der sozio\u00f6konomischen Entwicklung von Cienfuegos und der kubanischen Gesellschaft insgesamt bei. Sie verf\u00fcgt \u00fcber mehrere Forschungszentren und vier Doktorandenprogramme: Erziehungswissenschaften; nachhaltige Energie und industrielle Technologien; lokale Entwicklung und Territorium; und Sozialstudien der Wissenschaft und Technologie. Die UCf hat mehrere Projekte im Zusammenhang mit den Prinzipien der Bio\u00f6konomie durchgef\u00fchrt: unter anderem 1. das lokale landwirtschaftliche Innovationsprogramm; 2. Universit\u00e4tsmanagement von Wissen und Innovation f\u00fcr die lokale Entwicklung; 3. die \u201eUniversit\u00e4t in den Bergen\u201c; 4. ein Innovations- und Ausbildungsprogramm f\u00fcr nachhaltige landwirtschaftliche Entwicklung in Cienfuegos. In CUBE wird die UCf daher v.a. ihre Erfahrungen mit territorialen Entwicklungsprozessen einbringen.<\/p>\n\n\n\n<p><strong>Um die Mitglieder unseres Teams kennenzulernen, <a href=\"http:\/\/cube-bioecon.org\/de\/partner-in-kuba\/team-2\/\" data-type=\"URL\" data-id=\"http:\/\/cube-bioecon.org\/de\/partner-in-kuba\/team-2\/\" target=\"_blank\" rel=\"noreferrer noopener\">klicken Sie hier<\/a>.<\/strong><\/p>\n\n\n\n<figure class=\"wp-block-image size-large is-resized\"><img loading=\"lazy\" decoding=\"async\" src=\"http:\/\/cube-bioecon.org\/de\/wp-content\/uploads\/sites\/3\/2021\/07\/UH.jpg\" alt=\"\" class=\"wp-image-25\" width=\"142\" height=\"185\" srcset=\"http:\/\/cube-bioecon.org\/de\/wp-content\/uploads\/sites\/3\/2021\/07\/UH.jpg 236w, http:\/\/cube-bioecon.org\/de\/wp-content\/uploads\/sites\/3\/2021\/07\/UH-231x300.jpg 231w\" sizes=\"auto, (max-width: 142px) 100vw, 142px\" \/><\/figure>\n\n\n\n<p>Das <strong>Universit\u00e4tsnetzwerk f\u00fcr Wissens- und Innovationsmanagement f\u00fcr lokale Entwicklung (Red Universitaria de Gesti\u00f3n del Conocimiento y la Innovaci\u00f3n para el Desarrollo Local, GUCID<\/strong>), das 2006 gegr\u00fcndet wurde, ist ein landesweites Programm des Ministeriums f\u00fcr Hochschulbildung, dessen Aufgabe es ist, akademische Einrichtungen als Wissens- und Innovationsagenten f\u00fcr die lokale Entwicklung zu f\u00f6rdern. Das GUCID-Netzwerk umfasst alle Universit\u00e4ten und wissenschaftlichen und technologischen Forschungsinstitute des Landes. GUCID ist am <strong>Lehrstuhl f\u00fcr Wissenschaft, Technologie, Gesellschaft und Innovation (CTS+I)<\/strong> der <strong>Universit\u00e4t Havanna<\/strong> angesiedelt. In CUBE wird GUCID daher v.a. den Austausch mit interessierten Forschungseinrichtungen organisieren und den Wissenstransfer auf nationaler Ebene f\u00f6rdern. Durch die Kooperation mit GUCID als Programm des Ministeriums ist eine politische Unterst\u00fctzung von CUBE gew\u00e4hrleistet. Dies wird sich auch auf die Qualit\u00e4t der Zusammenarbeit insgesamt positiv auswirken. Durch die unterschiedlichen Arbeitsschwerpunkte der Partnerorganisationen iES, ZEF, EEPFIH, UCf und GUCID k\u00f6nnen Synergieeffekte erzielt werden. Dies hat auch einen Mehrwert f\u00fcr die Partnereinrichtungen zur Folge, die sich durch CUBE gezielt mit der bio\u00f6konomischen Forschung und Praxis auseinandersetzen werden. Dabei k\u00f6nnen Erfahrungen in verschiedenen Bereichen und Regionen ausgetauscht und gegenseitige Lerneffekte erzielt werden.<\/p>\n\n\n\n<p><strong>Um die Mitglieder unseres Teams kennenzulernen, <a href=\"http:\/\/cube-bioecon.org\/de\/partner-in-kuba\/team-3\/\" data-type=\"URL\" data-id=\"http:\/\/cube-bioecon.org\/de\/partner-in-kuba\/team-3\/\" target=\"_blank\" rel=\"noreferrer noopener\">klicken Sie hier<\/a>.<\/strong><\/p>\n\n\n\n<figure class=\"wp-block-image size-large is-resized\"><img loading=\"lazy\" decoding=\"async\" src=\"http:\/\/cube-bioecon.org\/de\/wp-content\/uploads\/sites\/3\/2021\/07\/UEICA-logo.jpg\" alt=\"\" class=\"wp-image-26\" width=\"202\" height=\"89\"\/><\/figure>\n\n\n\n<p>Die <strong>Holguin Agricultural Extension, Research and Training Unit (UEICA<\/strong>) ist f\u00fcr die Durchf\u00fchrung von Forschungs-, Entwicklungs- und Innovationsprojekten im Zusammenhang mit integralen Technologien f\u00fcr die landwirtschaftliche Produktion zust\u00e4ndig und bietet wissenschaftliche und technologische Dienstleistungen an, die dazu beitragen, den Wissensbedarf der Produzenten zur F\u00f6rderung der Biodiversit\u00e4t, des Fortschritts der landwirtschaftlichen Ertr\u00e4ge und der nachhaltigen Entwicklung zu befriedigen; zu diesem Zweck verf\u00fcgt sie \u00fcber ein Humankapital, das sich aus Doktoren der Wissenschaften, Mastern, Forschern und Spezialisten zusammensetzt.<br>Die Institution, die in der \u00f6stlichen Region des Landes einzigartig ist, verf\u00fcgt \u00fcber mehr als drei Jahrzehnte an wertvoller Erfahrung in der landwirtschaftlichen Forschung, Beratung und Ausbildung. Die in nationalen und internationalen, territorialen, gesch\u00e4ftlichen und institutionellen Projekten entwickelten Ma\u00dfnahmen zielten auf die Erh\u00f6hung der Vielfalt von Pflanzen- und Tierarten, die Erhaltung und Verbesserung des Bodens, die Produktion von Bio-Pr\u00e4paraten und Biopestiziden mit der Verwendung von nat\u00fcrlichen Pflanzen zur Kontrolle von sch\u00e4dlichen Agenzien, die Verwendung von lokalen Alternativen f\u00fcr die Produktion von Tierfutter, die Konservierung von Lebensmitteln und die Entwicklung von Mini-Industrien, die St\u00e4rkung von lokalen landwirtschaftlichen Innovationssystemen, die Verbesserung der Lebensmittelverf\u00fcgbarkeit und die Verwendung von erneuerbaren Energien; Dieser Prozess wurde begleitet von Konferenzen, Workshops, Austausch, Messen und Festivals der Vielfalt und Technologien, Vorbereitung von Aktionspl\u00e4nen entsprechend der diagnostizierten Nachfrage, Entwicklung von Aufbaustudieng\u00e4ngen, Diplomen, Spezialisierungen und Master-Abschl\u00fcssen.<\/p>\n\n\n\n<p><strong>Um die Mitglieder unseres Teams kennenzulernen, <a href=\"http:\/\/cube-bioecon.org\/de\/partner-in-kuba\/team4\/\" data-type=\"URL\" data-id=\"http:\/\/cube-bioecon.org\/de\/partner-in-kuba\/team4\/\" target=\"_blank\" rel=\"noreferrer noopener\">klicken Sie hier<\/a>.<\/strong><\/p>\n","protected":false},"excerpt":{"rendered":"<p>Die experimentelle Weide- und Futtermittelstation (Estaci\u00f3n Experimental de Pastos y Forrajes) &#8222;Indio Hatuey&#8220; (EEPFIH; https:\/\/www.ihatuey.cu\/) der Universit\u00e4t von Matanzas, Kuba wurde 1962 gegr\u00fcndet. Es handelt sich um ein Forschungszentrum, das sozio\u00f6konomische Aspekte und das Management von technologischer Innovation in l\u00e4ndlichen Gebieten untersucht. Das Zentrum tr\u00e4gt mit agro-\u00f6kologischen Produktionsmodellen, die die Nahrungsmittel- und Energieproduktion integrieren, zur &hellip; <\/p>\n<p class=\"link-more\"><a href=\"http:\/\/cube-bioecon.org\/de\/partner-in-kuba\/\" class=\"more-link\"><span class=\"screen-reader-text\">\u201ePartner in Kuba\u201c <\/span>weiterlesen<\/a><\/p>\n","protected":false},"author":1,"featured_media":0,"parent":0,"menu_order":0,"comment_status":"closed","ping_status":"closed","template":"","meta":{"footnotes":""},"class_list":["post-22","page","type-page","status-publish","hentry"],"_links":{"self":[{"href":"http:\/\/cube-bioecon.org\/de\/wp-json\/wp\/v2\/pages\/22","targetHints":{"allow":["GET"]}}],"collection":[{"href":"http:\/\/cube-bioecon.org\/de\/wp-json\/wp\/v2\/pages"}],"about":[{"href":"http:\/\/cube-bioecon.org\/de\/wp-json\/wp\/v2\/types\/page"}],"author":[{"embeddable":true,"href":"http:\/\/cube-bioecon.org\/de\/wp-json\/wp\/v2\/users\/1"}],"replies":[{"embeddable":true,"href":"http:\/\/cube-bioecon.org\/de\/wp-json\/wp\/v2\/comments?post=22"}],"version-history":[{"count":6,"href":"http:\/\/cube-bioecon.org\/de\/wp-json\/wp\/v2\/pages\/22\/revisions"}],"predecessor-version":[{"id":124,"href":"http:\/\/cube-bioecon.org\/de\/wp-json\/wp\/v2\/pages\/22\/revisions\/124"}],"wp:attachment":[{"href":"http:\/\/cube-bioecon.org\/de\/wp-json\/wp\/v2\/media?parent=22"}],"curies":[{"name":"wp","href":"https:\/\/api.w.org\/{rel}","templated":true}]}}