{"id":32,"date":"2021-07-16T10:30:36","date_gmt":"2021-07-16T10:30:36","guid":{"rendered":"http:\/\/cube-bioecon.org\/de\/?page_id=32"},"modified":"2021-07-16T10:30:36","modified_gmt":"2021-07-16T10:30:36","slug":"kontakt","status":"publish","type":"page","link":"http:\/\/cube-bioecon.org\/de\/kontakt\/","title":{"rendered":"Kontakt"},"content":{"rendered":"\n<p>Galia Figueroa Alfonso<\/p>\n\n\n\n<p>CUBE. Bio\u00f6konomie und territoriale Entwicklung in Kuba: Chancen f\u00fcr die lokale Landwirtschaft<\/p>\n\n\n\n<p>Institute for Environmental Sciences Landau,<br>Universit\u00e4t Koblenz-Landau<br>Fortstr. 7<br>D \u2013 76829 Landau<\/p>\n\n\n\n<p>galiafigueroa@uni-landau.de<\/p>\n","protected":false},"excerpt":{"rendered":"<p>Galia Figueroa Alfonso CUBE. Bio\u00f6konomie und territoriale Entwicklung in Kuba: Chancen f\u00fcr die lokale Landwirtschaft Institute for Environmental Sciences Landau,Universit\u00e4t Koblenz-LandauFortstr. 7D \u2013 76829 Landau galiafigueroa@uni-landau.de<\/p>\n","protected":false},"author":1,"featured_media":0,"parent":0,"menu_order":0,"comment_status":"closed","ping_status":"closed","template":"","meta":{"footnotes":""},"class_list":["post-32","page","type-page","status-publish","hentry"],"_links":{"self":[{"href":"http:\/\/cube-bioecon.org\/de\/wp-json\/wp\/v2\/pages\/32","targetHints":{"allow":["GET"]}}],"collection":[{"href":"http:\/\/cube-bioecon.org\/de\/wp-json\/wp\/v2\/pages"}],"about":[{"href":"http:\/\/cube-bioecon.org\/de\/wp-json\/wp\/v2\/types\/page"}],"author":[{"embeddable":true,"href":"http:\/\/cube-bioecon.org\/de\/wp-json\/wp\/v2\/users\/1"}],"replies":[{"embeddable":true,"href":"http:\/\/cube-bioecon.org\/de\/wp-json\/wp\/v2\/comments?post=32"}],"version-history":[{"count":1,"href":"http:\/\/cube-bioecon.org\/de\/wp-json\/wp\/v2\/pages\/32\/revisions"}],"predecessor-version":[{"id":34,"href":"http:\/\/cube-bioecon.org\/de\/wp-json\/wp\/v2\/pages\/32\/revisions\/34"}],"wp:attachment":[{"href":"http:\/\/cube-bioecon.org\/de\/wp-json\/wp\/v2\/media?parent=32"}],"curies":[{"name":"wp","href":"https:\/\/api.w.org\/{rel}","templated":true}]}}