{"id":45,"date":"2021-07-16T10:45:26","date_gmt":"2021-07-16T10:45:26","guid":{"rendered":"http:\/\/cube-bioecon.org\/de\/?page_id=45"},"modified":"2023-05-16T08:29:27","modified_gmt":"2023-05-16T08:29:27","slug":"team","status":"publish","type":"page","link":"http:\/\/cube-bioecon.org\/de\/partner-in-deutschland\/team\/","title":{"rendered":"Team"},"content":{"rendered":"\n<div class=\"wp-block-media-text alignwide is-stacked-on-mobile\" style=\"grid-template-columns:21% auto\"><figure class=\"wp-block-media-text__media\"><img loading=\"lazy\" decoding=\"async\" width=\"133\" height=\"200\" src=\"http:\/\/cube-bioecon.org\/de\/wp-content\/uploads\/sites\/3\/2021\/07\/oliver-fro\u0308r.jpg\" alt=\"\" class=\"wp-image-46 size-full\"\/><\/figure><div class=\"wp-block-media-text__content\">\n<p class=\"has-small-font-size\"><strong>Prof. Dr. Oliver Fr\u00f6r<\/strong>\u00a0leitet die Arbeitsgruppe\u00a0<em>Umwelt\u00f6konomie<\/em>\u00a0im iES Landau der Universit\u00e4t Kaiserslautern-Landau. Schwerpunkt seiner Forschung sind Methoden zur Bewertung von Umwelt und nat\u00fcrlichen Ressourcen f\u00fcr eine nachhaltige Politik der Land- und Umweltnutzung. Er hat umfangreiche Erfahrung mit transdisziplin\u00e4ren Projekten zur sozial-\u00f6kologischen Forschung zu Biodiversit\u00e4t, Wassernutzung und nat\u00fcrlichen Ressourcen in Deutschland, Asien, Nordafrika und Lateinamerika.<\/p>\n<\/div><\/div>\n\n\n\n<p><\/p>\n\n\n\n<div class=\"wp-block-media-text alignwide is-stacked-on-mobile\" style=\"grid-template-columns:21% auto\"><figure class=\"wp-block-media-text__media\"><img loading=\"lazy\" decoding=\"async\" width=\"105\" height=\"140\" src=\"http:\/\/cube-bioecon.org\/de\/wp-content\/uploads\/sites\/3\/2021\/07\/Daniel-Callo-Concha.jpg\" alt=\"\" class=\"wp-image-47 size-full\"\/><\/figure><div class=\"wp-block-media-text__content\">\n<p class=\"has-small-font-size\"><strong>Dr. Daniel Callo-Concha<\/strong> ist Wissenschaftler am Institut f\u00fcr Umweltwissenschaften (iES) der Universit\u00e4t Kaiserslautern-Landau und assoziierter Forscher am Zentrum f\u00fcr Entwicklungsforschung (ZEF), Universit\u00e4t Bonn. Er arbeitet seit 20 Jahren in Lateinamerika und Afrika. Seine aktuelle Forschung konzentriert sich auf die Widerstandsf\u00e4higkeit sozial-\u00f6kologischer Systeme, die Anpassung an den Klimawandel sowie auf Nahrung und Ern\u00e4hrung Sicherheit, Urbanisierung und nachhaltiger Bergbau.<\/p>\n<\/div><\/div>\n\n\n\n<p><\/p>\n\n\n\n<div class=\"wp-block-media-text alignwide is-stacked-on-mobile\" style=\"grid-template-columns:22% auto\"><figure class=\"wp-block-media-text__media\"><img loading=\"lazy\" decoding=\"async\" width=\"907\" height=\"1024\" src=\"http:\/\/cube-bioecon.org\/de\/wp-content\/uploads\/sites\/3\/2021\/07\/6DFD3F8E-E222-42A3-9343-9197A3170038_1_201_a-1-907x1024-1.jpeg\" alt=\"\" class=\"wp-image-48 size-full\" srcset=\"http:\/\/cube-bioecon.org\/de\/wp-content\/uploads\/sites\/3\/2021\/07\/6DFD3F8E-E222-42A3-9343-9197A3170038_1_201_a-1-907x1024-1.jpeg 907w, http:\/\/cube-bioecon.org\/de\/wp-content\/uploads\/sites\/3\/2021\/07\/6DFD3F8E-E222-42A3-9343-9197A3170038_1_201_a-1-907x1024-1-266x300.jpeg 266w, http:\/\/cube-bioecon.org\/de\/wp-content\/uploads\/sites\/3\/2021\/07\/6DFD3F8E-E222-42A3-9343-9197A3170038_1_201_a-1-907x1024-1-768x867.jpeg 768w\" sizes=\"auto, (max-width: 767px) 89vw, (max-width: 1000px) 54vw, (max-width: 1071px) 543px, 580px\" \/><\/figure><div class=\"wp-block-media-text__content\">\n<p class=\"has-small-font-size\"><strong>Dr. Galia Figueroa Alfonso<\/strong> ist Junior Wissenschaftlerin am Institut f\u00fcr Umweltwissenschaften (iES) der Universit\u00e4t Kaiserslautern-Landau. Sie hat einen PhD in Agrarwissenschaften von der Uni-Bonn, einen Master-Abschluss in Sozialentwicklung und einen Bachelor-Abschluss in Soziologie von der Universit\u00e4t Havanna. Sie arbeitete zehn Jahre lang an zwei kubanischen Universit\u00e4ten. Parallel zu ihrer Lehr- und Forschungst\u00e4tigkeit war sie an Projekten der internationalen Zusammenarbeit beteiligt, die sich mit \u00f6kologischer Landwirtschaft und der Modernisierung der kubanischen Landwirtschaft befassten. In ihrer Doktorarbeit untersuchte sie die Zukunft der kubanischen Agrar\u00f6kologiebewegung anhand der Analyse des politischen Diskurses und der Agrarpolitik der letzten 30 Jahre in Kuba.<\/p>\n<\/div><\/div>\n\n\n\n<p><\/p>\n","protected":false},"excerpt":{"rendered":"<p>Prof. Dr. Oliver Fr\u00f6r\u00a0leitet die Arbeitsgruppe\u00a0Umwelt\u00f6konomie\u00a0im iES Landau der Universit\u00e4t Kaiserslautern-Landau. Schwerpunkt seiner Forschung sind Methoden zur Bewertung von Umwelt und nat\u00fcrlichen Ressourcen f\u00fcr eine nachhaltige Politik der Land- und Umweltnutzung. Er hat umfangreiche Erfahrung mit transdisziplin\u00e4ren Projekten zur sozial-\u00f6kologischen Forschung zu Biodiversit\u00e4t, Wassernutzung und nat\u00fcrlichen Ressourcen in Deutschland, Asien, Nordafrika und Lateinamerika. Dr. Daniel &hellip; <\/p>\n<p class=\"link-more\"><a href=\"http:\/\/cube-bioecon.org\/de\/partner-in-deutschland\/team\/\" class=\"more-link\"><span class=\"screen-reader-text\">\u201eTeam\u201c <\/span>weiterlesen<\/a><\/p>\n","protected":false},"author":1,"featured_media":0,"parent":17,"menu_order":0,"comment_status":"closed","ping_status":"closed","template":"","meta":{"footnotes":""},"class_list":["post-45","page","type-page","status-publish","hentry"],"_links":{"self":[{"href":"http:\/\/cube-bioecon.org\/de\/wp-json\/wp\/v2\/pages\/45","targetHints":{"allow":["GET"]}}],"collection":[{"href":"http:\/\/cube-bioecon.org\/de\/wp-json\/wp\/v2\/pages"}],"about":[{"href":"http:\/\/cube-bioecon.org\/de\/wp-json\/wp\/v2\/types\/page"}],"author":[{"embeddable":true,"href":"http:\/\/cube-bioecon.org\/de\/wp-json\/wp\/v2\/users\/1"}],"replies":[{"embeddable":true,"href":"http:\/\/cube-bioecon.org\/de\/wp-json\/wp\/v2\/comments?post=45"}],"version-history":[{"count":3,"href":"http:\/\/cube-bioecon.org\/de\/wp-json\/wp\/v2\/pages\/45\/revisions"}],"predecessor-version":[{"id":160,"href":"http:\/\/cube-bioecon.org\/de\/wp-json\/wp\/v2\/pages\/45\/revisions\/160"}],"up":[{"embeddable":true,"href":"http:\/\/cube-bioecon.org\/de\/wp-json\/wp\/v2\/pages\/17"}],"wp:attachment":[{"href":"http:\/\/cube-bioecon.org\/de\/wp-json\/wp\/v2\/media?parent=45"}],"curies":[{"name":"wp","href":"https:\/\/api.w.org\/{rel}","templated":true}]}}