{"id":51,"date":"2021-07-16T10:50:50","date_gmt":"2021-07-16T10:50:50","guid":{"rendered":"http:\/\/cube-bioecon.org\/de\/?page_id=51"},"modified":"2021-07-16T10:50:50","modified_gmt":"2021-07-16T10:50:50","slug":"team-2","status":"publish","type":"page","link":"http:\/\/cube-bioecon.org\/de\/partner-in-deutschland\/team-2\/","title":{"rendered":"Team"},"content":{"rendered":"\n<div class=\"wp-block-media-text alignwide is-stacked-on-mobile\" style=\"grid-template-columns:22% auto\"><figure class=\"wp-block-media-text__media\"><img loading=\"lazy\" decoding=\"async\" width=\"215\" height=\"215\" src=\"http:\/\/cube-bioecon.org\/de\/wp-content\/uploads\/sites\/3\/2021\/07\/Manfred-Denich.jpg\" alt=\"\" class=\"wp-image-52 size-full\" srcset=\"http:\/\/cube-bioecon.org\/de\/wp-content\/uploads\/sites\/3\/2021\/07\/Manfred-Denich.jpg 215w, http:\/\/cube-bioecon.org\/de\/wp-content\/uploads\/sites\/3\/2021\/07\/Manfred-Denich-150x150.jpg 150w, http:\/\/cube-bioecon.org\/de\/wp-content\/uploads\/sites\/3\/2021\/07\/Manfred-Denich-100x100.jpg 100w\" sizes=\"auto, (max-width: 215px) 100vw, 215px\" \/><\/figure><div class=\"wp-block-media-text__content\">\n<p class=\"has-small-font-size\"><strong>Dr. Manfred Denich<\/strong> ist leitender Wissenschaftler der Abteilung \u00d6kologie und Management nat\u00fcrlicher Ressourcen des Zentrums f\u00fcr Entwicklungsforschung (ZEF), Universit\u00e4t Bonn. Er hat einen Abschluss in Biologie und Landwirtschaft und arbeitet seit mehr als 30 Jahren in den Tropen und Subtropen weltweit. Seine Arbeitsschwerpunkte sind Landnutzungssysteme (Agroforstwirtschaft), Naturschutz und Nutzung von Biodiversit\u00e4t, Biomasseproduktion, Ern\u00e4hrungssicherheit, erneuerbaren Energien sowie transdisziplin\u00e4re Entwicklungsforschung.<\/p>\n<\/div><\/div>\n\n\n\n<p><\/p>\n\n\n\n<div class=\"wp-block-media-text alignwide is-stacked-on-mobile\" style=\"grid-template-columns:22% auto\"><figure class=\"wp-block-media-text__media\"><img loading=\"lazy\" decoding=\"async\" width=\"533\" height=\"532\" src=\"http:\/\/cube-bioecon.org\/de\/wp-content\/uploads\/sites\/3\/2021\/07\/Jochen-Du\u0308rr.jpg\" alt=\"\" class=\"wp-image-53 size-full\" srcset=\"http:\/\/cube-bioecon.org\/de\/wp-content\/uploads\/sites\/3\/2021\/07\/Jochen-Du\u0308rr.jpg 533w, http:\/\/cube-bioecon.org\/de\/wp-content\/uploads\/sites\/3\/2021\/07\/Jochen-Du\u0308rr-300x300.jpg 300w, http:\/\/cube-bioecon.org\/de\/wp-content\/uploads\/sites\/3\/2021\/07\/Jochen-Du\u0308rr-150x150.jpg 150w, http:\/\/cube-bioecon.org\/de\/wp-content\/uploads\/sites\/3\/2021\/07\/Jochen-Du\u0308rr-100x100.jpg 100w\" sizes=\"auto, (max-width: 533px) 100vw, 533px\" \/><\/figure><div class=\"wp-block-media-text__content\">\n<p class=\"has-small-font-size\"><strong>Dr. Jochen D\u00fcrr<\/strong> ist Senior Researcher am Zentrum f\u00fcr Entwicklungsforschung (ZEF) der Universit\u00e4t Bonn. Er promovierte in Wirtschaftswissenschaften an der Universit\u00e4t Kassel, Fakult\u00e4t f\u00fcr \u00d6kologische Agrarwissenschaften. Er begann seine berufliche Laufbahn beim Deutschen Entwicklungsdienst in Lateinamerika, wo er sich haupts\u00e4chlich mit den Wertsch\u00f6pfungsketten kleinb\u00e4uerlicher Produkte befasste. Am ZEF koordinierte er ein Projekt zur Forschung und Kapazit\u00e4tsentwicklung im Bereich Ern\u00e4hrungssicherheit in \u00c4thiopien und Madagaskar. Zurzeit forscht er zu den Wertsch\u00f6pfungsketten essbarer Insekten in Madagaskar und Myanmar sowie zur Bio\u00f6konomie in Argentinien (Projekt STRIVE).<\/p>\n<\/div><\/div>\n\n\n\n<p><\/p>\n\n\n\n<div class=\"wp-block-media-text alignwide is-stacked-on-mobile\" style=\"grid-template-columns:22% auto\"><figure class=\"wp-block-media-text__media\"><img loading=\"lazy\" decoding=\"async\" width=\"714\" height=\"1024\" src=\"http:\/\/cube-bioecon.org\/de\/wp-content\/uploads\/sites\/3\/2021\/07\/Avile\u0301s-Irahola_Photo-min-714x1024.jpg\" alt=\"\" class=\"wp-image-54 size-full\" srcset=\"http:\/\/cube-bioecon.org\/de\/wp-content\/uploads\/sites\/3\/2021\/07\/Avile\u0301s-Irahola_Photo-min-714x1024.jpg 714w, http:\/\/cube-bioecon.org\/de\/wp-content\/uploads\/sites\/3\/2021\/07\/Avile\u0301s-Irahola_Photo-min-209x300.jpg 209w, http:\/\/cube-bioecon.org\/de\/wp-content\/uploads\/sites\/3\/2021\/07\/Avile\u0301s-Irahola_Photo-min-768x1102.jpg 768w, http:\/\/cube-bioecon.org\/de\/wp-content\/uploads\/sites\/3\/2021\/07\/Avile\u0301s-Irahola_Photo-min-1070x1536.jpg 1070w, http:\/\/cube-bioecon.org\/de\/wp-content\/uploads\/sites\/3\/2021\/07\/Avile\u0301s-Irahola_Photo-min-1427x2048.jpg 1427w, http:\/\/cube-bioecon.org\/de\/wp-content\/uploads\/sites\/3\/2021\/07\/Avile\u0301s-Irahola_Photo-min-scaled.jpg 1784w\" sizes=\"auto, (max-width: 714px) 100vw, 714px\" \/><\/figure><div class=\"wp-block-media-text__content\">\n<p class=\"has-small-font-size\"><strong>Dr. Dennis Lucy Avil\u00e9s Irahola<\/strong> ist Akademikerin f\u00fcr Gender- und Entwicklungsstudien mit langj\u00e4hriger Erfahrung als Beraterin in Entwicklungsorganisationen auf der ganzen Welt, insbesondere in Lateinamerika. Sie wurde in Bolivien geboren, wo sie Agrarwissenschaften studierte, und hat einen MSc. in Human\u00f6kologie von der Freien Universit\u00e4t Br\u00fcssel sowie einen Ph.D. in Entwicklungsstudien von der Universit\u00e4t Bonn. Sie ist Associate Researcher im Forschungsverbund Lateinamerika der Universit\u00e4t Bonn und derzeit Mitglied im Internationalen Frauenzentrum Bonn (IFZ) und bei Women Organizing for Change in Agriculture and NRM (WOCAN). Seit Januar 2019 arbeitet sie als Senior Researcher am Zentrum f\u00fcr Entwicklungsforschung (ZEF) der Universit\u00e4t Bonn.<\/p>\n<\/div><\/div>\n\n\n\n<p><\/p>\n","protected":false},"excerpt":{"rendered":"<p>Dr. Manfred Denich ist leitender Wissenschaftler der Abteilung \u00d6kologie und Management nat\u00fcrlicher Ressourcen des Zentrums f\u00fcr Entwicklungsforschung (ZEF), Universit\u00e4t Bonn. Er hat einen Abschluss in Biologie und Landwirtschaft und arbeitet seit mehr als 30 Jahren in den Tropen und Subtropen weltweit. Seine Arbeitsschwerpunkte sind Landnutzungssysteme (Agroforstwirtschaft), Naturschutz und Nutzung von Biodiversit\u00e4t, Biomasseproduktion, Ern\u00e4hrungssicherheit, erneuerbaren Energien &hellip; <\/p>\n<p class=\"link-more\"><a href=\"http:\/\/cube-bioecon.org\/de\/partner-in-deutschland\/team-2\/\" class=\"more-link\"><span class=\"screen-reader-text\">\u201eTeam\u201c <\/span>weiterlesen<\/a><\/p>\n","protected":false},"author":1,"featured_media":0,"parent":17,"menu_order":0,"comment_status":"closed","ping_status":"closed","template":"","meta":{"footnotes":""},"class_list":["post-51","page","type-page","status-publish","hentry"],"_links":{"self":[{"href":"http:\/\/cube-bioecon.org\/de\/wp-json\/wp\/v2\/pages\/51","targetHints":{"allow":["GET"]}}],"collection":[{"href":"http:\/\/cube-bioecon.org\/de\/wp-json\/wp\/v2\/pages"}],"about":[{"href":"http:\/\/cube-bioecon.org\/de\/wp-json\/wp\/v2\/types\/page"}],"author":[{"embeddable":true,"href":"http:\/\/cube-bioecon.org\/de\/wp-json\/wp\/v2\/users\/1"}],"replies":[{"embeddable":true,"href":"http:\/\/cube-bioecon.org\/de\/wp-json\/wp\/v2\/comments?post=51"}],"version-history":[{"count":1,"href":"http:\/\/cube-bioecon.org\/de\/wp-json\/wp\/v2\/pages\/51\/revisions"}],"predecessor-version":[{"id":55,"href":"http:\/\/cube-bioecon.org\/de\/wp-json\/wp\/v2\/pages\/51\/revisions\/55"}],"up":[{"embeddable":true,"href":"http:\/\/cube-bioecon.org\/de\/wp-json\/wp\/v2\/pages\/17"}],"wp:attachment":[{"href":"http:\/\/cube-bioecon.org\/de\/wp-json\/wp\/v2\/media?parent=51"}],"curies":[{"name":"wp","href":"https:\/\/api.w.org\/{rel}","templated":true}]}}