{"id":57,"date":"2021-07-16T10:57:15","date_gmt":"2021-07-16T10:57:15","guid":{"rendered":"http:\/\/cube-bioecon.org\/de\/?page_id=57"},"modified":"2021-07-26T20:33:46","modified_gmt":"2021-07-26T20:33:46","slug":"team","status":"publish","type":"page","link":"http:\/\/cube-bioecon.org\/de\/partner-in-kuba\/team\/","title":{"rendered":"Team"},"content":{"rendered":"\n<div class=\"wp-block-media-text alignwide is-stacked-on-mobile\" style=\"grid-template-columns:21% auto\"><figure class=\"wp-block-media-text__media\"><img loading=\"lazy\" decoding=\"async\" width=\"150\" height=\"236\" src=\"http:\/\/cube-bioecon.org\/de\/wp-content\/uploads\/sites\/3\/2021\/07\/giraldo_martin.jpg\" alt=\"\" class=\"wp-image-58 size-full\"\/><\/figure><div class=\"wp-block-media-text__content\">\n<p class=\"has-small-font-size\"><strong>Dr. Giraldo Jes\u00fas Mart\u00edn Mart\u00edn<\/strong>, Agraringenieur (1983) von der Universit\u00e4t von Matanzas. Professor an der Fakult\u00e4t f\u00fcr Agronomie der Universit\u00e4t von Matanzas (1983-1985). Seit 1985 arbeitet er in der Versuchsstation f\u00fcr Weiden und Futtermittel &#8222;Indio Hatuey&#8220;, deren Direktor er von 1997 bis 2020 war. D. in Agrarwissenschaften (2004). Er ist Forscher und Professor.&nbsp; Derzeit leitet er das internationale Projekt Biomas-Cuba, das von der Schweizer Agentur f\u00fcr internationale Zusammenarbeit (COSUDE) finanziert wird. Er hat seine wissenschaftliche T\u00e4tigkeit auf dem Gebiet der Bewertung und Auswahl von Futterpflanzenarten und nachhaltigen landwirtschaftlichen Produktionssystemen entwickelt. Er hat an mehreren nationalen und internationalen Projekten teilgenommen und diese geleitet.<\/p>\n<\/div><\/div>\n\n\n\n<p><\/p>\n\n\n\n<div class=\"wp-block-media-text alignwide is-stacked-on-mobile\" style=\"grid-template-columns:23% auto\"><figure class=\"wp-block-media-text__media\"><img loading=\"lazy\" decoding=\"async\" width=\"512\" height=\"512\" src=\"http:\/\/cube-bioecon.org\/de\/wp-content\/uploads\/sites\/3\/2021\/07\/Taymer-Miranda-Tortolo.jpg\" alt=\"\" class=\"wp-image-59 size-full\" srcset=\"http:\/\/cube-bioecon.org\/de\/wp-content\/uploads\/sites\/3\/2021\/07\/Taymer-Miranda-Tortolo.jpg 512w, http:\/\/cube-bioecon.org\/de\/wp-content\/uploads\/sites\/3\/2021\/07\/Taymer-Miranda-Tortolo-300x300.jpg 300w, http:\/\/cube-bioecon.org\/de\/wp-content\/uploads\/sites\/3\/2021\/07\/Taymer-Miranda-Tortolo-150x150.jpg 150w, http:\/\/cube-bioecon.org\/de\/wp-content\/uploads\/sites\/3\/2021\/07\/Taymer-Miranda-Tortolo-100x100.jpg 100w\" sizes=\"auto, (max-width: 512px) 100vw, 512px\" \/><\/figure><div class=\"wp-block-media-text__content\">\n<p class=\"has-small-font-size\"><strong>MSc. Taymer Miranda Tortol\u00f3<\/strong>, Abschluss in Rechnungswesen und Finanzen (1998) an der Universit\u00e4t von Matanzas. Master in &#8222;Management und Entwicklung von Genossenschaften&#8220;, FLACSO, Universit\u00e4t Havanna (Kuba-Programm. 2006). Facilitatorin CEFE (Kompetenzen als Grundlagen der Wirtschaft durch unternehmerische Ausbildung) 2011. Executive Master in Development Policy and Practice, Graduate Institute, Genf (IHEID. 2016-2017). Projektleiterin, Forscherin  und Assistenzprofessorin an der Station f\u00fcr Weiden und Futtermittel &#8222;Indio Hatuey&#8220;. Sie hat Produzenten und lokale Akteure, die an Prozessen des lokalen Entwicklungsmanagements beteiligt sind, in verschiedenen Gemeinden des Landes begleitet. Sie koordinierte das lokale Entwicklungsteam der Indio Hatuey Experimental Station of Pastures and Forages. Ihre Arbeiten wurden in zahlreichen Artikeln in wissenschaftlichen Fachzeitschriften sowie in B\u00fcchern ver\u00f6ffentlicht. Derzeit schlie\u00dft sie ihre Promotion im Bereich Innovation und lokale Entwicklung ab.<\/p>\n<\/div><\/div>\n\n\n\n<p><\/p>\n","protected":false},"excerpt":{"rendered":"<p>Dr. Giraldo Jes\u00fas Mart\u00edn Mart\u00edn, Agraringenieur (1983) von der Universit\u00e4t von Matanzas. Professor an der Fakult\u00e4t f\u00fcr Agronomie der Universit\u00e4t von Matanzas (1983-1985). Seit 1985 arbeitet er in der Versuchsstation f\u00fcr Weiden und Futtermittel &#8222;Indio Hatuey&#8220;, deren Direktor er von 1997 bis 2020 war. D. in Agrarwissenschaften (2004). Er ist Forscher und Professor.&nbsp; Derzeit leitet &hellip; <\/p>\n<p class=\"link-more\"><a href=\"http:\/\/cube-bioecon.org\/de\/partner-in-kuba\/team\/\" class=\"more-link\"><span class=\"screen-reader-text\">\u201eTeam\u201c <\/span>weiterlesen<\/a><\/p>\n","protected":false},"author":1,"featured_media":0,"parent":22,"menu_order":0,"comment_status":"closed","ping_status":"closed","template":"","meta":{"footnotes":""},"class_list":["post-57","page","type-page","status-publish","hentry"],"_links":{"self":[{"href":"http:\/\/cube-bioecon.org\/de\/wp-json\/wp\/v2\/pages\/57","targetHints":{"allow":["GET"]}}],"collection":[{"href":"http:\/\/cube-bioecon.org\/de\/wp-json\/wp\/v2\/pages"}],"about":[{"href":"http:\/\/cube-bioecon.org\/de\/wp-json\/wp\/v2\/types\/page"}],"author":[{"embeddable":true,"href":"http:\/\/cube-bioecon.org\/de\/wp-json\/wp\/v2\/users\/1"}],"replies":[{"embeddable":true,"href":"http:\/\/cube-bioecon.org\/de\/wp-json\/wp\/v2\/comments?post=57"}],"version-history":[{"count":3,"href":"http:\/\/cube-bioecon.org\/de\/wp-json\/wp\/v2\/pages\/57\/revisions"}],"predecessor-version":[{"id":118,"href":"http:\/\/cube-bioecon.org\/de\/wp-json\/wp\/v2\/pages\/57\/revisions\/118"}],"up":[{"embeddable":true,"href":"http:\/\/cube-bioecon.org\/de\/wp-json\/wp\/v2\/pages\/22"}],"wp:attachment":[{"href":"http:\/\/cube-bioecon.org\/de\/wp-json\/wp\/v2\/media?parent=57"}],"curies":[{"name":"wp","href":"https:\/\/api.w.org\/{rel}","templated":true}]}}