{"id":65,"date":"2021-07-16T16:40:22","date_gmt":"2021-07-16T16:40:22","guid":{"rendered":"http:\/\/cube-bioecon.org\/de\/?page_id=65"},"modified":"2022-05-11T08:36:14","modified_gmt":"2022-05-11T08:36:14","slug":"team-2","status":"publish","type":"page","link":"http:\/\/cube-bioecon.org\/de\/partner-in-kuba\/team-2\/","title":{"rendered":"Team"},"content":{"rendered":"\n<div class=\"wp-block-media-text alignwide is-stacked-on-mobile\" style=\"grid-template-columns:23% auto\"><figure class=\"wp-block-media-text__media\"><img loading=\"lazy\" decoding=\"async\" width=\"445\" height=\"453\" src=\"http:\/\/cube-bioecon.org\/de\/wp-content\/uploads\/sites\/3\/2021\/07\/Roberto-Garci\u0301a-Duen\u0303as.png\" alt=\"\" class=\"wp-image-109 size-full\" srcset=\"http:\/\/cube-bioecon.org\/de\/wp-content\/uploads\/sites\/3\/2021\/07\/Roberto-Garci\u0301a-Duen\u0303as.png 445w, http:\/\/cube-bioecon.org\/de\/wp-content\/uploads\/sites\/3\/2021\/07\/Roberto-Garci\u0301a-Duen\u0303as-295x300.png 295w\" sizes=\"auto, (max-width: 445px) 100vw, 445px\" \/><\/figure><div class=\"wp-block-media-text__content\">\n<p class=\"has-small-font-size\"><strong>Dr. Roberto Yasiel Garc\u00eda Due\u00f1as<\/strong>, Bachelor in Soziokulturellen Studien (2008) und Master in Integriertem Management von K\u00fcstengebieten (2012) von der Universit\u00e4t Cienfuegos, PhD in Soziologischen Wissenschaften (2019) von der Zentralen Universit\u00e4t &#8222;Marta Abreu&#8220; von Las Villas und Posdoc-Schreibstipendium an der Universit\u00e4t Bonn (2019). Assistenzprofessor an der Universit\u00e4t von Cienfuegos und Direktor des Zentrums f\u00fcr soziokulturelle Studien (CESOC). Seit 2013 koordiniert er Wissenschafts-, Technologie- und Innovationsprojekte mit institutionellem Charakter zu Themen rund um Umwelt und soziokulturelle Praktiken. Er hat auch an Forschungsprojekten teilgenommen, die mit nationalen Programmen und internationalen Projekten verbunden sind, einschlie\u00dflich IWECO.<\/p>\n<\/div><\/div>\n\n\n\n<p><\/p>\n\n\n\n<p><\/p>\n\n\n\n<div class=\"wp-block-media-text alignwide is-stacked-on-mobile\" style=\"grid-template-columns:24% auto\"><figure class=\"wp-block-media-text__media\"><img loading=\"lazy\" decoding=\"async\" width=\"768\" height=\"1024\" src=\"http:\/\/cube-bioecon.org\/de\/wp-content\/uploads\/sites\/3\/2022\/01\/Foto-Dunia-768x1024.jpg\" alt=\"\" class=\"wp-image-134 size-full\" srcset=\"http:\/\/cube-bioecon.org\/de\/wp-content\/uploads\/sites\/3\/2022\/01\/Foto-Dunia-768x1024.jpg 768w, http:\/\/cube-bioecon.org\/de\/wp-content\/uploads\/sites\/3\/2022\/01\/Foto-Dunia-225x300.jpg 225w, http:\/\/cube-bioecon.org\/de\/wp-content\/uploads\/sites\/3\/2022\/01\/Foto-Dunia-1152x1536.jpg 1152w, http:\/\/cube-bioecon.org\/de\/wp-content\/uploads\/sites\/3\/2022\/01\/Foto-Dunia-1536x2048.jpg 1536w, http:\/\/cube-bioecon.org\/de\/wp-content\/uploads\/sites\/3\/2022\/01\/Foto-Dunia-scaled.jpg 1920w\" sizes=\"auto, (max-width: 767px) 89vw, (max-width: 1000px) 54vw, (max-width: 1071px) 543px, 580px\" \/><\/figure><div class=\"wp-block-media-text__content\">\n<p class=\"has-small-font-size\"><strong>Dr. C. Dunia Mar\u00eda Garc\u00eda Lorenzo <\/strong>hat einen Abschluss in Rechnungswesen und Finanzen von der Zentralen Universit\u00e4t &#8222;Marta Abreu&#8220; in Las Villas (1988), einen Master in Finanzen (1999) und einen Doktortitel in Wirtschaftswissenschaften (2001) von der Universit\u00e4t von Havanna. Professor an der Fakult\u00e4t f\u00fcr Wirtschaftswissenschaften und Mitarbeiter des Zentrums f\u00fcr Energie- und Umweltstudien (CEEMA). Sie ist Mitglied des Lehrk\u00f6rpers der Doktorandenprogramme f\u00fcr lokale und territoriale Entwicklung sowie f\u00fcr nachhaltige Energie und industrielle Technologien. Sie ist auch die Koordinatorin der Spezialisierung in Buchhaltung und Finanzmanagement im Tourismus. Sie hat zahlreiche Artikel in in- und ausl\u00e4ndischen Fachzeitschriften ver\u00f6ffentlicht, die in renommierten Datenbanken indexiert sind, und an verschiedenen nationalen und internationalen Veranstaltungen teilgenommen. Sie hat an mehreren nationalen und internationalen Forschungsprojekten teilgenommen, letztere in Zusammenarbeit mit L\u00e4ndern wie Schweden, Belgien, Venezuela und Portugal. Derzeit ist sie Vizerektorin f\u00fcr Forschung und postgraduale Studien an der Universit\u00e4t von Cienfuegos und Leiterin des Territorialen Programms f\u00fcr Wissenschaft, Technologie und Innovation &#8222;Lokale Entwicklung und Territorium&#8220;.<\/p>\n<\/div><\/div>\n\n\n\n<p><\/p>\n\n\n\n<div class=\"wp-block-media-text alignwide is-stacked-on-mobile\" style=\"grid-template-columns:26% auto\"><figure class=\"wp-block-media-text__media\"><img loading=\"lazy\" decoding=\"async\" width=\"1024\" height=\"999\" src=\"http:\/\/cube-bioecon.org\/de\/wp-content\/uploads\/sites\/3\/2022\/05\/WhatsApp-Image-2022-04-11-at-5.42.44-PM.jpeg\" alt=\"\" class=\"wp-image-146 size-full\" srcset=\"http:\/\/cube-bioecon.org\/de\/wp-content\/uploads\/sites\/3\/2022\/05\/WhatsApp-Image-2022-04-11-at-5.42.44-PM.jpeg 1024w, http:\/\/cube-bioecon.org\/de\/wp-content\/uploads\/sites\/3\/2022\/05\/WhatsApp-Image-2022-04-11-at-5.42.44-PM-300x293.jpeg 300w, http:\/\/cube-bioecon.org\/de\/wp-content\/uploads\/sites\/3\/2022\/05\/WhatsApp-Image-2022-04-11-at-5.42.44-PM-768x749.jpeg 768w\" sizes=\"auto, (max-width: 767px) 89vw, (max-width: 1000px) 54vw, (max-width: 1071px) 543px, 580px\" \/><\/figure><div class=\"wp-block-media-text__content\">\n<p class=\"has-small-font-size\"><strong>MSc. Erislandy Jos\u00e9 Becerra Fonseca,<\/strong> Agraringenieur (2017) und Master in nachhaltiger Landwirtschaft (2020) von der Universit\u00e4t von Cienfuegos. Assistenzprofessor an der Universit\u00e4t von Cienfuegos. Er nimmt am internationalen Projekt f\u00fcr lokale landwirtschaftliche Innovation (PIAL) teil und ist der Koordinator der Achse f\u00fcr genetische und technologische Vielfalt. Er hat auch an Forschungsprojekten im Rahmen von nationalen Programmen teilgenommen.<\/p>\n<\/div><\/div>\n\n\n\n<p><\/p>\n\n\n\n<div class=\"wp-block-media-text alignwide is-stacked-on-mobile\" style=\"grid-template-columns:26% auto\"><figure class=\"wp-block-media-text__media\"><img loading=\"lazy\" decoding=\"async\" width=\"748\" height=\"1024\" src=\"http:\/\/cube-bioecon.org\/de\/wp-content\/uploads\/sites\/3\/2022\/05\/WhatsApp-Image-2022-04-11-at-3.47.41-PM-748x1024.jpeg\" alt=\"\" class=\"wp-image-148 size-full\" srcset=\"http:\/\/cube-bioecon.org\/de\/wp-content\/uploads\/sites\/3\/2022\/05\/WhatsApp-Image-2022-04-11-at-3.47.41-PM-748x1024.jpeg 748w, http:\/\/cube-bioecon.org\/de\/wp-content\/uploads\/sites\/3\/2022\/05\/WhatsApp-Image-2022-04-11-at-3.47.41-PM-219x300.jpeg 219w, http:\/\/cube-bioecon.org\/de\/wp-content\/uploads\/sites\/3\/2022\/05\/WhatsApp-Image-2022-04-11-at-3.47.41-PM-768x1051.jpeg 768w, http:\/\/cube-bioecon.org\/de\/wp-content\/uploads\/sites\/3\/2022\/05\/WhatsApp-Image-2022-04-11-at-3.47.41-PM.jpeg 789w\" sizes=\"auto, (max-width: 706px) 89vw, (max-width: 767px) 82vw, 740px\" \/><\/figure><div class=\"wp-block-media-text__content\">\n<p class=\"has-small-font-size\"><strong>MSc. Mait\u00e9 Nodarse Castillo<\/strong>, Bachelor in Biologie und Master in Integrated Coastal Zone Management. Assistenzprofessorin an der Universit\u00e4t von Cienfuegos und Forscherin am Zentrum f\u00fcr Studien zur nachhaltigen landwirtschaftlichen Transformation (CETAS). Koordinator des sektoralen Projekts &#8222;Diagnose und wirtschaftliche Bewertung von Molluskensch\u00e4dlingen in Agrar\u00f6kosystemen&#8220;.\u00a0 Mitglied der zeitweiligen Beratungsgruppe des Ministeriums f\u00fcr H\u00f6here Bildung f\u00fcr Ern\u00e4hrungssicherheit. Derzeit arbeitet er an der Entwicklung eines Fr\u00fchwarnsystems f\u00fcr Molluskensch\u00e4dlinge in der Bioproduktion.\u00a0<\/p>\n<\/div><\/div>\n","protected":false},"excerpt":{"rendered":"<p>Dr. Roberto Yasiel Garc\u00eda Due\u00f1as, Bachelor in Soziokulturellen Studien (2008) und Master in Integriertem Management von K\u00fcstengebieten (2012) von der Universit\u00e4t Cienfuegos, PhD in Soziologischen Wissenschaften (2019) von der Zentralen Universit\u00e4t &#8222;Marta Abreu&#8220; von Las Villas und Posdoc-Schreibstipendium an der Universit\u00e4t Bonn (2019). Assistenzprofessor an der Universit\u00e4t von Cienfuegos und Direktor des Zentrums f\u00fcr soziokulturelle &hellip; <\/p>\n<p class=\"link-more\"><a href=\"http:\/\/cube-bioecon.org\/de\/partner-in-kuba\/team-2\/\" class=\"more-link\"><span class=\"screen-reader-text\">\u201eTeam\u201c <\/span>weiterlesen<\/a><\/p>\n","protected":false},"author":1,"featured_media":0,"parent":22,"menu_order":0,"comment_status":"closed","ping_status":"closed","template":"","meta":{"footnotes":""},"class_list":["post-65","page","type-page","status-publish","hentry"],"_links":{"self":[{"href":"http:\/\/cube-bioecon.org\/de\/wp-json\/wp\/v2\/pages\/65","targetHints":{"allow":["GET"]}}],"collection":[{"href":"http:\/\/cube-bioecon.org\/de\/wp-json\/wp\/v2\/pages"}],"about":[{"href":"http:\/\/cube-bioecon.org\/de\/wp-json\/wp\/v2\/types\/page"}],"author":[{"embeddable":true,"href":"http:\/\/cube-bioecon.org\/de\/wp-json\/wp\/v2\/users\/1"}],"replies":[{"embeddable":true,"href":"http:\/\/cube-bioecon.org\/de\/wp-json\/wp\/v2\/comments?post=65"}],"version-history":[{"count":7,"href":"http:\/\/cube-bioecon.org\/de\/wp-json\/wp\/v2\/pages\/65\/revisions"}],"predecessor-version":[{"id":149,"href":"http:\/\/cube-bioecon.org\/de\/wp-json\/wp\/v2\/pages\/65\/revisions\/149"}],"up":[{"embeddable":true,"href":"http:\/\/cube-bioecon.org\/de\/wp-json\/wp\/v2\/pages\/22"}],"wp:attachment":[{"href":"http:\/\/cube-bioecon.org\/de\/wp-json\/wp\/v2\/media?parent=65"}],"curies":[{"name":"wp","href":"https:\/\/api.w.org\/{rel}","templated":true}]}}