{"id":70,"date":"2021-07-16T16:42:13","date_gmt":"2021-07-16T16:42:13","guid":{"rendered":"http:\/\/cube-bioecon.org\/de\/?page_id=70"},"modified":"2022-06-03T08:57:03","modified_gmt":"2022-06-03T08:57:03","slug":"team-3","status":"publish","type":"page","link":"http:\/\/cube-bioecon.org\/de\/partner-in-kuba\/team-3\/","title":{"rendered":"Team"},"content":{"rendered":"\n<div class=\"wp-block-media-text alignwide is-stacked-on-mobile\" style=\"grid-template-columns:26% auto\"><figure class=\"wp-block-media-text__media\"><img loading=\"lazy\" decoding=\"async\" width=\"394\" height=\"394\" src=\"http:\/\/cube-bioecon.org\/de\/wp-content\/uploads\/sites\/3\/2021\/07\/Jorge-Nunez-Jover-cientifico.jpg\" alt=\"\" class=\"wp-image-71 size-full\" srcset=\"http:\/\/cube-bioecon.org\/de\/wp-content\/uploads\/sites\/3\/2021\/07\/Jorge-Nunez-Jover-cientifico.jpg 394w, http:\/\/cube-bioecon.org\/de\/wp-content\/uploads\/sites\/3\/2021\/07\/Jorge-Nunez-Jover-cientifico-300x300.jpg 300w, http:\/\/cube-bioecon.org\/de\/wp-content\/uploads\/sites\/3\/2021\/07\/Jorge-Nunez-Jover-cientifico-150x150.jpg 150w, http:\/\/cube-bioecon.org\/de\/wp-content\/uploads\/sites\/3\/2021\/07\/Jorge-Nunez-Jover-cientifico-100x100.jpg 100w\" sizes=\"auto, (max-width: 394px) 100vw, 394px\" \/><\/figure><div class=\"wp-block-media-text__content\">\n<p class=\"has-small-font-size\"><strong>Dr. Jorge N\u00fa\u00f1ez Jover<\/strong>, Lizenziat in Chemie (1972) von der Universit\u00e4t Havanna; Doktor in Philosophie (1994). Professor an der Universit\u00e4t von Havanna. Pr\u00e4sident des Lehrstuhls f\u00fcr Social Studies of Science and Technology (CTS+I). Akademischer Koordinator des Netzwerks f\u00fcr Hochschulbildung und lokale Entwicklung in Kuba (GUCID). Berater des Obersten Rates der FLACSO (Lateinamerikanische Fakult\u00e4t f\u00fcr Sozialwissenschaften). Er wurde bereits mehrfach ausgezeichnet: Preis der Kubanischen Akademie der Wissenschaften in den Jahren 2000, 2013, 2016 und 2019, CLACSO (Lateinamerikanischer Rat der Sozialwissenschaften) Preis f\u00fcr &#8222;Universit\u00e4tsstudien&#8220; 2010, und erhielt den Carlos J. Finlay Orden, Preis f\u00fcr die Gesamtheit der wissenschaftlichen Arbeit. Er ist Professor Honoris Causa der Universit\u00e4t von Cienfuegos, und Autor von 24 B\u00fcchern und hundert Artikeln.<\/p>\n<\/div><\/div>\n\n\n\n<p><\/p>\n\n\n\n<div class=\"wp-block-media-text alignwide is-stacked-on-mobile\" style=\"grid-template-columns:27% auto\"><figure class=\"wp-block-media-text__media\"><img loading=\"lazy\" decoding=\"async\" width=\"285\" height=\"343\" src=\"http:\/\/cube-bioecon.org\/de\/wp-content\/uploads\/sites\/3\/2022\/06\/aurora.jpg\" alt=\"\" class=\"wp-image-154 size-full\" srcset=\"http:\/\/cube-bioecon.org\/de\/wp-content\/uploads\/sites\/3\/2022\/06\/aurora.jpg 285w, http:\/\/cube-bioecon.org\/de\/wp-content\/uploads\/sites\/3\/2022\/06\/aurora-249x300.jpg 249w\" sizes=\"auto, (max-width: 285px) 100vw, 285px\" \/><\/figure><div class=\"wp-block-media-text__content\">\n<p class=\"has-small-font-size\"><strong>Dr. Aurora M. Fern\u00e1ndez Gonz\u00e1lez<\/strong>, Wirtschaftsingenieurin (1970) von der Universit\u00e4t Havanna, Doktorin der technischen Wissenschaften (1983) von der Polytechnischen Universit\u00e4t Poznan, Polen. Professor und emeritierter Professor an der Technologischen Universit\u00e4t von Havanna. Sie war Vizeministerin f\u00fcr Hochschulbildung in Kuba und zust\u00e4ndig f\u00fcr die Bereiche Postgraduate, Wissenschaft, Technologie und Innovation (1999 &#8211; 2019). Derzeit ist sie Beraterin des Bildungsministers, koordiniert das Programm f\u00fcr universit\u00e4res Management von Wissen und Innovation f\u00fcr die Entwicklung (GUCID) des Ministeriums f\u00fcr h\u00f6here Bildung und ist Mitglied des kubanischen und iberoamerikanischen Lehrstuhls f\u00fcr Sozialstudien der Wissenschaft und Technologie (CTS+I) an der Universit\u00e4t von Havanna. Er f\u00fchrt Forschungen zu Fragen der Hochschulbildung und der territorialen Entwicklung durch, die in zahlreichen Artikeln und Kompendien zu diesem Thema ver\u00f6ffentlicht wurden.<\/p>\n<\/div><\/div>\n","protected":false},"excerpt":{"rendered":"<p>Dr. Jorge N\u00fa\u00f1ez Jover, Lizenziat in Chemie (1972) von der Universit\u00e4t Havanna; Doktor in Philosophie (1994). Professor an der Universit\u00e4t von Havanna. Pr\u00e4sident des Lehrstuhls f\u00fcr Social Studies of Science and Technology (CTS+I). Akademischer Koordinator des Netzwerks f\u00fcr Hochschulbildung und lokale Entwicklung in Kuba (GUCID). Berater des Obersten Rates der FLACSO (Lateinamerikanische Fakult\u00e4t f\u00fcr Sozialwissenschaften). &hellip; <\/p>\n<p class=\"link-more\"><a href=\"http:\/\/cube-bioecon.org\/de\/partner-in-kuba\/team-3\/\" class=\"more-link\"><span class=\"screen-reader-text\">\u201eTeam\u201c <\/span>weiterlesen<\/a><\/p>\n","protected":false},"author":1,"featured_media":0,"parent":22,"menu_order":0,"comment_status":"closed","ping_status":"closed","template":"","meta":{"footnotes":""},"class_list":["post-70","page","type-page","status-publish","hentry"],"_links":{"self":[{"href":"http:\/\/cube-bioecon.org\/de\/wp-json\/wp\/v2\/pages\/70","targetHints":{"allow":["GET"]}}],"collection":[{"href":"http:\/\/cube-bioecon.org\/de\/wp-json\/wp\/v2\/pages"}],"about":[{"href":"http:\/\/cube-bioecon.org\/de\/wp-json\/wp\/v2\/types\/page"}],"author":[{"embeddable":true,"href":"http:\/\/cube-bioecon.org\/de\/wp-json\/wp\/v2\/users\/1"}],"replies":[{"embeddable":true,"href":"http:\/\/cube-bioecon.org\/de\/wp-json\/wp\/v2\/comments?post=70"}],"version-history":[{"count":2,"href":"http:\/\/cube-bioecon.org\/de\/wp-json\/wp\/v2\/pages\/70\/revisions"}],"predecessor-version":[{"id":155,"href":"http:\/\/cube-bioecon.org\/de\/wp-json\/wp\/v2\/pages\/70\/revisions\/155"}],"up":[{"embeddable":true,"href":"http:\/\/cube-bioecon.org\/de\/wp-json\/wp\/v2\/pages\/22"}],"wp:attachment":[{"href":"http:\/\/cube-bioecon.org\/de\/wp-json\/wp\/v2\/media?parent=70"}],"curies":[{"name":"wp","href":"https:\/\/api.w.org\/{rel}","templated":true}]}}