{"id":81,"date":"2021-07-16T16:50:13","date_gmt":"2021-07-16T16:50:13","guid":{"rendered":"http:\/\/cube-bioecon.org\/de\/?page_id=81"},"modified":"2021-07-21T16:06:14","modified_gmt":"2021-07-21T16:06:14","slug":"wer-nimmt-teil","status":"publish","type":"page","link":"http:\/\/cube-bioecon.org\/de\/weiter-lesen\/wer-nimmt-teil\/","title":{"rendered":"Wer nimmt teil?"},"content":{"rendered":"\n<figure class=\"wp-block-image size-large\"><img loading=\"lazy\" decoding=\"async\" width=\"1024\" height=\"683\" src=\"http:\/\/cube-bioecon.org\/de\/wp-content\/uploads\/sites\/3\/2021\/07\/taller-y-otras-feb-2011-062-min-1024x683.jpg\" alt=\"\" class=\"wp-image-101\" srcset=\"http:\/\/cube-bioecon.org\/de\/wp-content\/uploads\/sites\/3\/2021\/07\/taller-y-otras-feb-2011-062-min-1024x683.jpg 1024w, http:\/\/cube-bioecon.org\/de\/wp-content\/uploads\/sites\/3\/2021\/07\/taller-y-otras-feb-2011-062-min-300x200.jpg 300w, http:\/\/cube-bioecon.org\/de\/wp-content\/uploads\/sites\/3\/2021\/07\/taller-y-otras-feb-2011-062-min-768x512.jpg 768w, http:\/\/cube-bioecon.org\/de\/wp-content\/uploads\/sites\/3\/2021\/07\/taller-y-otras-feb-2011-062-min-1536x1024.jpg 1536w, http:\/\/cube-bioecon.org\/de\/wp-content\/uploads\/sites\/3\/2021\/07\/taller-y-otras-feb-2011-062-min-2048x1365.jpg 2048w\" sizes=\"auto, (max-width: 767px) 89vw, (max-width: 1000px) 54vw, (max-width: 1071px) 543px, 580px\" \/><\/figure>\n\n\n\n<p>Im Rahmen des CUBE-Projekts arbeiten die deutschen Partner eng mit drei zentralen kubanischen Partnern zusammen. Sie sind Unterabteilungen oder Forschungsstationen von drei verschiedenen kubanischen Universit\u00e4ten. Ein zum kubanischen Landwirtschaftsministerium geh\u00f6rendes Trainings- und Beratungsinstitut ist ebenfalls Partner. Dar\u00fcber hinaus werden relevante Schl\u00fcsselakteure in die Ausarbeitung von Bio\u00f6konomie-Strategien einbezogen, die sozial ausgewogene territoriale Entwicklungsprozesse erm\u00f6glichen.<\/p>\n","protected":false},"excerpt":{"rendered":"<p>Im Rahmen des CUBE-Projekts arbeiten die deutschen Partner eng mit drei zentralen kubanischen Partnern zusammen. Sie sind Unterabteilungen oder Forschungsstationen von drei verschiedenen kubanischen Universit\u00e4ten. Ein zum kubanischen Landwirtschaftsministerium geh\u00f6rendes Trainings- und Beratungsinstitut ist ebenfalls Partner. Dar\u00fcber hinaus werden relevante Schl\u00fcsselakteure in die Ausarbeitung von Bio\u00f6konomie-Strategien einbezogen, die sozial ausgewogene territoriale Entwicklungsprozesse erm\u00f6glichen.<\/p>\n","protected":false},"author":1,"featured_media":0,"parent":29,"menu_order":0,"comment_status":"closed","ping_status":"closed","template":"","meta":{"footnotes":""},"class_list":["post-81","page","type-page","status-publish","hentry"],"_links":{"self":[{"href":"http:\/\/cube-bioecon.org\/de\/wp-json\/wp\/v2\/pages\/81","targetHints":{"allow":["GET"]}}],"collection":[{"href":"http:\/\/cube-bioecon.org\/de\/wp-json\/wp\/v2\/pages"}],"about":[{"href":"http:\/\/cube-bioecon.org\/de\/wp-json\/wp\/v2\/types\/page"}],"author":[{"embeddable":true,"href":"http:\/\/cube-bioecon.org\/de\/wp-json\/wp\/v2\/users\/1"}],"replies":[{"embeddable":true,"href":"http:\/\/cube-bioecon.org\/de\/wp-json\/wp\/v2\/comments?post=81"}],"version-history":[{"count":3,"href":"http:\/\/cube-bioecon.org\/de\/wp-json\/wp\/v2\/pages\/81\/revisions"}],"predecessor-version":[{"id":103,"href":"http:\/\/cube-bioecon.org\/de\/wp-json\/wp\/v2\/pages\/81\/revisions\/103"}],"up":[{"embeddable":true,"href":"http:\/\/cube-bioecon.org\/de\/wp-json\/wp\/v2\/pages\/29"}],"wp:attachment":[{"href":"http:\/\/cube-bioecon.org\/de\/wp-json\/wp\/v2\/media?parent=81"}],"curies":[{"name":"wp","href":"https:\/\/api.w.org\/{rel}","templated":true}]}}