{"id":84,"date":"2021-07-16T16:51:22","date_gmt":"2021-07-16T16:51:22","guid":{"rendered":"http:\/\/cube-bioecon.org\/de\/?page_id=84"},"modified":"2021-07-21T16:08:52","modified_gmt":"2021-07-21T16:08:52","slug":"cube-fuer-wen","status":"publish","type":"page","link":"http:\/\/cube-bioecon.org\/de\/weiter-lesen\/cube-fuer-wen\/","title":{"rendered":"CUBE f\u00fcr wen?"},"content":{"rendered":"\n<figure class=\"wp-block-image size-large\"><img loading=\"lazy\" decoding=\"async\" width=\"1024\" height=\"683\" src=\"http:\/\/cube-bioecon.org\/de\/wp-content\/uploads\/sites\/3\/2021\/07\/taller-y-otras-feb-2011-100-min-1024x683.jpg\" alt=\"\" class=\"wp-image-105\" srcset=\"http:\/\/cube-bioecon.org\/de\/wp-content\/uploads\/sites\/3\/2021\/07\/taller-y-otras-feb-2011-100-min-1024x683.jpg 1024w, http:\/\/cube-bioecon.org\/de\/wp-content\/uploads\/sites\/3\/2021\/07\/taller-y-otras-feb-2011-100-min-300x200.jpg 300w, http:\/\/cube-bioecon.org\/de\/wp-content\/uploads\/sites\/3\/2021\/07\/taller-y-otras-feb-2011-100-min-768x512.jpg 768w, http:\/\/cube-bioecon.org\/de\/wp-content\/uploads\/sites\/3\/2021\/07\/taller-y-otras-feb-2011-100-min-1536x1024.jpg 1536w, http:\/\/cube-bioecon.org\/de\/wp-content\/uploads\/sites\/3\/2021\/07\/taller-y-otras-feb-2011-100-min-2048x1365.jpg 2048w\" sizes=\"auto, (max-width: 767px) 89vw, (max-width: 1000px) 54vw, (max-width: 1071px) 543px, 580px\" \/><\/figure>\n\n\n\n<p>Der Mehrwert der internationalen Zusammenarbeit durch CUBE manifestiert sich in der Schaffung transdisziplin\u00e4rer Wissensgrundlagen f\u00fcr die Identifizierung nachhaltiger Initiativen und m\u00f6glicher Wege zur Bio\u00f6konomie als Basis f\u00fcr die territoriale Entwicklung sowie f\u00fcr die Identifizierung institutioneller, sozialer, technischer und betriebswirtschaftlicher Engp\u00e4sse.<\/p>\n\n\n\n<p><br>CUBE wird auch den Austausch und die gegenseitige Verst\u00e4rkung zwischen kubanischen und deutschen Akteuren in Wissenschaft und Praxis initiieren. In einer weiteren Phase und als Fortf\u00fchrung der bio\u00f6konomischen Forschung in Kuba ist geplant, aufbauend auf den Erfahrungen des internationalen BIGS-DR-Programms des ZEF, Ausbildungsm\u00f6glichkeiten f\u00fcr junge Wissenschaftler durch akademischen Austausch und Promotionsstudien zu er\u00f6ffnen.<\/p>\n\n\n\n<p><br>Schlie\u00dflich wird das CUBE durch die Ver\u00f6ffentlichung seiner Ergebnisse auch einen Beitrag zur internationalen Debatte dar\u00fcber leisten, wie nachhaltige und funktionale Bio\u00f6konomien in L\u00e4ndern mit niedrigem und mittlerem Einkommen entwickelt werden k\u00f6nnen.<\/p>\n","protected":false},"excerpt":{"rendered":"<p>Der Mehrwert der internationalen Zusammenarbeit durch CUBE manifestiert sich in der Schaffung transdisziplin\u00e4rer Wissensgrundlagen f\u00fcr die Identifizierung nachhaltiger Initiativen und m\u00f6glicher Wege zur Bio\u00f6konomie als Basis f\u00fcr die territoriale Entwicklung sowie f\u00fcr die Identifizierung institutioneller, sozialer, technischer und betriebswirtschaftlicher Engp\u00e4sse. CUBE wird auch den Austausch und die gegenseitige Verst\u00e4rkung zwischen kubanischen und deutschen Akteuren in &hellip; <\/p>\n<p class=\"link-more\"><a href=\"http:\/\/cube-bioecon.org\/de\/weiter-lesen\/cube-fuer-wen\/\" class=\"more-link\"><span class=\"screen-reader-text\">\u201eCUBE f\u00fcr wen?\u201c <\/span>weiterlesen<\/a><\/p>\n","protected":false},"author":1,"featured_media":0,"parent":29,"menu_order":0,"comment_status":"closed","ping_status":"closed","template":"","meta":{"footnotes":""},"class_list":["post-84","page","type-page","status-publish","hentry"],"_links":{"self":[{"href":"http:\/\/cube-bioecon.org\/de\/wp-json\/wp\/v2\/pages\/84","targetHints":{"allow":["GET"]}}],"collection":[{"href":"http:\/\/cube-bioecon.org\/de\/wp-json\/wp\/v2\/pages"}],"about":[{"href":"http:\/\/cube-bioecon.org\/de\/wp-json\/wp\/v2\/types\/page"}],"author":[{"embeddable":true,"href":"http:\/\/cube-bioecon.org\/de\/wp-json\/wp\/v2\/users\/1"}],"replies":[{"embeddable":true,"href":"http:\/\/cube-bioecon.org\/de\/wp-json\/wp\/v2\/comments?post=84"}],"version-history":[{"count":4,"href":"http:\/\/cube-bioecon.org\/de\/wp-json\/wp\/v2\/pages\/84\/revisions"}],"predecessor-version":[{"id":108,"href":"http:\/\/cube-bioecon.org\/de\/wp-json\/wp\/v2\/pages\/84\/revisions\/108"}],"up":[{"embeddable":true,"href":"http:\/\/cube-bioecon.org\/de\/wp-json\/wp\/v2\/pages\/29"}],"wp:attachment":[{"href":"http:\/\/cube-bioecon.org\/de\/wp-json\/wp\/v2\/media?parent=84"}],"curies":[{"name":"wp","href":"https:\/\/api.w.org\/{rel}","templated":true}]}}