{"id":10,"date":"2021-07-16T07:55:50","date_gmt":"2021-07-16T07:55:50","guid":{"rendered":"http:\/\/cube-bioecon.org\/es\/?page_id=10"},"modified":"2023-05-16T08:23:59","modified_gmt":"2023-05-16T08:23:59","slug":"socios-en-alemania","status":"publish","type":"page","link":"http:\/\/cube-bioecon.org\/es\/socios-en-alemania\/","title":{"rendered":"Socios en Alemania"},"content":{"rendered":"\n<figure class=\"wp-block-image size-full\"><img loading=\"lazy\" decoding=\"async\" width=\"180\" height=\"48\" src=\"http:\/\/cube-bioecon.org\/es\/wp-content\/uploads\/sites\/2\/2023\/05\/rptu_web_logo_schwarz.jpg\" alt=\"\" class=\"wp-image-176\"\/><\/figure>\n\n\n\n<p>El<strong> Instituto para Ciencias Ambientales (iES; https:\/\/nuw.rptu.de\/institute\/ies)<\/strong>, es un centro de investigaci\u00f3n interdisciplinario fundado en 2004 en la Universidad de Koblenz-Landau, hoy Kaiserslautern-Landau, en Alemania. Est\u00e1 compuesto por 12 grupos de trabajo cubriendo ciencias naturales y disciplinas socio-econ\u00f3micas, con un foco general en los efectos ambientales de las actividades humanas. El iES lleva a cabo investigaci\u00f3n transdisciplinaria v\u00eda proyectos internacionales en tres continentes, donde involucra grupos de inter\u00e9s y tomadores de decisi\u00f3n para confrontar problemas ambientales de relevancia social.<\/p>\n\n\n\n<p><strong>Para conocer los miembros de nuestro equipo, haga <a href=\"http:\/\/cube-bioecon.org\/es\/socios-en-alemania\/equipo\/\" data-type=\"URL\" data-id=\"http:\/\/cube-bioecon.org\/es\/socios-en-alemania\/equipo\/\" target=\"_blank\" rel=\"noreferrer noopener\">clic aqu\u00ed<\/a><\/strong><\/p>\n\n\n\n<p><\/p>\n\n\n\n<figure class=\"wp-block-image size-large is-resized\"><img loading=\"lazy\" decoding=\"async\" src=\"http:\/\/cube-bioecon.org\/es\/wp-content\/uploads\/sites\/2\/2021\/07\/ZEF_Logo_english-1024x252.jpg\" alt=\"\" class=\"wp-image-37\" width=\"378\" height=\"92\" srcset=\"http:\/\/cube-bioecon.org\/es\/wp-content\/uploads\/sites\/2\/2021\/07\/ZEF_Logo_english-1024x252.jpg 1024w, http:\/\/cube-bioecon.org\/es\/wp-content\/uploads\/sites\/2\/2021\/07\/ZEF_Logo_english-300x74.jpg 300w, http:\/\/cube-bioecon.org\/es\/wp-content\/uploads\/sites\/2\/2021\/07\/ZEF_Logo_english-768x189.jpg 768w, http:\/\/cube-bioecon.org\/es\/wp-content\/uploads\/sites\/2\/2021\/07\/ZEF_Logo_english.jpg 1408w\" sizes=\"auto, (max-width: 378px) 100vw, 378px\" \/><\/figure>\n\n\n\n<p>El <strong>Centro de Investigaci\u00f3n para el Desarrollo (ZEF; <\/strong><a href=\"https:\/\/www.zef.de\">https:\/\/www.zef.de<\/a>) es un instituto internacional de la Universidad de Bonn que aplica la investigaci\u00f3n interdisciplinaria y transdisciplinaria, en temas relacionados con el desarrollo. Cuenta con un programa de doctorado (BIGS-DR; <a href=\"https:\/\/www.zef.de\/doctoral-program.html\">https:\/\/www.zef.de\/doctoral-program.html<\/a>) que desde 1999 ha formado m\u00e1s de 700 candidatos de todo el mundo. ZEF opera varios proyectos relacionados a la bioeconom\u00eda, entre los que destacan: i) <em>Improving food security in Africa through increased system productivity of biomass-based value webs<\/em> (BiomassWeb; <a href=\"https:\/\/biomassweb.org\/\">https:\/\/biomassweb.org\/<\/a>) y ii) <em>Sustainable TRade and InnoVation transfer in the bioEconomy: From National Strategies to Global Sustainable Development Goals<\/em> (STRIVE; <a href=\"https:\/\/strive-bioecon.de\/\">https:\/\/strive-bioecon.de\/<\/a>).<\/p>\n\n\n\n<p><strong>Para conocer los miembros de nuestro equipo, haga <a href=\"http:\/\/cube-bioecon.org\/es\/socios-en-alemania\/equipo-2\/\" data-type=\"URL\" data-id=\"http:\/\/cube-bioecon.org\/es\/socios-en-alemania\/equipo-2\/\" target=\"_blank\" rel=\"noreferrer noopener\">clic aqu\u00ed<\/a><\/strong><\/p>\n\n\n\n<p><\/p>\n","protected":false},"excerpt":{"rendered":"<p>El Instituto para Ciencias Ambientales (iES; https:\/\/nuw.rptu.de\/institute\/ies), es un centro de investigaci\u00f3n interdisciplinario fundado en 2004 en la Universidad de Koblenz-Landau, hoy Kaiserslautern-Landau, en Alemania. Est\u00e1 compuesto por 12 grupos de trabajo cubriendo ciencias naturales y disciplinas socio-econ\u00f3micas, con un foco general en los efectos ambientales de las actividades humanas. El iES lleva a cabo &hellip; <\/p>\n<p class=\"link-more\"><a href=\"http:\/\/cube-bioecon.org\/es\/socios-en-alemania\/\" class=\"more-link\">Continuar leyendo<span class=\"screen-reader-text\"> \u00abSocios en Alemania\u00bb<\/span><\/a><\/p>\n","protected":false},"author":1,"featured_media":33,"parent":0,"menu_order":0,"comment_status":"closed","ping_status":"closed","template":"","meta":{"footnotes":""},"class_list":["post-10","page","type-page","status-publish","has-post-thumbnail","hentry"],"_links":{"self":[{"href":"http:\/\/cube-bioecon.org\/es\/wp-json\/wp\/v2\/pages\/10","targetHints":{"allow":["GET"]}}],"collection":[{"href":"http:\/\/cube-bioecon.org\/es\/wp-json\/wp\/v2\/pages"}],"about":[{"href":"http:\/\/cube-bioecon.org\/es\/wp-json\/wp\/v2\/types\/page"}],"author":[{"embeddable":true,"href":"http:\/\/cube-bioecon.org\/es\/wp-json\/wp\/v2\/users\/1"}],"replies":[{"embeddable":true,"href":"http:\/\/cube-bioecon.org\/es\/wp-json\/wp\/v2\/comments?post=10"}],"version-history":[{"count":5,"href":"http:\/\/cube-bioecon.org\/es\/wp-json\/wp\/v2\/pages\/10\/revisions"}],"predecessor-version":[{"id":177,"href":"http:\/\/cube-bioecon.org\/es\/wp-json\/wp\/v2\/pages\/10\/revisions\/177"}],"wp:featuredmedia":[{"embeddable":true,"href":"http:\/\/cube-bioecon.org\/es\/wp-json\/wp\/v2\/media\/33"}],"wp:attachment":[{"href":"http:\/\/cube-bioecon.org\/es\/wp-json\/wp\/v2\/media?parent=10"}],"curies":[{"name":"wp","href":"https:\/\/api.w.org\/{rel}","templated":true}]}}