{"id":12,"date":"2021-07-16T07:57:15","date_gmt":"2021-07-16T07:57:15","guid":{"rendered":"http:\/\/cube-bioecon.org\/es\/?page_id=12"},"modified":"2021-10-15T09:07:24","modified_gmt":"2021-10-15T09:07:24","slug":"socios-en-cuba","status":"publish","type":"page","link":"http:\/\/cube-bioecon.org\/es\/socios-en-cuba\/","title":{"rendered":"Socios en Cuba"},"content":{"rendered":"\n<figure class=\"wp-block-image size-large is-resized\"><img loading=\"lazy\" decoding=\"async\" src=\"http:\/\/cube-bioecon.org\/es\/wp-content\/uploads\/sites\/2\/2021\/07\/logotipo-EEIH-ok1-300x133-1.jpg\" alt=\"\" class=\"wp-image-49\" width=\"228\" height=\"101\"\/><\/figure>\n\n\n\n<p>La <strong>Estaci\u00f3n Experimental de Pastos y Forrajes \u00abIndio&nbsp;Hatuey\u00bb (EEPFIH<\/strong>; https:\/\/www.ihatuey.cu\/) de la Universidad de Matanzas, Cuba, fue fundada en 1962. Es un centro de investigaci\u00f3n que estudia los aspectos socioecon\u00f3micos y la gesti\u00f3n de la innovaci\u00f3n tecnol\u00f3gica en las zonas rurales. El centro contribuye al desarrollo local sostenible y a la protecci\u00f3n del medio ambiente mediante modelos de producci\u00f3n agroecol\u00f3gica que integran la producci\u00f3n de alimentos y energ\u00eda. La EEPFIH, respetando la igualdad de g\u00e9nero, promueve el desarrollo de comunidades con bajas emisiones de carbono y persigue el concepto de una econom\u00eda circular para lograr la soberan\u00eda alimentaria de manera sostenible. Por lo tanto, en el CUBE, la EEPFIH contribuir\u00e1 principalmente con su experiencia en la aplicaci\u00f3n pr\u00e1ctica de las innovaciones.<\/p>\n\n\n\n<p><strong>Para conocer los miembros de nuestro equipo, haga <a href=\"http:\/\/cube-bioecon.org\/es\/socios-en-cuba\/equipo\/\" data-type=\"URL\" data-id=\"http:\/\/cube-bioecon.org\/es\/socios-en-cuba\/equipo\/\" target=\"_blank\" rel=\"noreferrer noopener\">clic aqu\u00ed<\/a><\/strong><\/p>\n\n\n\n<figure class=\"wp-block-image size-large is-resized\"><img loading=\"lazy\" decoding=\"async\" src=\"http:\/\/cube-bioecon.org\/es\/wp-content\/uploads\/sites\/2\/2021\/07\/Logo-UCf-1024x780.jpg\" alt=\"\" class=\"wp-image-42\" width=\"175\" height=\"133\" srcset=\"http:\/\/cube-bioecon.org\/es\/wp-content\/uploads\/sites\/2\/2021\/07\/Logo-UCf-1024x780.jpg 1024w, http:\/\/cube-bioecon.org\/es\/wp-content\/uploads\/sites\/2\/2021\/07\/Logo-UCf-300x229.jpg 300w, http:\/\/cube-bioecon.org\/es\/wp-content\/uploads\/sites\/2\/2021\/07\/Logo-UCf-768x585.jpg 768w, http:\/\/cube-bioecon.org\/es\/wp-content\/uploads\/sites\/2\/2021\/07\/Logo-UCf.jpg 1437w\" sizes=\"auto, (max-width: 175px) 100vw, 175px\" \/><\/figure>\n\n\n\n<p>La <strong>Universidad de Cienfuegos (UCf<\/strong>; www.ucf.edu.cu) fue fundada en 1979 con el objetivo de promover la formaci\u00f3n integral y continua de los profesionales. La UCf contribuye a la revitalizaci\u00f3n del desarrollo socioecon\u00f3mico de Cienfuegos y de la sociedad cubana en su conjunto a trav\u00e9s del conocimiento y la innovaci\u00f3n. Tiene varios centros de investigaci\u00f3n y cuatro programas de doctorado: Ciencias de la educaci\u00f3n; Energ\u00eda sostenible y tecnolog\u00edas industriales; Desarrollo local y territorio; y Estudios sociales de la ciencia y la tecnolog\u00eda. La UCf ha implementado varios proyectos relacionados con los principios de la bioeconom\u00eda: entre ellos, 1. el Programa de Innovaci\u00f3n Agr\u00edcola Local; 2. Gesti\u00f3n Universitaria del Conocimiento y la Innovaci\u00f3n para el Desarrollo Local; 3. la \u00abUniversidad en la Monta\u00f1a\u00bb; 4. un Programa de Innovaci\u00f3n y Capacitaci\u00f3n para el Desarrollo Agr\u00edcola Sostenible en Cienfuegos. Por lo tanto, en el CUBE, la UCf aportar\u00e1 principalmente su experiencia en los procesos de desarrollo territorial.<\/p>\n\n\n\n<p><strong>Para conocer los miembros de nuestro equipo, haga <a href=\"http:\/\/cube-bioecon.org\/es\/socios-en-cuba\/equipo-2\/\" data-type=\"URL\" data-id=\"http:\/\/cube-bioecon.org\/es\/socios-en-cuba\/equipo-2\/\" target=\"_blank\" rel=\"noreferrer noopener\">clic aqu\u00ed<\/a><\/strong><\/p>\n\n\n\n<figure class=\"wp-block-image size-large is-resized\"><img loading=\"lazy\" decoding=\"async\" src=\"http:\/\/cube-bioecon.org\/es\/wp-content\/uploads\/sites\/2\/2021\/07\/UH.jpg\" alt=\"\" class=\"wp-image-41\" width=\"137\" height=\"179\" srcset=\"http:\/\/cube-bioecon.org\/es\/wp-content\/uploads\/sites\/2\/2021\/07\/UH.jpg 236w, http:\/\/cube-bioecon.org\/es\/wp-content\/uploads\/sites\/2\/2021\/07\/UH-231x300.jpg 231w\" sizes=\"auto, (max-width: 137px) 100vw, 137px\" \/><\/figure>\n\n\n\n<p>La <strong>Red Universitaria de Gesti\u00f3n del Conocimiento y la Innovaci\u00f3n para el Desarrollo Local (GUCID)<\/strong>, creada en 2006, es un programa de \u00e1mbito nacional del Ministerio de Educaci\u00f3n Superior cuya misi\u00f3n es promover las instituciones acad\u00e9micas como agentes de conocimiento e innovaci\u00f3n para el desarrollo local. La red GUCID incluye todas las universidades e institutos de investigaci\u00f3n cient\u00edfica y tecnol\u00f3gica del pa\u00eds. El GUCID tiene su sede en el <strong>Departamento de Ciencia, Tecnolog\u00eda, Sociedad e Innovaci\u00f3n (CTS+I)<\/strong> de la <strong>Universidad de La Habana<\/strong>. Por lo tanto, en el CUBO, el GUCID organizar\u00e1 principalmente intercambios con instituciones de investigaci\u00f3n interesadas y promover\u00e1 la transferencia de conocimientos a nivel nacional. A trav\u00e9s de la cooperaci\u00f3n con GUCID como un programa del Ministerio, el apoyo pol\u00edtico para el CUBE est\u00e1 garantizado. Esto tambi\u00e9n tendr\u00e1 un impacto positivo en la calidad general de la cooperaci\u00f3n. Se pueden lograr efectos de sinergia a trav\u00e9s de los diferentes focos de trabajo de las organizaciones asociadas iES, ZEF, EEPFIH, UCf y GUCID. Esto tambi\u00e9n resulta en un valor a\u00f1adido para las instituciones asociadas, que se ocupar\u00e1n espec\u00edficamente de la investigaci\u00f3n y la pr\u00e1ctica bioecon\u00f3mica a trav\u00e9s del CUBE. Se pueden intercambiar experiencias en diferentes \u00e1reas y regiones y lograr efectos de aprendizaje mutuo.<\/p>\n\n\n\n<p><strong>Para conocer los miembros de nuestro equipo, haga <a href=\"http:\/\/cube-bioecon.org\/es\/socios-en-cuba\/equipo-3\/\" data-type=\"URL\" data-id=\"http:\/\/cube-bioecon.org\/es\/socios-en-cuba\/equipo-3\/\" target=\"_blank\" rel=\"noreferrer noopener\">clic aqu\u00ed<\/a><\/strong><\/p>\n\n\n\n<figure class=\"wp-block-image size-large is-resized\"><img loading=\"lazy\" decoding=\"async\" src=\"http:\/\/cube-bioecon.org\/es\/wp-content\/uploads\/sites\/2\/2021\/07\/UEICA-logo.jpg\" alt=\"\" class=\"wp-image-40\" width=\"221\" height=\"98\"\/><\/figure>\n\n\n\n<p>La <strong>Unidad de Extensi\u00f3n, Investigaci\u00f3n y Capacitaci\u00f3n Agropecuaria de Holgu\u00edn (UEICA)<\/strong> es la &nbsp;encargada de&nbsp; ejecutar proyectos de investigaci\u00f3n, desarrollo e innovaci\u00f3n relacionados con las tecnolog\u00edas integrales para la producci\u00f3n agropecuaria y brindar servicios cient\u00edficos tecnol\u00f3gicos que contribuyen a satisfacer necesidades de conocimientos de los productores para el fomento de la biodiversidad, el progreso de los rendimientos agropecuarios y el desarrollo sostenible ; para ello cuenta&nbsp; con un capital humano compuesto por Doctores en Ciencia, M\u00e1ster, investigadores y especialistas. &nbsp;<\/p>\n\n\n\n<p>La Instituci\u00f3n, \u00fanica en la regi\u00f3n oriental del pa\u00eds, cuenta con una valiosa experiencia de m\u00e1s de tres d\u00e9cadas en la actividad de investigaci\u00f3n, extensi\u00f3n y capacitaci\u00f3n agropecuaria. Las acciones desarrolladas en los proyectos nacionales e internacionales, territoriales, empresariales y institucionales han estado dirigidas al incremento de la diversidad de especies vegetales y animales, la conservaci\u00f3n y mejoramiento de los suelos, la producci\u00f3n de biopreparados y bioplaguicidas con el uso de plantas naturales para el control de agentes nocivos, el uso de alternativas locales para la producci\u00f3n de piensos, la conservaci\u00f3n de alimentos y desarrollo de las minindustrias, el fortalecimiento de los sistema de innovaci\u00f3n agr\u00edcola local, la mejora de la disponibilidad alimentaria, y el uso de energ\u00edas renovables; &nbsp;este proceso ha estado acompa\u00f1ado de conferencias, talleres, intercambios, ferias y festivales de diversidad y tecnolog\u00edas, confecci\u00f3n de plan de acci\u00f3n seg\u00fan demanda diagnosticada, desarrollo de Posgrado, Diplomados, Especialidades y Maestr\u00edas.<\/p>\n\n\n\n<p><strong>Para conocer los miembros de nuestro equipo, haga <a href=\"http:\/\/cube-bioecon.org\/es\/socios-en-cuba\/equipo4\/\" data-type=\"URL\" data-id=\"http:\/\/cube-bioecon.org\/es\/socios-en-cuba\/equipo4\/\" target=\"_blank\" rel=\"noreferrer noopener\">clic aqu\u00ed<\/a><\/strong><\/p>\n","protected":false},"excerpt":{"rendered":"<p>La Estaci\u00f3n Experimental de Pastos y Forrajes \u00abIndio&nbsp;Hatuey\u00bb (EEPFIH; https:\/\/www.ihatuey.cu\/) de la Universidad de Matanzas, Cuba, fue fundada en 1962. Es un centro de investigaci\u00f3n que estudia los aspectos socioecon\u00f3micos y la gesti\u00f3n de la innovaci\u00f3n tecnol\u00f3gica en las zonas rurales. El centro contribuye al desarrollo local sostenible y a la protecci\u00f3n del medio ambiente &hellip; <\/p>\n<p class=\"link-more\"><a href=\"http:\/\/cube-bioecon.org\/es\/socios-en-cuba\/\" class=\"more-link\">Continuar leyendo<span class=\"screen-reader-text\"> \u00abSocios en Cuba\u00bb<\/span><\/a><\/p>\n","protected":false},"author":1,"featured_media":0,"parent":0,"menu_order":0,"comment_status":"closed","ping_status":"closed","template":"","meta":{"footnotes":""},"class_list":["post-12","page","type-page","status-publish","hentry"],"_links":{"self":[{"href":"http:\/\/cube-bioecon.org\/es\/wp-json\/wp\/v2\/pages\/12","targetHints":{"allow":["GET"]}}],"collection":[{"href":"http:\/\/cube-bioecon.org\/es\/wp-json\/wp\/v2\/pages"}],"about":[{"href":"http:\/\/cube-bioecon.org\/es\/wp-json\/wp\/v2\/types\/page"}],"author":[{"embeddable":true,"href":"http:\/\/cube-bioecon.org\/es\/wp-json\/wp\/v2\/users\/1"}],"replies":[{"embeddable":true,"href":"http:\/\/cube-bioecon.org\/es\/wp-json\/wp\/v2\/comments?post=12"}],"version-history":[{"count":8,"href":"http:\/\/cube-bioecon.org\/es\/wp-json\/wp\/v2\/pages\/12\/revisions"}],"predecessor-version":[{"id":140,"href":"http:\/\/cube-bioecon.org\/es\/wp-json\/wp\/v2\/pages\/12\/revisions\/140"}],"wp:attachment":[{"href":"http:\/\/cube-bioecon.org\/es\/wp-json\/wp\/v2\/media?parent=12"}],"curies":[{"name":"wp","href":"https:\/\/api.w.org\/{rel}","templated":true}]}}