{"id":137,"date":"2021-10-15T09:06:41","date_gmt":"2021-10-15T09:06:41","guid":{"rendered":"http:\/\/cube-bioecon.org\/es\/?page_id=137"},"modified":"2022-05-11T08:52:33","modified_gmt":"2022-05-11T08:52:33","slug":"equipo4","status":"publish","type":"page","link":"http:\/\/cube-bioecon.org\/es\/socios-en-cuba\/equipo4\/","title":{"rendered":"Equipo"},"content":{"rendered":"\n<div class=\"wp-block-media-text alignwide is-stacked-on-mobile\" style=\"grid-template-columns:27% auto\"><figure class=\"wp-block-media-text__media\"><img loading=\"lazy\" decoding=\"async\" width=\"768\" height=\"1024\" src=\"http:\/\/cube-bioecon.org\/es\/wp-content\/uploads\/sites\/2\/2021\/10\/IMG_20210423_0744491-768x1024.jpg\" alt=\"\" class=\"wp-image-138 size-full\" srcset=\"http:\/\/cube-bioecon.org\/es\/wp-content\/uploads\/sites\/2\/2021\/10\/IMG_20210423_0744491-768x1024.jpg 768w, http:\/\/cube-bioecon.org\/es\/wp-content\/uploads\/sites\/2\/2021\/10\/IMG_20210423_0744491-225x300.jpg 225w, http:\/\/cube-bioecon.org\/es\/wp-content\/uploads\/sites\/2\/2021\/10\/IMG_20210423_0744491-1152x1536.jpg 1152w, http:\/\/cube-bioecon.org\/es\/wp-content\/uploads\/sites\/2\/2021\/10\/IMG_20210423_0744491-1536x2048.jpg 1536w, http:\/\/cube-bioecon.org\/es\/wp-content\/uploads\/sites\/2\/2021\/10\/IMG_20210423_0744491-scaled.jpg 1920w\" sizes=\"auto, (max-width: 767px) 89vw, (max-width: 1000px) 54vw, (max-width: 1071px) 543px, 580px\" \/><\/figure><div class=\"wp-block-media-text__content\">\n<p class=\"has-small-font-size\"><strong>Rolando Ram\u00f3n Vega Delgado<\/strong>, Ing. Agr\u00f3nomo (2014) por la Universidad Oscar Lucero Moya de Holgu\u00edn,\u00a0 Se desempe\u00f1a como Especialista para la Cencia, la T\u00e9cnica y el Medio Ambiente de la Unidad de Extensi\u00f3n Investigaci\u00f3n y Capacitaci\u00f3n Agropecuaria de Holgu\u00edn (UEICA \u2013H). All\u00ed \u00e9l coordina diferentes proyectos y las actividades relacionadas con la investigaci\u00f3n, y dirige la actividad medio ambiental para el fomento de la biodiversidad frente al cambio clim\u00e1tico. Participa en proyectos con diferentes institutos de investigaci\u00f3n en Cuba, como el Instituto de Investigaciones Hort\u00edcolas Liliana Dimitrova y el Instituto Nacional de Ciencias Agr\u00edcolas. Actualmente cursa una especialidad de posgrado en Sistemas de Innovaci\u00f3n Agropecuarios Locales.\u00a0<\/p>\n<\/div><\/div>\n\n\n\n<p><\/p>\n\n\n\n<div class=\"wp-block-media-text alignwide is-stacked-on-mobile\" style=\"grid-template-columns:28% auto\"><figure class=\"wp-block-media-text__media\"><img loading=\"lazy\" decoding=\"async\" width=\"310\" height=\"300\" src=\"http:\/\/cube-bioecon.org\/es\/wp-content\/uploads\/sites\/2\/2021\/11\/6DFD3F8E-E222-42A3-9343-9197A3170038_1_201_a-1-907x1024-1.png\" alt=\"\" class=\"wp-image-145 size-full\" srcset=\"http:\/\/cube-bioecon.org\/es\/wp-content\/uploads\/sites\/2\/2021\/11\/6DFD3F8E-E222-42A3-9343-9197A3170038_1_201_a-1-907x1024-1.png 310w, http:\/\/cube-bioecon.org\/es\/wp-content\/uploads\/sites\/2\/2021\/11\/6DFD3F8E-E222-42A3-9343-9197A3170038_1_201_a-1-907x1024-1-300x290.png 300w\" sizes=\"auto, (max-width: 310px) 100vw, 310px\" \/><\/figure><div class=\"wp-block-media-text__content\">\n<p class=\"has-small-font-size\"><strong>Julio Reyes Mesa<\/strong>, Lic. en Contabilidad (1985) por la  Universidad de Holgu\u00edn. Fue contador principal de la Empresa de Suministros Agropecuarios de Holgu\u00edn (1988-1990) y econ\u00f3mico de la Escuela Provincial de Capacitaci\u00f3n del Ministerio de la Agricultura (1990-2000). A partir de 2000 trabaja en la UEICAH, donde fue Subdirector Econ\u00f3mico hasta 2013 y actualmente se desempe\u00f1a como especialista en proyectos de Desarrollo Local. Es graduado de cursos b\u00e1sicos para la actividad financiera de proyectos (2003-2014) impartidos por diversas instituciones cubanas, lo que le permite desempe\u00f1arse como contador de diversos proyectos internacionales como Biomas-Cuba, Fortalecimiento del Sistema de Innovaci\u00f3n Agropecuaria en el Desarrollo Local (PIAL), Apoyo a la Peque\u00f1a Industria de Piensos Locales y Suplementos Naturales para Animales) y Mejora de la Disponibilidad Alimentaria-Santiago de Cuba y Guant\u00e1namo donde intervienen organizaciones nacionales e internacionales.<\/p>\n<\/div><\/div>\n\n\n\n<p><\/p>\n\n\n\n<div class=\"wp-block-media-text alignwide is-stacked-on-mobile\" style=\"grid-template-columns:26% auto\"><figure class=\"wp-block-media-text__media\"><img loading=\"lazy\" decoding=\"async\" width=\"500\" height=\"800\" src=\"http:\/\/cube-bioecon.org\/es\/wp-content\/uploads\/sites\/2\/2022\/05\/IMG-9801.jpg\" alt=\"\" class=\"wp-image-171 size-full\" srcset=\"http:\/\/cube-bioecon.org\/es\/wp-content\/uploads\/sites\/2\/2022\/05\/IMG-9801.jpg 500w, http:\/\/cube-bioecon.org\/es\/wp-content\/uploads\/sites\/2\/2022\/05\/IMG-9801-188x300.jpg 188w\" sizes=\"auto, (max-width: 500px) 100vw, 500px\" \/><\/figure><div class=\"wp-block-media-text__content\">\n<p class=\"has-small-font-size\"><strong>Leoncio Gee Colombat<\/strong>, Ingeniero en Procesos Agroindustriales (2013) por la Universidad de Holgu\u00edn, Especialista en extensi\u00f3n agraria (2018) por la Universidad de Holgu\u00edn. Es extensionista agrario en el municipio de Cueto en Holgu\u00edn. Coordina proyectos de desarrollo local y la actividad de ciencia innovaci\u00f3n y extensi\u00f3n agraria en el municipio Cueto. Como parte de su trabajo, introduce tecnolog\u00edas y nuevas variedades de cultivo procedentes de la UEICAH y otros institutos nacionales a trav\u00e9s del sistema de extensi\u00f3n agraria de la UEICAH y trabaja estrechamente con la Universidad de Holgu\u00edn en la formaci\u00f3n de nuevos especialistas de extensi\u00f3n agraria.<\/p>\n<\/div><\/div>\n\n\n\n<p><\/p>\n","protected":false},"excerpt":{"rendered":"<p>Rolando Ram\u00f3n Vega Delgado, Ing. Agr\u00f3nomo (2014) por la Universidad Oscar Lucero Moya de Holgu\u00edn,\u00a0 Se desempe\u00f1a como Especialista para la Cencia, la T\u00e9cnica y el Medio Ambiente de la Unidad de Extensi\u00f3n Investigaci\u00f3n y Capacitaci\u00f3n Agropecuaria de Holgu\u00edn (UEICA \u2013H). All\u00ed \u00e9l coordina diferentes proyectos y las actividades relacionadas con la investigaci\u00f3n, y dirige &hellip; <\/p>\n<p class=\"link-more\"><a href=\"http:\/\/cube-bioecon.org\/es\/socios-en-cuba\/equipo4\/\" class=\"more-link\">Continuar leyendo<span class=\"screen-reader-text\"> \u00abEquipo\u00bb<\/span><\/a><\/p>\n","protected":false},"author":1,"featured_media":0,"parent":12,"menu_order":0,"comment_status":"closed","ping_status":"closed","template":"","meta":{"footnotes":""},"class_list":["post-137","page","type-page","status-publish","hentry"],"_links":{"self":[{"href":"http:\/\/cube-bioecon.org\/es\/wp-json\/wp\/v2\/pages\/137","targetHints":{"allow":["GET"]}}],"collection":[{"href":"http:\/\/cube-bioecon.org\/es\/wp-json\/wp\/v2\/pages"}],"about":[{"href":"http:\/\/cube-bioecon.org\/es\/wp-json\/wp\/v2\/types\/page"}],"author":[{"embeddable":true,"href":"http:\/\/cube-bioecon.org\/es\/wp-json\/wp\/v2\/users\/1"}],"replies":[{"embeddable":true,"href":"http:\/\/cube-bioecon.org\/es\/wp-json\/wp\/v2\/comments?post=137"}],"version-history":[{"count":6,"href":"http:\/\/cube-bioecon.org\/es\/wp-json\/wp\/v2\/pages\/137\/revisions"}],"predecessor-version":[{"id":172,"href":"http:\/\/cube-bioecon.org\/es\/wp-json\/wp\/v2\/pages\/137\/revisions\/172"}],"up":[{"embeddable":true,"href":"http:\/\/cube-bioecon.org\/es\/wp-json\/wp\/v2\/pages\/12"}],"wp:attachment":[{"href":"http:\/\/cube-bioecon.org\/es\/wp-json\/wp\/v2\/media?parent=137"}],"curies":[{"name":"wp","href":"https:\/\/api.w.org\/{rel}","templated":true}]}}