{"id":5,"date":"2021-07-16T07:52:43","date_gmt":"2021-07-16T07:52:43","guid":{"rendered":"http:\/\/cube-bioecon.org\/es\/?page_id=5"},"modified":"2021-07-16T08:07:45","modified_gmt":"2021-07-16T08:07:45","slug":"breve-descripcion-del-proyecto","status":"publish","type":"page","link":"http:\/\/cube-bioecon.org\/es\/","title":{"rendered":"Breve descripci\u00f3n del proyecto"},"content":{"rendered":"\n<p>La bioeconom\u00eda puede servir de base para sistemas de producci\u00f3n m\u00e1s sostenibles y un uso m\u00e1s eficiente de los recursos naturales. La regi\u00f3n de Am\u00e9rica Latina y el Caribe tiene un alto potencial para el uso sostenible de su enorme riqueza natural; sin embargo, al mismo tiempo, existen factores que limitan las posibilidades de la bioeconom\u00eda, como la falta de reglamentaci\u00f3n, el acceso limitado a los mercados, la falta de oportunidades de financiaci\u00f3n y la insuficiente capacidad de investigaci\u00f3n y desarrollo. Cuba no est\u00e1 exenta de esta situaci\u00f3n general. Sin embargo, desde hace varios a\u00f1os, la isla ha venido promoviendo pol\u00edticas agr\u00edcolas, tecnol\u00f3gicas y socioecon\u00f3micas acordes con la perspectiva bioecon\u00f3mica. En este contexto, surgen dos preguntas: \u00bfc\u00f3mo se pueden fortalecer los sistemas agr\u00edcolas cubanos y la base de conocimientos y tecnolog\u00eda para permitir el desarrollo territorial basado en la bioeconom\u00eda, y qu\u00e9 caminos de transformaci\u00f3n en esta direcci\u00f3n son posibles y deseables?<\/p>\n\n\n\n<p>El proyecto Cuban BioEconomy (CUBE) <strong>tiene por objeto fomentar <\/strong>los intercambios interdisciplinarios y transdisciplinarios entre los agentes de la agricultura y la bioeconom\u00eda en Cuba y Alemania para explorar v\u00edas de desarrollo y consolidaci\u00f3n de redes de valor que puedan contribuir al desarrollo territorial. Una bioeconom\u00eda as\u00ed concebida puede contribuir de forma importante a la lucha contra el cambio clim\u00e1tico y a la seguridad alimentaria, especialmente en Cuba. El punto de partida del proyecto es la cooperaci\u00f3n existente entre los socios alemanes y cubanos del proyecto en el campo de la bioeconom\u00eda, que ahora se ampliar\u00e1 tanto en t\u00e9rminos de contenido como de alcance y se desarrollar\u00e1 en el sentido de una cooperaci\u00f3n a largo plazo y permanente<\/p>\n\n\n\n<div class=\"wp-block-media-text alignwide has-media-on-the-right is-stacked-on-mobile\" style=\"grid-template-columns:auto 32%\"><figure class=\"wp-block-media-text__media\"><img loading=\"lazy\" decoding=\"async\" width=\"1024\" height=\"634\" src=\"http:\/\/cube-bioecon.org\/es\/wp-content\/uploads\/sites\/2\/2021\/07\/1200px-BMBF_Logo.svg_-1024x634.png\" alt=\"\" class=\"wp-image-19 size-full\" srcset=\"http:\/\/cube-bioecon.org\/es\/wp-content\/uploads\/sites\/2\/2021\/07\/1200px-BMBF_Logo.svg_-1024x634.png 1024w, http:\/\/cube-bioecon.org\/es\/wp-content\/uploads\/sites\/2\/2021\/07\/1200px-BMBF_Logo.svg_-300x186.png 300w, http:\/\/cube-bioecon.org\/es\/wp-content\/uploads\/sites\/2\/2021\/07\/1200px-BMBF_Logo.svg_-768x476.png 768w, http:\/\/cube-bioecon.org\/es\/wp-content\/uploads\/sites\/2\/2021\/07\/1200px-BMBF_Logo.svg_.png 1200w\" sizes=\"auto, (max-width: 767px) 89vw, (max-width: 1000px) 54vw, (max-width: 1071px) 543px, 580px\" \/><\/figure><div class=\"wp-block-media-text__content\">\n<p><strong>Per\u00edodo:<\/strong> 01.07.2021 &#8211; 30.06.2023<\/p>\n\n\n\n<p><strong>Financiado por: <\/strong>Ministerio Federal de Educaci\u00f3n e Investigaci\u00f3n (BMBF)<\/p>\n<\/div><\/div>\n\n\n\n<p><\/p>\n","protected":false},"excerpt":{"rendered":"<p>La bioeconom\u00eda puede servir de base para sistemas de producci\u00f3n m\u00e1s sostenibles y un uso m\u00e1s eficiente de los recursos naturales. La regi\u00f3n de Am\u00e9rica Latina y el Caribe tiene un alto potencial para el uso sostenible de su enorme riqueza natural; sin embargo, al mismo tiempo, existen factores que limitan las posibilidades de la &hellip; <\/p>\n<p class=\"link-more\"><a href=\"http:\/\/cube-bioecon.org\/es\/\" class=\"more-link\">Continuar leyendo<span class=\"screen-reader-text\"> \u00abBreve descripci\u00f3n del proyecto\u00bb<\/span><\/a><\/p>\n","protected":false},"author":1,"featured_media":0,"parent":0,"menu_order":0,"comment_status":"closed","ping_status":"closed","template":"","meta":{"footnotes":""},"class_list":["post-5","page","type-page","status-publish","hentry"],"_links":{"self":[{"href":"http:\/\/cube-bioecon.org\/es\/wp-json\/wp\/v2\/pages\/5","targetHints":{"allow":["GET"]}}],"collection":[{"href":"http:\/\/cube-bioecon.org\/es\/wp-json\/wp\/v2\/pages"}],"about":[{"href":"http:\/\/cube-bioecon.org\/es\/wp-json\/wp\/v2\/types\/page"}],"author":[{"embeddable":true,"href":"http:\/\/cube-bioecon.org\/es\/wp-json\/wp\/v2\/users\/1"}],"replies":[{"embeddable":true,"href":"http:\/\/cube-bioecon.org\/es\/wp-json\/wp\/v2\/comments?post=5"}],"version-history":[{"count":2,"href":"http:\/\/cube-bioecon.org\/es\/wp-json\/wp\/v2\/pages\/5\/revisions"}],"predecessor-version":[{"id":20,"href":"http:\/\/cube-bioecon.org\/es\/wp-json\/wp\/v2\/pages\/5\/revisions\/20"}],"wp:attachment":[{"href":"http:\/\/cube-bioecon.org\/es\/wp-json\/wp\/v2\/media?parent=5"}],"curies":[{"name":"wp","href":"https:\/\/api.w.org\/{rel}","templated":true}]}}