{"id":56,"date":"2021-07-16T08:59:12","date_gmt":"2021-07-16T08:59:12","guid":{"rendered":"http:\/\/cube-bioecon.org\/es\/?page_id=56"},"modified":"2023-05-16T08:25:50","modified_gmt":"2023-05-16T08:25:50","slug":"equipo","status":"publish","type":"page","link":"http:\/\/cube-bioecon.org\/es\/socios-en-alemania\/equipo\/","title":{"rendered":"Equipo"},"content":{"rendered":"\n<div class=\"wp-block-media-text alignwide is-stacked-on-mobile\" style=\"grid-template-columns:18% auto\"><figure class=\"wp-block-media-text__media\"><img loading=\"lazy\" decoding=\"async\" width=\"133\" height=\"200\" src=\"http:\/\/cube-bioecon.org\/es\/wp-content\/uploads\/sites\/2\/2021\/07\/oliver-fro\u0308r.jpg\" alt=\"\" class=\"wp-image-57 size-full\"\/><\/figure><div class=\"wp-block-media-text__content\">\n<p class=\"has-small-font-size\">El <strong>Prof. Dr. Oliver Fr\u00f6r<\/strong> dirige el Grupo de Econom\u00eda Ambiental del iES Landau de la Universidad de Kaiserslautern-Landau. Su investigaci\u00f3n se centra en los m\u00e9todos de valoraci\u00f3n del medio ambiente y los recursos naturales para las pol\u00edticas de uso sostenible del suelo y el medio ambiente. Tiene una amplia experiencia en proyectos transdisciplinares de investigaci\u00f3n socioecol\u00f3gica sobre biodiversidad, uso del agua y recursos naturales en Alemania, Asia, Norte de \u00c1frica y Am\u00e9rica Latina.<\/p>\n<\/div><\/div>\n\n\n\n<p><\/p>\n\n\n\n<div class=\"wp-block-media-text alignwide is-stacked-on-mobile\" style=\"grid-template-columns:19% auto\"><figure class=\"wp-block-media-text__media\"><img loading=\"lazy\" decoding=\"async\" width=\"105\" height=\"140\" src=\"http:\/\/cube-bioecon.org\/es\/wp-content\/uploads\/sites\/2\/2021\/07\/Daniel-Callo-Concha.jpg\" alt=\"\" class=\"wp-image-58 size-full\"\/><\/figure><div class=\"wp-block-media-text__content\">\n<p class=\"has-small-font-size\">El <strong>Dr. Daniel Callo-Concha<\/strong> es investigador del Instituto de Ciencias Ambientales (iES) de la Universidad de Kaiserslautern-Landau e investigador asociado del Centro de Investigaci\u00f3n para el Desarrollo (ZEF) de la Universidad de Bonn. Lleva 20 a\u00f1os trabajando en Am\u00e9rica Latina y \u00c1frica. Su investigaci\u00f3n actual se centra en la resiliencia de los sistemas socioecol\u00f3gicos, la adaptaci\u00f3n al cambio clim\u00e1tico, as\u00ed como la seguridad alimentaria y nutricional, la urbanizaci\u00f3n y la miner\u00eda sostenible.<\/p>\n<\/div><\/div>\n\n\n\n<p><\/p>\n\n\n\n<div class=\"wp-block-media-text alignwide is-stacked-on-mobile\" style=\"grid-template-columns:22% auto\"><figure class=\"wp-block-media-text__media\"><img loading=\"lazy\" decoding=\"async\" width=\"907\" height=\"1024\" src=\"http:\/\/cube-bioecon.org\/es\/wp-content\/uploads\/sites\/2\/2021\/07\/6DFD3F8E-E222-42A3-9343-9197A3170038_1_201_a-1-907x1024-1.jpeg\" alt=\"\" class=\"wp-image-59 size-full\" srcset=\"http:\/\/cube-bioecon.org\/es\/wp-content\/uploads\/sites\/2\/2021\/07\/6DFD3F8E-E222-42A3-9343-9197A3170038_1_201_a-1-907x1024-1.jpeg 907w, http:\/\/cube-bioecon.org\/es\/wp-content\/uploads\/sites\/2\/2021\/07\/6DFD3F8E-E222-42A3-9343-9197A3170038_1_201_a-1-907x1024-1-266x300.jpeg 266w, http:\/\/cube-bioecon.org\/es\/wp-content\/uploads\/sites\/2\/2021\/07\/6DFD3F8E-E222-42A3-9343-9197A3170038_1_201_a-1-907x1024-1-768x867.jpeg 768w\" sizes=\"auto, (max-width: 767px) 89vw, (max-width: 1000px) 54vw, (max-width: 1071px) 543px, 580px\" \/><\/figure><div class=\"wp-block-media-text__content\">\n<p class=\"has-small-font-size\"><strong>Dra. Galia Figueroa Alfonso<\/strong> es investigadora junior del Instituto de Ciencias Ambientales (iES) de la Universidad de Kaiserslautern-Landau. Tiene un doctorado en Ciencias Agr\u00edcolas de la Universidad de Bonn,  una maestr\u00eda en Desarrollo Social y una licenciatura en Sociolog\u00eda por la Universidad de La Habana. Trabaj\u00f3 durante diez a\u00f1os en dos universidades cubanas. Paralelamente a su actividad docente e investigadora, particip\u00f3 en proyectos de cooperaci\u00f3n internacional relacionados con la agricultura ecol\u00f3gica y la modernizaci\u00f3n de la agricultura cubana. Su tesis doctoral explor\u00f3 el futuro del movimiento agroecol\u00f3gico cubano a trav\u00e9s del an\u00e1lisis del discurso pol\u00edtico y las pol\u00edticas agr\u00edcolas de los \u00faltimos 30 a\u00f1os en Cuba.<\/p>\n<\/div><\/div>\n\n\n\n<p><\/p>\n","protected":false},"excerpt":{"rendered":"<p>El Prof. Dr. Oliver Fr\u00f6r dirige el Grupo de Econom\u00eda Ambiental del iES Landau de la Universidad de Kaiserslautern-Landau. Su investigaci\u00f3n se centra en los m\u00e9todos de valoraci\u00f3n del medio ambiente y los recursos naturales para las pol\u00edticas de uso sostenible del suelo y el medio ambiente. Tiene una amplia experiencia en proyectos transdisciplinares de &hellip; <\/p>\n<p class=\"link-more\"><a href=\"http:\/\/cube-bioecon.org\/es\/socios-en-alemania\/equipo\/\" class=\"more-link\">Continuar leyendo<span class=\"screen-reader-text\"> \u00abEquipo\u00bb<\/span><\/a><\/p>\n","protected":false},"author":1,"featured_media":0,"parent":10,"menu_order":0,"comment_status":"closed","ping_status":"closed","template":"","meta":{"footnotes":""},"class_list":["post-56","page","type-page","status-publish","hentry"],"_links":{"self":[{"href":"http:\/\/cube-bioecon.org\/es\/wp-json\/wp\/v2\/pages\/56","targetHints":{"allow":["GET"]}}],"collection":[{"href":"http:\/\/cube-bioecon.org\/es\/wp-json\/wp\/v2\/pages"}],"about":[{"href":"http:\/\/cube-bioecon.org\/es\/wp-json\/wp\/v2\/types\/page"}],"author":[{"embeddable":true,"href":"http:\/\/cube-bioecon.org\/es\/wp-json\/wp\/v2\/users\/1"}],"replies":[{"embeddable":true,"href":"http:\/\/cube-bioecon.org\/es\/wp-json\/wp\/v2\/comments?post=56"}],"version-history":[{"count":3,"href":"http:\/\/cube-bioecon.org\/es\/wp-json\/wp\/v2\/pages\/56\/revisions"}],"predecessor-version":[{"id":179,"href":"http:\/\/cube-bioecon.org\/es\/wp-json\/wp\/v2\/pages\/56\/revisions\/179"}],"up":[{"embeddable":true,"href":"http:\/\/cube-bioecon.org\/es\/wp-json\/wp\/v2\/pages\/10"}],"wp:attachment":[{"href":"http:\/\/cube-bioecon.org\/es\/wp-json\/wp\/v2\/media?parent=56"}],"curies":[{"name":"wp","href":"https:\/\/api.w.org\/{rel}","templated":true}]}}