{"id":62,"date":"2021-07-16T09:06:03","date_gmt":"2021-07-16T09:06:03","guid":{"rendered":"http:\/\/cube-bioecon.org\/es\/?page_id=62"},"modified":"2021-07-16T09:06:03","modified_gmt":"2021-07-16T09:06:03","slug":"equipo-2","status":"publish","type":"page","link":"http:\/\/cube-bioecon.org\/es\/socios-en-alemania\/equipo-2\/","title":{"rendered":"Equipo"},"content":{"rendered":"\n<div class=\"wp-block-media-text alignwide is-stacked-on-mobile\" style=\"grid-template-columns:24% auto\"><figure class=\"wp-block-media-text__media\"><img loading=\"lazy\" decoding=\"async\" width=\"215\" height=\"215\" src=\"http:\/\/cube-bioecon.org\/es\/wp-content\/uploads\/sites\/2\/2021\/07\/Manfred-Denich.jpg\" alt=\"\" class=\"wp-image-63 size-full\" srcset=\"http:\/\/cube-bioecon.org\/es\/wp-content\/uploads\/sites\/2\/2021\/07\/Manfred-Denich.jpg 215w, http:\/\/cube-bioecon.org\/es\/wp-content\/uploads\/sites\/2\/2021\/07\/Manfred-Denich-150x150.jpg 150w, http:\/\/cube-bioecon.org\/es\/wp-content\/uploads\/sites\/2\/2021\/07\/Manfred-Denich-100x100.jpg 100w\" sizes=\"auto, (max-width: 215px) 100vw, 215px\" \/><\/figure><div class=\"wp-block-media-text__content\">\n<p class=\"has-small-font-size\">El <strong>Dr. Manfred Denich<\/strong> es cient\u00edfico del Departamento de Ecolog\u00eda y Gesti\u00f3n de Recursos Naturales del Centro de Investigaci\u00f3n para el Desarrollo (ZEF) de la Universidad de Bonn. Es licenciado en biolog\u00eda y agricultura y ha trabajado durante m\u00e1s de 30 a\u00f1os en los tr\u00f3picos y subtr\u00f3picos de todo el mundo. Su trabajo se centra en los sistemas de uso de la tierra (agrosilvicultura), la conservaci\u00f3n y el uso de la biodiversidad, la producci\u00f3n de biomasa, la seguridad alimentaria, las energ\u00edas renovables y la investigaci\u00f3n transdisciplinar del desarrollo.<\/p>\n<\/div><\/div>\n\n\n\n<p><\/p>\n\n\n\n<div class=\"wp-block-media-text alignwide is-stacked-on-mobile\" style=\"grid-template-columns:24% auto\"><figure class=\"wp-block-media-text__media\"><img loading=\"lazy\" decoding=\"async\" width=\"533\" height=\"532\" src=\"http:\/\/cube-bioecon.org\/es\/wp-content\/uploads\/sites\/2\/2021\/07\/Jochen-Du\u0308rr.jpg\" alt=\"\" class=\"wp-image-64 size-full\" srcset=\"http:\/\/cube-bioecon.org\/es\/wp-content\/uploads\/sites\/2\/2021\/07\/Jochen-Du\u0308rr.jpg 533w, http:\/\/cube-bioecon.org\/es\/wp-content\/uploads\/sites\/2\/2021\/07\/Jochen-Du\u0308rr-300x300.jpg 300w, http:\/\/cube-bioecon.org\/es\/wp-content\/uploads\/sites\/2\/2021\/07\/Jochen-Du\u0308rr-150x150.jpg 150w, http:\/\/cube-bioecon.org\/es\/wp-content\/uploads\/sites\/2\/2021\/07\/Jochen-Du\u0308rr-100x100.jpg 100w\" sizes=\"auto, (max-width: 533px) 100vw, 533px\" \/><\/figure><div class=\"wp-block-media-text__content\">\n<p class=\"has-small-font-size\">El <strong>Dr. Jochen D\u00fcrr<\/strong> es investigador principal del Centro de Investigaci\u00f3n para el Desarrollo (ZEF) de la Universidad de Bonn. Es doctor en Econom\u00eda por la Facultad de Ciencias Agrarias Org\u00e1nicas de la Universidad de Kassel. Comenz\u00f3 su carrera en el Servicio Alem\u00e1n de Desarrollo en Am\u00e9rica Latina, donde trabaj\u00f3 principalmente en las cadenas de valor de los productos de los peque\u00f1os agricultores. En el ZEF coordin\u00f3 un proyecto de investigaci\u00f3n y desarrollo de capacidades en seguridad alimentaria en Etiop\u00eda y Madagascar. Actualmente investiga sobre las cadenas de valor de los insectos comestibles en Madagascar y Myanmar y sobre la bioeconom\u00eda en Argentina (proyecto STRIVE).<\/p>\n<\/div><\/div>\n\n\n\n<p><\/p>\n\n\n\n<div class=\"wp-block-media-text alignwide is-stacked-on-mobile\" style=\"grid-template-columns:22% auto\"><figure class=\"wp-block-media-text__media\"><img loading=\"lazy\" decoding=\"async\" width=\"714\" height=\"1024\" src=\"http:\/\/cube-bioecon.org\/es\/wp-content\/uploads\/sites\/2\/2021\/07\/Avile\u0301s-Irahola_Photo-min-714x1024.jpg\" alt=\"\" class=\"wp-image-65 size-full\" srcset=\"http:\/\/cube-bioecon.org\/es\/wp-content\/uploads\/sites\/2\/2021\/07\/Avile\u0301s-Irahola_Photo-min-714x1024.jpg 714w, http:\/\/cube-bioecon.org\/es\/wp-content\/uploads\/sites\/2\/2021\/07\/Avile\u0301s-Irahola_Photo-min-209x300.jpg 209w, http:\/\/cube-bioecon.org\/es\/wp-content\/uploads\/sites\/2\/2021\/07\/Avile\u0301s-Irahola_Photo-min-768x1102.jpg 768w, http:\/\/cube-bioecon.org\/es\/wp-content\/uploads\/sites\/2\/2021\/07\/Avile\u0301s-Irahola_Photo-min-1070x1536.jpg 1070w, http:\/\/cube-bioecon.org\/es\/wp-content\/uploads\/sites\/2\/2021\/07\/Avile\u0301s-Irahola_Photo-min-1427x2048.jpg 1427w, http:\/\/cube-bioecon.org\/es\/wp-content\/uploads\/sites\/2\/2021\/07\/Avile\u0301s-Irahola_Photo-min-scaled.jpg 1784w\" sizes=\"auto, (max-width: 714px) 100vw, 714px\" \/><\/figure><div class=\"wp-block-media-text__content\">\n<p class=\"has-small-font-size\">La <strong>Dra. Dennis Lucy Avil\u00e9s Irahola<\/strong> es una acad\u00e9mica en estudios de g\u00e9nero y desarrollo con muchos a\u00f1os de experiencia como consultora en organizaciones de desarrollo de todo el mundo, especialmente en Am\u00e9rica Latina. Naci\u00f3 en Bolivia, donde estudi\u00f3 ciencias agr\u00edcolas, y tiene un m\u00e1ster en Ecolog\u00eda Humana por la Universidad Libre de Bruselas y un doctorado en Estudios del Desarrollo por la Universidad de Bonn. Es investigadora asociada en la Red de Investigaci\u00f3n sobre Am\u00e9rica Latina de la Universidad de Bonn y actualmente es miembro del Centro Internacional de Mujeres de Bonn (IFZ) y de Women Organizing for Change in Agriculture and NRM (WOCAN). Desde enero de 2019, trabaja como investigadora senior en el Centro de Investigaci\u00f3n para el Desarrollo (ZEF) de la Universidad de Bonn.<\/p>\n<\/div><\/div>\n","protected":false},"excerpt":{"rendered":"<p>El Dr. Manfred Denich es cient\u00edfico del Departamento de Ecolog\u00eda y Gesti\u00f3n de Recursos Naturales del Centro de Investigaci\u00f3n para el Desarrollo (ZEF) de la Universidad de Bonn. Es licenciado en biolog\u00eda y agricultura y ha trabajado durante m\u00e1s de 30 a\u00f1os en los tr\u00f3picos y subtr\u00f3picos de todo el mundo. Su trabajo se centra &hellip; <\/p>\n<p class=\"link-more\"><a href=\"http:\/\/cube-bioecon.org\/es\/socios-en-alemania\/equipo-2\/\" class=\"more-link\">Continuar leyendo<span class=\"screen-reader-text\"> \u00abEquipo\u00bb<\/span><\/a><\/p>\n","protected":false},"author":1,"featured_media":0,"parent":10,"menu_order":0,"comment_status":"closed","ping_status":"closed","template":"","meta":{"footnotes":""},"class_list":["post-62","page","type-page","status-publish","hentry"],"_links":{"self":[{"href":"http:\/\/cube-bioecon.org\/es\/wp-json\/wp\/v2\/pages\/62","targetHints":{"allow":["GET"]}}],"collection":[{"href":"http:\/\/cube-bioecon.org\/es\/wp-json\/wp\/v2\/pages"}],"about":[{"href":"http:\/\/cube-bioecon.org\/es\/wp-json\/wp\/v2\/types\/page"}],"author":[{"embeddable":true,"href":"http:\/\/cube-bioecon.org\/es\/wp-json\/wp\/v2\/users\/1"}],"replies":[{"embeddable":true,"href":"http:\/\/cube-bioecon.org\/es\/wp-json\/wp\/v2\/comments?post=62"}],"version-history":[{"count":1,"href":"http:\/\/cube-bioecon.org\/es\/wp-json\/wp\/v2\/pages\/62\/revisions"}],"predecessor-version":[{"id":66,"href":"http:\/\/cube-bioecon.org\/es\/wp-json\/wp\/v2\/pages\/62\/revisions\/66"}],"up":[{"embeddable":true,"href":"http:\/\/cube-bioecon.org\/es\/wp-json\/wp\/v2\/pages\/10"}],"wp:attachment":[{"href":"http:\/\/cube-bioecon.org\/es\/wp-json\/wp\/v2\/media?parent=62"}],"curies":[{"name":"wp","href":"https:\/\/api.w.org\/{rel}","templated":true}]}}