{"id":69,"date":"2021-07-16T09:25:13","date_gmt":"2021-07-16T09:25:13","guid":{"rendered":"http:\/\/cube-bioecon.org\/es\/?page_id=69"},"modified":"2021-07-16T09:25:13","modified_gmt":"2021-07-16T09:25:13","slug":"equipo","status":"publish","type":"page","link":"http:\/\/cube-bioecon.org\/es\/socios-en-cuba\/equipo\/","title":{"rendered":"Equipo"},"content":{"rendered":"\n<div class=\"wp-block-media-text alignwide is-stacked-on-mobile\" style=\"grid-template-columns:20% auto\"><figure class=\"wp-block-media-text__media\"><img loading=\"lazy\" decoding=\"async\" width=\"150\" height=\"236\" src=\"http:\/\/cube-bioecon.org\/es\/wp-content\/uploads\/sites\/2\/2021\/07\/giraldo_martin.jpg\" alt=\"\" class=\"wp-image-70 size-full\"\/><\/figure><div class=\"wp-block-media-text__content\">\n<p class=\"has-small-font-size\"><strong>Dr. Giraldo Jes\u00fas Mart\u00edn Mart\u00edn<\/strong>, Ing. Agr\u00f3nomo (1983) por la Universidad de Matanzas. Profesor de la Facultad de Agronom\u00eda de la Universidad de Matanzas (1983-1985). A partir de 1985 trabaja en la Estaci\u00f3n Experimental de Pastos y Forrajes \u201cIndio Hatuey\u201d, de la cual fue director entre 1997 &#8211; 2020. Doctor en Ciencias Agr\u00edcolas (2004). Es Investigador y Profesor Titular. \u00a0Actualmente dirige el proyecto internacional Biomas-Cuba financiado por la Agencia Suiza de Cooperaci\u00f3n Internacional (COSUDE). Ha desarrollado su actividad cient\u00edfica en el campo de la evaluaci\u00f3n y selecci\u00f3n de especies forrajeras y en los Sistemas Sostenibles de Producci\u00f3n Agropecuaria. Ha participado y dirigido varios proyectos nacionales e internacionales.<\/p>\n<\/div><\/div>\n\n\n\n<p><\/p>\n\n\n\n<div class=\"wp-block-media-text alignwide is-stacked-on-mobile\" style=\"grid-template-columns:25% auto\"><figure class=\"wp-block-media-text__media\"><img loading=\"lazy\" decoding=\"async\" width=\"512\" height=\"512\" src=\"http:\/\/cube-bioecon.org\/es\/wp-content\/uploads\/sites\/2\/2021\/07\/Taymer-Miranda-Tortolo.jpg\" alt=\"\" class=\"wp-image-71 size-full\" srcset=\"http:\/\/cube-bioecon.org\/es\/wp-content\/uploads\/sites\/2\/2021\/07\/Taymer-Miranda-Tortolo.jpg 512w, http:\/\/cube-bioecon.org\/es\/wp-content\/uploads\/sites\/2\/2021\/07\/Taymer-Miranda-Tortolo-300x300.jpg 300w, http:\/\/cube-bioecon.org\/es\/wp-content\/uploads\/sites\/2\/2021\/07\/Taymer-Miranda-Tortolo-150x150.jpg 150w, http:\/\/cube-bioecon.org\/es\/wp-content\/uploads\/sites\/2\/2021\/07\/Taymer-Miranda-Tortolo-100x100.jpg 100w\" sizes=\"auto, (max-width: 512px) 100vw, 512px\" \/><\/figure><div class=\"wp-block-media-text__content\">\n<p class=\"has-small-font-size\"><strong>MSc. Taymer Miranda Tortol\u00f3<\/strong>, Licenciada en Contabilidad y Finanzas (1998) por la Universidad de Matanzas. Master en \u201cGesti\u00f3n y desarrollo de cooperativas\u201d, FLACSO, Universidad de la Habana (Programa Cuba. 2006). Facilitadora CEFE (Competencias como bases de la econom\u00eda a trav\u00e9s de la Formaci\u00f3n Emprendedora) 2011. Master Ejecutivo en Pol\u00edticas y Pr\u00e1cticas del Desarrollo, Graduate Institute, Geneva (IHEID. 2016-2017). Jefa de Proyectos, investigadora y profesora Auxiliar de la Estaci\u00f3n de Pastos y Forrajes \u201cIndio Hatuey\u201d. Ha acompa\u00f1ado a productores y actores locales involucrados en los procesos de gesti\u00f3n del desarrollo local en diversos municipios del pa\u00eds. Coordin\u00f3 el equipo Desarrollo Local de la Estaci\u00f3n Experimental de Pastos y Forrajes Indio Hatuey. Su trabajo aparece publicado en numerosos art\u00edculos en revista cient\u00edficas, as\u00ed como en libros. Actualmente se encuentra en fase de finalizaci\u00f3n del doctorado en Innovaci\u00f3n y Desarrollo Local.<\/p>\n<\/div><\/div>\n\n\n\n<p><\/p>\n","protected":false},"excerpt":{"rendered":"<p>Dr. Giraldo Jes\u00fas Mart\u00edn Mart\u00edn, Ing. Agr\u00f3nomo (1983) por la Universidad de Matanzas. Profesor de la Facultad de Agronom\u00eda de la Universidad de Matanzas (1983-1985). A partir de 1985 trabaja en la Estaci\u00f3n Experimental de Pastos y Forrajes \u201cIndio Hatuey\u201d, de la cual fue director entre 1997 &#8211; 2020. Doctor en Ciencias Agr\u00edcolas (2004). Es &hellip; <\/p>\n<p class=\"link-more\"><a href=\"http:\/\/cube-bioecon.org\/es\/socios-en-cuba\/equipo\/\" class=\"more-link\">Continuar leyendo<span class=\"screen-reader-text\"> \u00abEquipo\u00bb<\/span><\/a><\/p>\n","protected":false},"author":1,"featured_media":0,"parent":12,"menu_order":0,"comment_status":"closed","ping_status":"closed","template":"","meta":{"footnotes":""},"class_list":["post-69","page","type-page","status-publish","hentry"],"_links":{"self":[{"href":"http:\/\/cube-bioecon.org\/es\/wp-json\/wp\/v2\/pages\/69","targetHints":{"allow":["GET"]}}],"collection":[{"href":"http:\/\/cube-bioecon.org\/es\/wp-json\/wp\/v2\/pages"}],"about":[{"href":"http:\/\/cube-bioecon.org\/es\/wp-json\/wp\/v2\/types\/page"}],"author":[{"embeddable":true,"href":"http:\/\/cube-bioecon.org\/es\/wp-json\/wp\/v2\/users\/1"}],"replies":[{"embeddable":true,"href":"http:\/\/cube-bioecon.org\/es\/wp-json\/wp\/v2\/comments?post=69"}],"version-history":[{"count":1,"href":"http:\/\/cube-bioecon.org\/es\/wp-json\/wp\/v2\/pages\/69\/revisions"}],"predecessor-version":[{"id":72,"href":"http:\/\/cube-bioecon.org\/es\/wp-json\/wp\/v2\/pages\/69\/revisions\/72"}],"up":[{"embeddable":true,"href":"http:\/\/cube-bioecon.org\/es\/wp-json\/wp\/v2\/pages\/12"}],"wp:attachment":[{"href":"http:\/\/cube-bioecon.org\/es\/wp-json\/wp\/v2\/media?parent=69"}],"curies":[{"name":"wp","href":"https:\/\/api.w.org\/{rel}","templated":true}]}}