{"id":74,"date":"2021-07-16T09:28:42","date_gmt":"2021-07-16T09:28:42","guid":{"rendered":"http:\/\/cube-bioecon.org\/es\/?page_id=74"},"modified":"2022-05-11T08:28:57","modified_gmt":"2022-05-11T08:28:57","slug":"equipo-2","status":"publish","type":"page","link":"http:\/\/cube-bioecon.org\/es\/socios-en-cuba\/equipo-2\/","title":{"rendered":"Equipo"},"content":{"rendered":"\n<div class=\"wp-block-media-text alignwide is-stacked-on-mobile\" style=\"grid-template-columns:24% auto\"><figure class=\"wp-block-media-text__media\"><img loading=\"lazy\" decoding=\"async\" width=\"445\" height=\"453\" src=\"http:\/\/cube-bioecon.org\/es\/wp-content\/uploads\/sites\/2\/2021\/07\/Roberto-Garci\u0301a-Duen\u0303as.png\" alt=\"\" class=\"wp-image-123 size-full\" srcset=\"http:\/\/cube-bioecon.org\/es\/wp-content\/uploads\/sites\/2\/2021\/07\/Roberto-Garci\u0301a-Duen\u0303as.png 445w, http:\/\/cube-bioecon.org\/es\/wp-content\/uploads\/sites\/2\/2021\/07\/Roberto-Garci\u0301a-Duen\u0303as-295x300.png 295w\" sizes=\"auto, (max-width: 445px) 100vw, 445px\" \/><\/figure><div class=\"wp-block-media-text__content\">\n<p class=\"has-small-font-size\"><strong>Dr. Roberto Yasiel Garc\u00eda Due\u00f1as<\/strong>, Licenciado en Estudios Socioculturales (2008) y M\u00e1ster en Manejo Integrado de Zonas Costeras (2012) por la Universidad de Cienfuegos, Doctor en Ciencias Sociol\u00f3gicas (2019) por la Universidad Central \u201cMarta Abreu\u201d de Las Villas y Posdoc Writting Fellowship en la Universidad de Bonn (2019). Profesor Auxiliar de la Universidad de Cienfuegos y director del Centro de Estudios Socioculturales (CESOC). Ha coordinado desde 2013 proyectos de ciencia, tecnolog\u00eda e innovaci\u00f3n de car\u00e1cter institucional en tem\u00e1ticas vinculadas con el medioambiente y pr\u00e1cticas socioculturales. Tambi\u00e9n ha participado en proyectos de investigaci\u00f3n asociados a programas nacionales y en proyectos internacionales entre los que se encuentra IWECO.<\/p>\n<\/div><\/div>\n\n\n\n<p><\/p>\n\n\n\n<p><\/p>\n\n\n\n<div class=\"wp-block-media-text alignwide is-stacked-on-mobile\" style=\"grid-template-columns:24% auto\"><figure class=\"wp-block-media-text__media\"><img loading=\"lazy\" decoding=\"async\" width=\"768\" height=\"1024\" src=\"http:\/\/cube-bioecon.org\/es\/wp-content\/uploads\/sites\/2\/2022\/01\/Foto-Dunia-768x1024.jpg\" alt=\"\" class=\"wp-image-151 size-full\" srcset=\"http:\/\/cube-bioecon.org\/es\/wp-content\/uploads\/sites\/2\/2022\/01\/Foto-Dunia-768x1024.jpg 768w, http:\/\/cube-bioecon.org\/es\/wp-content\/uploads\/sites\/2\/2022\/01\/Foto-Dunia-225x300.jpg 225w, http:\/\/cube-bioecon.org\/es\/wp-content\/uploads\/sites\/2\/2022\/01\/Foto-Dunia-1152x1536.jpg 1152w, http:\/\/cube-bioecon.org\/es\/wp-content\/uploads\/sites\/2\/2022\/01\/Foto-Dunia-1536x2048.jpg 1536w, http:\/\/cube-bioecon.org\/es\/wp-content\/uploads\/sites\/2\/2022\/01\/Foto-Dunia-scaled.jpg 1920w\" sizes=\"auto, (max-width: 767px) 89vw, (max-width: 1000px) 54vw, (max-width: 1071px) 543px, 580px\" \/><\/figure><div class=\"wp-block-media-text__content\">\n<p class=\"has-small-font-size\"><strong>Dra. C. Dunia Mar\u00eda Garc\u00eda Lorenzo<\/strong>, Licenciada en Contabilidad y Finanzas por la Universidad Central \u201cMarta Abreu\u201d de Las Villas (1988); M\u00e1ster en Finanzas (1999) y Doctora en Ciencias Econ\u00f3micas (2001) por la Universidad de La Habana. Profesora Titular de la Facultad de Ciencias Econ\u00f3micas y colaboradora del Centro de Estudios de Energ\u00eda y Medio Ambiente (CEEMA). Forma parte del claustro de los programas doctorales en Desarrollo local y territorial y Tecnolog\u00edas energ\u00e9ticas e industriales sostenibles. Adem\u00e1s, es la coordinadora de la Especialidad en Gesti\u00f3n Contable y Financiera del Turismo. Ha publicado m\u00faltiples art\u00edculos en revistas nacionales y extranjeras indexadas en bases de datos de alto prestigio; y participado en dis\u00edmiles eventos nacionales e internacionales. Ha participado en varios proyectos de investigaci\u00f3n nacionales e internacionales, estos \u00faltimos en colaboraci\u00f3n con pa\u00edses como Suecia, B\u00e9lgica, Venezuela y Portugal. Actualmente se desempe\u00f1a como Vicerrectora de Investigaci\u00f3n y Posgrado de la Universidad de Cienfuegos y Jefa del Programa Territorial de Ciencia, Tecnolog\u00eda e Innovaci\u00f3n \u201cDesarrollo local y Territorio\u201d.<\/p>\n<\/div><\/div>\n\n\n\n<p><\/p>\n\n\n\n<div class=\"wp-block-media-text alignwide is-stacked-on-mobile\" style=\"grid-template-columns:25% auto\"><figure class=\"wp-block-media-text__media\"><img loading=\"lazy\" decoding=\"async\" width=\"1024\" height=\"999\" src=\"http:\/\/cube-bioecon.org\/es\/wp-content\/uploads\/sites\/2\/2022\/05\/WhatsApp-Image-2022-04-11-at-5.42.44-PM.jpeg\" alt=\"\" class=\"wp-image-165 size-full\" srcset=\"http:\/\/cube-bioecon.org\/es\/wp-content\/uploads\/sites\/2\/2022\/05\/WhatsApp-Image-2022-04-11-at-5.42.44-PM.jpeg 1024w, http:\/\/cube-bioecon.org\/es\/wp-content\/uploads\/sites\/2\/2022\/05\/WhatsApp-Image-2022-04-11-at-5.42.44-PM-300x293.jpeg 300w, http:\/\/cube-bioecon.org\/es\/wp-content\/uploads\/sites\/2\/2022\/05\/WhatsApp-Image-2022-04-11-at-5.42.44-PM-768x749.jpeg 768w\" sizes=\"auto, (max-width: 767px) 89vw, (max-width: 1000px) 54vw, (max-width: 1071px) 543px, 580px\" \/><\/figure><div class=\"wp-block-media-text__content\">\n<p class=\"has-small-font-size\"><strong>MsC. Erislandy Jos\u00e9 Becerra Fonseca<\/strong>, Ingeniero Agr\u00f3nomo (2017) y Master en Agricultura Sostenible (2020) por la Universidad de Cienfuegos. Profesor Asistente de la Universidad de Cienfuegos. Participa en proyecto Internacional Proyecto de Innovaci\u00f3n Agropecuaria Local (PIAL) y es coordinador Eje de Diversidad Gen\u00e9tica y Tecnol\u00f3gica. Tambi\u00e9n ha participado en proyectos de investigaci\u00f3n asociados a programas nacionales.<\/p>\n<\/div><\/div>\n\n\n\n<p><\/p>\n\n\n\n<div class=\"wp-block-media-text alignwide is-stacked-on-mobile\" style=\"grid-template-columns:25% auto\"><figure class=\"wp-block-media-text__media\"><img loading=\"lazy\" decoding=\"async\" width=\"748\" height=\"1024\" src=\"http:\/\/cube-bioecon.org\/es\/wp-content\/uploads\/sites\/2\/2022\/05\/WhatsApp-Image-2022-04-11-at-3.47.41-PM-748x1024.jpeg\" alt=\"\" class=\"wp-image-167 size-full\" srcset=\"http:\/\/cube-bioecon.org\/es\/wp-content\/uploads\/sites\/2\/2022\/05\/WhatsApp-Image-2022-04-11-at-3.47.41-PM-748x1024.jpeg 748w, http:\/\/cube-bioecon.org\/es\/wp-content\/uploads\/sites\/2\/2022\/05\/WhatsApp-Image-2022-04-11-at-3.47.41-PM-219x300.jpeg 219w, http:\/\/cube-bioecon.org\/es\/wp-content\/uploads\/sites\/2\/2022\/05\/WhatsApp-Image-2022-04-11-at-3.47.41-PM-768x1051.jpeg 768w, http:\/\/cube-bioecon.org\/es\/wp-content\/uploads\/sites\/2\/2022\/05\/WhatsApp-Image-2022-04-11-at-3.47.41-PM.jpeg 789w\" sizes=\"auto, (max-width: 706px) 89vw, (max-width: 767px) 82vw, 740px\" \/><\/figure><div class=\"wp-block-media-text__content\">\n<p class=\"has-small-font-size\"><strong>MsC. Mait\u00e9 Nodarse Castillo, <\/strong>Licenciada en Biolog\u00eda<strong> y <\/strong>Master en Manejo Integrado de Zonas costeras. Profesora auxiliar de la Universidad de Cienfuegos e investigadora del Centro de Estudios para la Transformaci\u00f3n Agraria Sostenible (CETAS). Coordinadora del proyecto sectorial \u201cDiagnostico y evaluaci\u00f3n econ\u00f3mica de los moluscos plagas en agroecosistemas\u201d.\u00a0 Miembro del grupo temporal del Ministerio de Educaci\u00f3n Superior de asesoramiento para la seguridad alimentaria. En la actualidad trabaja en el desarrollo del sistema de alerta temprana para los moluscos plagas en organop\u00f3nicos.\u00a0<\/p>\n<\/div><\/div>\n\n\n\n<p><\/p>\n","protected":false},"excerpt":{"rendered":"<p>Dr. Roberto Yasiel Garc\u00eda Due\u00f1as, Licenciado en Estudios Socioculturales (2008) y M\u00e1ster en Manejo Integrado de Zonas Costeras (2012) por la Universidad de Cienfuegos, Doctor en Ciencias Sociol\u00f3gicas (2019) por la Universidad Central \u201cMarta Abreu\u201d de Las Villas y Posdoc Writting Fellowship en la Universidad de Bonn (2019). Profesor Auxiliar de la Universidad de Cienfuegos &hellip; <\/p>\n<p class=\"link-more\"><a href=\"http:\/\/cube-bioecon.org\/es\/socios-en-cuba\/equipo-2\/\" class=\"more-link\">Continuar leyendo<span class=\"screen-reader-text\"> \u00abEquipo\u00bb<\/span><\/a><\/p>\n","protected":false},"author":1,"featured_media":0,"parent":12,"menu_order":0,"comment_status":"closed","ping_status":"closed","template":"","meta":{"footnotes":""},"class_list":["post-74","page","type-page","status-publish","hentry"],"_links":{"self":[{"href":"http:\/\/cube-bioecon.org\/es\/wp-json\/wp\/v2\/pages\/74","targetHints":{"allow":["GET"]}}],"collection":[{"href":"http:\/\/cube-bioecon.org\/es\/wp-json\/wp\/v2\/pages"}],"about":[{"href":"http:\/\/cube-bioecon.org\/es\/wp-json\/wp\/v2\/types\/page"}],"author":[{"embeddable":true,"href":"http:\/\/cube-bioecon.org\/es\/wp-json\/wp\/v2\/users\/1"}],"replies":[{"embeddable":true,"href":"http:\/\/cube-bioecon.org\/es\/wp-json\/wp\/v2\/comments?post=74"}],"version-history":[{"count":8,"href":"http:\/\/cube-bioecon.org\/es\/wp-json\/wp\/v2\/pages\/74\/revisions"}],"predecessor-version":[{"id":168,"href":"http:\/\/cube-bioecon.org\/es\/wp-json\/wp\/v2\/pages\/74\/revisions\/168"}],"up":[{"embeddable":true,"href":"http:\/\/cube-bioecon.org\/es\/wp-json\/wp\/v2\/pages\/12"}],"wp:attachment":[{"href":"http:\/\/cube-bioecon.org\/es\/wp-json\/wp\/v2\/media?parent=74"}],"curies":[{"name":"wp","href":"https:\/\/api.w.org\/{rel}","templated":true}]}}