{"id":79,"date":"2021-07-16T09:31:39","date_gmt":"2021-07-16T09:31:39","guid":{"rendered":"http:\/\/cube-bioecon.org\/es\/?page_id=79"},"modified":"2022-06-03T08:55:38","modified_gmt":"2022-06-03T08:55:38","slug":"equipo-3","status":"publish","type":"page","link":"http:\/\/cube-bioecon.org\/es\/socios-en-cuba\/equipo-3\/","title":{"rendered":"Equipo"},"content":{"rendered":"\n<div class=\"wp-block-media-text alignwide is-stacked-on-mobile\" style=\"grid-template-columns:26% auto\"><figure class=\"wp-block-media-text__media\"><img loading=\"lazy\" decoding=\"async\" width=\"394\" height=\"394\" src=\"http:\/\/cube-bioecon.org\/es\/wp-content\/uploads\/sites\/2\/2021\/07\/Jorge-Nunez-Jover-cientifico.jpg\" alt=\"\" class=\"wp-image-80 size-full\" srcset=\"http:\/\/cube-bioecon.org\/es\/wp-content\/uploads\/sites\/2\/2021\/07\/Jorge-Nunez-Jover-cientifico.jpg 394w, http:\/\/cube-bioecon.org\/es\/wp-content\/uploads\/sites\/2\/2021\/07\/Jorge-Nunez-Jover-cientifico-300x300.jpg 300w, http:\/\/cube-bioecon.org\/es\/wp-content\/uploads\/sites\/2\/2021\/07\/Jorge-Nunez-Jover-cientifico-150x150.jpg 150w, http:\/\/cube-bioecon.org\/es\/wp-content\/uploads\/sites\/2\/2021\/07\/Jorge-Nunez-Jover-cientifico-100x100.jpg 100w\" sizes=\"auto, (max-width: 394px) 100vw, 394px\" \/><\/figure><div class=\"wp-block-media-text__content\">\n<p class=\"has-small-font-size\"><strong>Dr. Jorge N\u00fa\u00f1ez Jover<\/strong>, Licenciado en Qu\u00edmica (1972) por la Universidad de La Habana; Doctor en Filosof\u00eda (1994). Profesor Titular de la Universidad de La Habana. Presidente de la C\u00e1tedra de Estudios Sociales de la Ciencia y La Tecnolog\u00eda (CTS+I). Coordinador acad\u00e9mico de la Red de Educaci\u00f3n Superior-Desarrollo Local de Cuba (GUCID). Consejero del Consejo Superior de FLACSO (Facultad Latinoamericana de Ciencias Sociales). Ha sido premiado en m\u00faltiples ocasiones: Premio de la Academia de Ciencias de Cuba en 2000, 2013, 2016 y 2019, Premio CLACSO (Consejo Latinoamericano de Ciencias Sociales) de \u201cEstudios de la Universidad\u201d 2010, y recibi\u00f3 la Orden Carlos J. Finlay, Premio al Conjunto de la Obra Cient\u00edfica. Es Profesor Honoris Causa de la Universidad de Cienfuegos, y autor de 24 libros y un centenar de art\u00edculos.<\/p>\n<\/div><\/div>\n\n\n\n<p><\/p>\n\n\n\n<div class=\"wp-block-media-text alignwide is-stacked-on-mobile\" style=\"grid-template-columns:26% auto\"><figure class=\"wp-block-media-text__media\"><img loading=\"lazy\" decoding=\"async\" width=\"285\" height=\"343\" src=\"http:\/\/cube-bioecon.org\/es\/wp-content\/uploads\/sites\/2\/2022\/06\/aurora.jpg\" alt=\"\" class=\"wp-image-174 size-full\" srcset=\"http:\/\/cube-bioecon.org\/es\/wp-content\/uploads\/sites\/2\/2022\/06\/aurora.jpg 285w, http:\/\/cube-bioecon.org\/es\/wp-content\/uploads\/sites\/2\/2022\/06\/aurora-249x300.jpg 249w\" sizes=\"auto, (max-width: 285px) 100vw, 285px\" \/><\/figure><div class=\"wp-block-media-text__content\">\n<p class=\"has-small-font-size\"><strong>Dra. Aurora M. Fern\u00e1ndez Gonz\u00e1lez<\/strong>, Ingeniera Industrial (1970) por la Universidad de La Habana, Doctora en Ciencias T\u00e9cnicas (1983) por la Universidad Polit\u00e9cnica de Poznan, Polonia. Profesora Titular y Profesora Em\u00e9rito por la Universidad Tecnol\u00f3gica de la Habana. Ha sido Viceministra de Educaci\u00f3n Superior en Cuba a cargo de las actividades de Posgrado, Ciencia, Tecnolog\u00eda e Innovaci\u00f3n (1999 \u2013 2019). Actualmente se desempe\u00f1a como Asesora del ministro de Educaci\u00f3n, coordina el Programa de Gesti\u00f3n Universitaria del Conocimiento y la Innovaci\u00f3n para el Desarrollo (GUCID) del Ministerio de Educaci\u00f3n Superior y es miembro de la C\u00e1tedra cubana e iberoamericana de Estudios Sociales de la Ciencia y la Tecnolog\u00eda (CTS+I) de la Universidad de La Habana. Realiza investigaci\u00f3n en temas de educaci\u00f3n superior y desarrollo territorial que han sido publicados en innumerables art\u00edculos y compendios sobre el tema.<\/p>\n<\/div><\/div>\n","protected":false},"excerpt":{"rendered":"<p>Dr. Jorge N\u00fa\u00f1ez Jover, Licenciado en Qu\u00edmica (1972) por la Universidad de La Habana; Doctor en Filosof\u00eda (1994). Profesor Titular de la Universidad de La Habana. Presidente de la C\u00e1tedra de Estudios Sociales de la Ciencia y La Tecnolog\u00eda (CTS+I). Coordinador acad\u00e9mico de la Red de Educaci\u00f3n Superior-Desarrollo Local de Cuba (GUCID). Consejero del Consejo &hellip; <\/p>\n<p class=\"link-more\"><a href=\"http:\/\/cube-bioecon.org\/es\/socios-en-cuba\/equipo-3\/\" class=\"more-link\">Continuar leyendo<span class=\"screen-reader-text\"> \u00abEquipo\u00bb<\/span><\/a><\/p>\n","protected":false},"author":1,"featured_media":0,"parent":12,"menu_order":0,"comment_status":"closed","ping_status":"closed","template":"","meta":{"footnotes":""},"class_list":["post-79","page","type-page","status-publish","hentry"],"_links":{"self":[{"href":"http:\/\/cube-bioecon.org\/es\/wp-json\/wp\/v2\/pages\/79","targetHints":{"allow":["GET"]}}],"collection":[{"href":"http:\/\/cube-bioecon.org\/es\/wp-json\/wp\/v2\/pages"}],"about":[{"href":"http:\/\/cube-bioecon.org\/es\/wp-json\/wp\/v2\/types\/page"}],"author":[{"embeddable":true,"href":"http:\/\/cube-bioecon.org\/es\/wp-json\/wp\/v2\/users\/1"}],"replies":[{"embeddable":true,"href":"http:\/\/cube-bioecon.org\/es\/wp-json\/wp\/v2\/comments?post=79"}],"version-history":[{"count":2,"href":"http:\/\/cube-bioecon.org\/es\/wp-json\/wp\/v2\/pages\/79\/revisions"}],"predecessor-version":[{"id":175,"href":"http:\/\/cube-bioecon.org\/es\/wp-json\/wp\/v2\/pages\/79\/revisions\/175"}],"up":[{"embeddable":true,"href":"http:\/\/cube-bioecon.org\/es\/wp-json\/wp\/v2\/pages\/12"}],"wp:attachment":[{"href":"http:\/\/cube-bioecon.org\/es\/wp-json\/wp\/v2\/media?parent=79"}],"curies":[{"name":"wp","href":"https:\/\/api.w.org\/{rel}","templated":true}]}}