{"id":87,"date":"2021-07-16T16:56:41","date_gmt":"2021-07-16T16:56:41","guid":{"rendered":"http:\/\/cube-bioecon.org\/es\/?page_id=87"},"modified":"2021-07-21T15:47:03","modified_gmt":"2021-07-21T15:47:03","slug":"de-que-se-trata-cube","status":"publish","type":"page","link":"http:\/\/cube-bioecon.org\/es\/leer-mas\/de-que-se-trata-cube\/","title":{"rendered":"\u00bfDe qu\u00e9 se trata CUBE?"},"content":{"rendered":"\n<figure class=\"wp-block-image size-large\"><img loading=\"lazy\" decoding=\"async\" width=\"1024\" height=\"683\" src=\"http:\/\/cube-bioecon.org\/es\/wp-content\/uploads\/sites\/2\/2021\/07\/boquerones-926-min-1024x683.jpg\" alt=\"\" class=\"wp-image-115\" srcset=\"http:\/\/cube-bioecon.org\/es\/wp-content\/uploads\/sites\/2\/2021\/07\/boquerones-926-min-1024x683.jpg 1024w, http:\/\/cube-bioecon.org\/es\/wp-content\/uploads\/sites\/2\/2021\/07\/boquerones-926-min-300x200.jpg 300w, http:\/\/cube-bioecon.org\/es\/wp-content\/uploads\/sites\/2\/2021\/07\/boquerones-926-min-768x512.jpg 768w, http:\/\/cube-bioecon.org\/es\/wp-content\/uploads\/sites\/2\/2021\/07\/boquerones-926-min-1536x1024.jpg 1536w, http:\/\/cube-bioecon.org\/es\/wp-content\/uploads\/sites\/2\/2021\/07\/boquerones-926-min-2048x1365.jpg 2048w\" sizes=\"auto, (max-width: 767px) 89vw, (max-width: 1000px) 54vw, (max-width: 1071px) 543px, 580px\" \/><\/figure>\n\n\n\n<p>CUBE apoya la transformaci\u00f3n hacia una agricultura basada en la producci\u00f3n y el uso sostenible de la biomasa y en redes de valor eficientes, y se gu\u00eda por los principios de inclusi\u00f3n, equidad y bienestar del pueblo cubano. De esta manera, el proyecto puede contribuir a la aplicaci\u00f3n de los Objetivos de <strong>Desarrollo Sostenible <\/strong>(SDG), en particular: 1. No a la pobreza; 2. No al hambre; 4. Educaci\u00f3n de calidad; 12. Consumo y producci\u00f3n sostenibles; 15. Vida en la tierra.<\/p>\n\n\n\n<p>El <strong>objetivo del <\/strong>CUBE es explorar formas de una bioeconom\u00eda que permita procesos de desarrollo territorial socialmente equilibrados.<\/p>\n\n\n\n<p>Operativamente, CUBE se sustenta en dos pilares conceptuales: el enfoque de sistemas y el de redes de valor (alternativo al de cadenas de valor). El primero asume que los sistemas de producci\u00f3n son complejos y est\u00e1n interconectados. Y el segundo que, en lugar de optimizar la producci\u00f3n de un producto (visi\u00f3n lineal), explorar varias alternativas simult\u00e1neamente (visi\u00f3n reticular) es m\u00e1s beneficioso y sostenible. Ambos conceptos son complementarios y han sido aplicados anteriormente en estudios de bioeconom\u00eda.<\/p>\n\n\n\n<p>CUBE se ejecutar\u00e1 en cuatro fases sucesivas: 1. Antecedentes y establecimiento de la l\u00ednea base; 2. Identificaci\u00f3n de cultivos\/sistemas de producci\u00f3n locales; 3. Integraci\u00f3n, definici\u00f3n de escenarios y an\u00e1lisis; y 4. Consolidaci\u00f3n y seguimiento.<\/p>\n","protected":false},"excerpt":{"rendered":"<p>CUBE apoya la transformaci\u00f3n hacia una agricultura basada en la producci\u00f3n y el uso sostenible de la biomasa y en redes de valor eficientes, y se gu\u00eda por los principios de inclusi\u00f3n, equidad y bienestar del pueblo cubano. De esta manera, el proyecto puede contribuir a la aplicaci\u00f3n de los Objetivos de Desarrollo Sostenible (SDG), &hellip; <\/p>\n<p class=\"link-more\"><a href=\"http:\/\/cube-bioecon.org\/es\/leer-mas\/de-que-se-trata-cube\/\" class=\"more-link\">Continuar leyendo<span class=\"screen-reader-text\"> \u00ab\u00bfDe qu\u00e9 se trata CUBE?\u00bb<\/span><\/a><\/p>\n","protected":false},"author":1,"featured_media":0,"parent":14,"menu_order":0,"comment_status":"closed","ping_status":"closed","template":"","meta":{"footnotes":""},"class_list":["post-87","page","type-page","status-publish","hentry"],"_links":{"self":[{"href":"http:\/\/cube-bioecon.org\/es\/wp-json\/wp\/v2\/pages\/87","targetHints":{"allow":["GET"]}}],"collection":[{"href":"http:\/\/cube-bioecon.org\/es\/wp-json\/wp\/v2\/pages"}],"about":[{"href":"http:\/\/cube-bioecon.org\/es\/wp-json\/wp\/v2\/types\/page"}],"author":[{"embeddable":true,"href":"http:\/\/cube-bioecon.org\/es\/wp-json\/wp\/v2\/users\/1"}],"replies":[{"embeddable":true,"href":"http:\/\/cube-bioecon.org\/es\/wp-json\/wp\/v2\/comments?post=87"}],"version-history":[{"count":3,"href":"http:\/\/cube-bioecon.org\/es\/wp-json\/wp\/v2\/pages\/87\/revisions"}],"predecessor-version":[{"id":116,"href":"http:\/\/cube-bioecon.org\/es\/wp-json\/wp\/v2\/pages\/87\/revisions\/116"}],"up":[{"embeddable":true,"href":"http:\/\/cube-bioecon.org\/es\/wp-json\/wp\/v2\/pages\/14"}],"wp:attachment":[{"href":"http:\/\/cube-bioecon.org\/es\/wp-json\/wp\/v2\/media?parent=87"}],"curies":[{"name":"wp","href":"https:\/\/api.w.org\/{rel}","templated":true}]}}