{"id":90,"date":"2021-07-16T16:57:39","date_gmt":"2021-07-16T16:57:39","guid":{"rendered":"http:\/\/cube-bioecon.org\/es\/?page_id=90"},"modified":"2021-07-21T15:47:33","modified_gmt":"2021-07-21T15:47:33","slug":"quienes-participan","status":"publish","type":"page","link":"http:\/\/cube-bioecon.org\/es\/leer-mas\/quienes-participan\/","title":{"rendered":"\u00bfQui\u00e9nes participan?"},"content":{"rendered":"\n<figure class=\"wp-block-image size-large\"><img loading=\"lazy\" decoding=\"async\" width=\"1024\" height=\"683\" src=\"http:\/\/cube-bioecon.org\/es\/wp-content\/uploads\/sites\/2\/2021\/07\/taller-y-otras-feb-2011-062-min-1024x683.jpg\" alt=\"\" class=\"wp-image-106\" srcset=\"http:\/\/cube-bioecon.org\/es\/wp-content\/uploads\/sites\/2\/2021\/07\/taller-y-otras-feb-2011-062-min-1024x683.jpg 1024w, http:\/\/cube-bioecon.org\/es\/wp-content\/uploads\/sites\/2\/2021\/07\/taller-y-otras-feb-2011-062-min-300x200.jpg 300w, http:\/\/cube-bioecon.org\/es\/wp-content\/uploads\/sites\/2\/2021\/07\/taller-y-otras-feb-2011-062-min-768x512.jpg 768w, http:\/\/cube-bioecon.org\/es\/wp-content\/uploads\/sites\/2\/2021\/07\/taller-y-otras-feb-2011-062-min-1536x1024.jpg 1536w, http:\/\/cube-bioecon.org\/es\/wp-content\/uploads\/sites\/2\/2021\/07\/taller-y-otras-feb-2011-062-min-2048x1365.jpg 2048w\" sizes=\"auto, (max-width: 767px) 89vw, (max-width: 1000px) 54vw, (max-width: 1071px) 543px, 580px\" \/><\/figure>\n\n\n\n<p>En el marco del proyecto CUBE, los socios alemanes trabajan estrechamente con tres socios centrales cubanos. Son subdepartamentos o estaciones de investigaci\u00f3n de tres universidades cubanas diferentes. Tambi\u00e9n est\u00e1 asociada una instituci\u00f3n de capacitaci\u00f3n y extensi\u00f3n perteneciente al Ministerio de la Agricultura cubano. En adici\u00f3n, participan actores claves relevantes para la elaboraci\u00f3n de estrategias de bioeconom\u00eda que permitan procesos de desarrollo territorial socialmente equilibrados.<\/p>\n","protected":false},"excerpt":{"rendered":"<p>En el marco del proyecto CUBE, los socios alemanes trabajan estrechamente con tres socios centrales cubanos. Son subdepartamentos o estaciones de investigaci\u00f3n de tres universidades cubanas diferentes. Tambi\u00e9n est\u00e1 asociada una instituci\u00f3n de capacitaci\u00f3n y extensi\u00f3n perteneciente al Ministerio de la Agricultura cubano. En adici\u00f3n, participan actores claves relevantes para la elaboraci\u00f3n de estrategias de &hellip; <\/p>\n<p class=\"link-more\"><a href=\"http:\/\/cube-bioecon.org\/es\/leer-mas\/quienes-participan\/\" class=\"more-link\">Continuar leyendo<span class=\"screen-reader-text\"> \u00ab\u00bfQui\u00e9nes participan?\u00bb<\/span><\/a><\/p>\n","protected":false},"author":1,"featured_media":0,"parent":14,"menu_order":0,"comment_status":"closed","ping_status":"closed","template":"","meta":{"footnotes":""},"class_list":["post-90","page","type-page","status-publish","hentry"],"_links":{"self":[{"href":"http:\/\/cube-bioecon.org\/es\/wp-json\/wp\/v2\/pages\/90","targetHints":{"allow":["GET"]}}],"collection":[{"href":"http:\/\/cube-bioecon.org\/es\/wp-json\/wp\/v2\/pages"}],"about":[{"href":"http:\/\/cube-bioecon.org\/es\/wp-json\/wp\/v2\/types\/page"}],"author":[{"embeddable":true,"href":"http:\/\/cube-bioecon.org\/es\/wp-json\/wp\/v2\/users\/1"}],"replies":[{"embeddable":true,"href":"http:\/\/cube-bioecon.org\/es\/wp-json\/wp\/v2\/comments?post=90"}],"version-history":[{"count":3,"href":"http:\/\/cube-bioecon.org\/es\/wp-json\/wp\/v2\/pages\/90\/revisions"}],"predecessor-version":[{"id":117,"href":"http:\/\/cube-bioecon.org\/es\/wp-json\/wp\/v2\/pages\/90\/revisions\/117"}],"up":[{"embeddable":true,"href":"http:\/\/cube-bioecon.org\/es\/wp-json\/wp\/v2\/pages\/14"}],"wp:attachment":[{"href":"http:\/\/cube-bioecon.org\/es\/wp-json\/wp\/v2\/media?parent=90"}],"curies":[{"name":"wp","href":"https:\/\/api.w.org\/{rel}","templated":true}]}}