{"id":93,"date":"2021-07-16T16:58:37","date_gmt":"2021-07-16T16:58:37","guid":{"rendered":"http:\/\/cube-bioecon.org\/es\/?page_id=93"},"modified":"2021-07-21T15:48:11","modified_gmt":"2021-07-21T15:48:11","slug":"cube-para-quien","status":"publish","type":"page","link":"http:\/\/cube-bioecon.org\/es\/leer-mas\/de-que-se-trata-cube\/cube-para-quien\/","title":{"rendered":"CUBE \u00bfpara qu\u00e9?"},"content":{"rendered":"\n<figure class=\"wp-block-image size-large\"><img loading=\"lazy\" decoding=\"async\" width=\"1024\" height=\"683\" src=\"http:\/\/cube-bioecon.org\/es\/wp-content\/uploads\/sites\/2\/2021\/07\/taller-y-otras-feb-2011-100-min-1-1024x683.jpg\" alt=\"\" class=\"wp-image-104\" srcset=\"http:\/\/cube-bioecon.org\/es\/wp-content\/uploads\/sites\/2\/2021\/07\/taller-y-otras-feb-2011-100-min-1-1024x683.jpg 1024w, http:\/\/cube-bioecon.org\/es\/wp-content\/uploads\/sites\/2\/2021\/07\/taller-y-otras-feb-2011-100-min-1-300x200.jpg 300w, http:\/\/cube-bioecon.org\/es\/wp-content\/uploads\/sites\/2\/2021\/07\/taller-y-otras-feb-2011-100-min-1-768x512.jpg 768w, http:\/\/cube-bioecon.org\/es\/wp-content\/uploads\/sites\/2\/2021\/07\/taller-y-otras-feb-2011-100-min-1-1536x1024.jpg 1536w, http:\/\/cube-bioecon.org\/es\/wp-content\/uploads\/sites\/2\/2021\/07\/taller-y-otras-feb-2011-100-min-1-2048x1365.jpg 2048w\" sizes=\"auto, (max-width: 767px) 89vw, (max-width: 1000px) 54vw, (max-width: 1071px) 543px, 580px\" \/><\/figure>\n\n\n\n<p>El valor a\u00f1adido de la cooperaci\u00f3n internacional a trav\u00e9s del CUBE se manifiesta en la creaci\u00f3n de bases de conocimiento transdisciplinarias para la identificaci\u00f3n de iniciativas sostenibles y posibles caminos hacia la bioeconom\u00eda como base para el desarrollo territorial, as\u00ed como para la identificaci\u00f3n de cuellos de botella institucionales, sociales, t\u00e9cnicos y de gesti\u00f3n.<\/p>\n\n\n\n<p>CUBE tambi\u00e9n iniciar\u00e1 el intercambio y el fortalecimiento mutuo entre los actores cubanos y alemanes de la ciencia y la pr\u00e1ctica. En una fase ulterior y como continuaci\u00f3n de la investigaci\u00f3n bioecon\u00f3mica en Cuba, se prev\u00e9 abrir oportunidades de formaci\u00f3n para j\u00f3venes cient\u00edficos mediante intercambios acad\u00e9micos y estudios de doctorado, aprovechando la experiencia del programa internacional BIGS-DR de la ZEF.<\/p>\n\n\n\n<p>Por \u00faltimo, mediante la publicaci\u00f3n de sus resultados, el CUBE tambi\u00e9n contribuir\u00e1 al debate internacional sobre c\u00f3mo desarrollar bioeconom\u00edas sostenibles y funcionales en los pa\u00edses de ingresos bajos y medios.<\/p>\n","protected":false},"excerpt":{"rendered":"<p>El valor a\u00f1adido de la cooperaci\u00f3n internacional a trav\u00e9s del CUBE se manifiesta en la creaci\u00f3n de bases de conocimiento transdisciplinarias para la identificaci\u00f3n de iniciativas sostenibles y posibles caminos hacia la bioeconom\u00eda como base para el desarrollo territorial, as\u00ed como para la identificaci\u00f3n de cuellos de botella institucionales, sociales, t\u00e9cnicos y de gesti\u00f3n. CUBE &hellip; <\/p>\n<p class=\"link-more\"><a href=\"http:\/\/cube-bioecon.org\/es\/leer-mas\/de-que-se-trata-cube\/cube-para-quien\/\" class=\"more-link\">Continuar leyendo<span class=\"screen-reader-text\"> \u00abCUBE \u00bfpara qu\u00e9?\u00bb<\/span><\/a><\/p>\n","protected":false},"author":1,"featured_media":0,"parent":87,"menu_order":0,"comment_status":"closed","ping_status":"closed","template":"","meta":{"footnotes":""},"class_list":["post-93","page","type-page","status-publish","hentry"],"_links":{"self":[{"href":"http:\/\/cube-bioecon.org\/es\/wp-json\/wp\/v2\/pages\/93","targetHints":{"allow":["GET"]}}],"collection":[{"href":"http:\/\/cube-bioecon.org\/es\/wp-json\/wp\/v2\/pages"}],"about":[{"href":"http:\/\/cube-bioecon.org\/es\/wp-json\/wp\/v2\/types\/page"}],"author":[{"embeddable":true,"href":"http:\/\/cube-bioecon.org\/es\/wp-json\/wp\/v2\/users\/1"}],"replies":[{"embeddable":true,"href":"http:\/\/cube-bioecon.org\/es\/wp-json\/wp\/v2\/comments?post=93"}],"version-history":[{"count":3,"href":"http:\/\/cube-bioecon.org\/es\/wp-json\/wp\/v2\/pages\/93\/revisions"}],"predecessor-version":[{"id":118,"href":"http:\/\/cube-bioecon.org\/es\/wp-json\/wp\/v2\/pages\/93\/revisions\/118"}],"up":[{"embeddable":true,"href":"http:\/\/cube-bioecon.org\/es\/wp-json\/wp\/v2\/pages\/87"}],"wp:attachment":[{"href":"http:\/\/cube-bioecon.org\/es\/wp-json\/wp\/v2\/media?parent=93"}],"curies":[{"name":"wp","href":"https:\/\/api.w.org\/{rel}","templated":true}]}}