{"id":96,"date":"2021-07-16T17:00:02","date_gmt":"2021-07-16T17:00:02","guid":{"rendered":"http:\/\/cube-bioecon.org\/es\/?page_id=96"},"modified":"2021-10-18T13:32:05","modified_gmt":"2021-10-18T13:32:05","slug":"donde-trabajamos","status":"publish","type":"page","link":"http:\/\/cube-bioecon.org\/es\/leer-mas\/donde-trabajamos\/","title":{"rendered":"\u00bfD\u00f3nde trabajamos?"},"content":{"rendered":"\n<p>Trabajamos en tres provincias en Cuba: Matanzas, Cienfuegos y Holgu\u00edn, que cubren la regi\u00f3n occidental, central y oriental del pa\u00eds.<\/p>\n\n\n\n<figure class=\"wp-block-image size-large is-resized\"><img loading=\"lazy\" decoding=\"async\" src=\"http:\/\/cube-bioecon.org\/es\/wp-content\/uploads\/sites\/2\/2021\/10\/cuba-1024x724.png\" alt=\"\" class=\"wp-image-141\" width=\"660\" height=\"466\" srcset=\"http:\/\/cube-bioecon.org\/es\/wp-content\/uploads\/sites\/2\/2021\/10\/cuba-1024x724.png 1024w, http:\/\/cube-bioecon.org\/es\/wp-content\/uploads\/sites\/2\/2021\/10\/cuba-300x212.png 300w, http:\/\/cube-bioecon.org\/es\/wp-content\/uploads\/sites\/2\/2021\/10\/cuba-768x543.png 768w, http:\/\/cube-bioecon.org\/es\/wp-content\/uploads\/sites\/2\/2021\/10\/cuba.png 1169w\" sizes=\"auto, (max-width: 660px) 100vw, 660px\" \/><\/figure>\n","protected":false},"excerpt":{"rendered":"<p>Trabajamos en tres provincias en Cuba: Matanzas, Cienfuegos y Holgu\u00edn, que cubren la regi\u00f3n occidental, central y oriental del pa\u00eds.<\/p>\n","protected":false},"author":1,"featured_media":0,"parent":14,"menu_order":0,"comment_status":"closed","ping_status":"closed","template":"","meta":{"footnotes":""},"class_list":["post-96","page","type-page","status-publish","hentry"],"_links":{"self":[{"href":"http:\/\/cube-bioecon.org\/es\/wp-json\/wp\/v2\/pages\/96","targetHints":{"allow":["GET"]}}],"collection":[{"href":"http:\/\/cube-bioecon.org\/es\/wp-json\/wp\/v2\/pages"}],"about":[{"href":"http:\/\/cube-bioecon.org\/es\/wp-json\/wp\/v2\/types\/page"}],"author":[{"embeddable":true,"href":"http:\/\/cube-bioecon.org\/es\/wp-json\/wp\/v2\/users\/1"}],"replies":[{"embeddable":true,"href":"http:\/\/cube-bioecon.org\/es\/wp-json\/wp\/v2\/comments?post=96"}],"version-history":[{"count":3,"href":"http:\/\/cube-bioecon.org\/es\/wp-json\/wp\/v2\/pages\/96\/revisions"}],"predecessor-version":[{"id":142,"href":"http:\/\/cube-bioecon.org\/es\/wp-json\/wp\/v2\/pages\/96\/revisions\/142"}],"up":[{"embeddable":true,"href":"http:\/\/cube-bioecon.org\/es\/wp-json\/wp\/v2\/pages\/14"}],"wp:attachment":[{"href":"http:\/\/cube-bioecon.org\/es\/wp-json\/wp\/v2\/media?parent=96"}],"curies":[{"name":"wp","href":"https:\/\/api.w.org\/{rel}","templated":true}]}}